{"id":3913,"date":"2022-05-10T22:31:28","date_gmt":"2022-05-10T22:31:28","guid":{"rendered":"https:\/\/roel.testarcane.com\/product\/the-spectrum-gobelet-en-grain-de-bois\/"},"modified":"2022-05-11T17:48:58","modified_gmt":"2022-05-11T17:48:58","slug":"the-spectrum-gobelet-en-grain-de-bois","status":"publish","type":"product","link":"https:\/\/roel.testarcane.com\/fr\/produit\/the-spectrum-gobelet-en-grain-de-bois\/","title":{"rendered":"The Spectrum &#8211; Gobelet en grain de bois"},"content":{"rendered":"<ul>\n<li>Taille d&rsquo;impression|Bient\u00f4t disponible<\/li>\n<li>Frais d&rsquo;installation|par emplacement<\/li>\n<li>Informations|Ext\u00e9rieur et int\u00e9rieur en acrylique SAN grain de bois<\/li>\n<li>Informations|Couvercle \u00e0 visser, anti-\u00e9claboussures et verrouillable<\/li>\n<li>Information|Le manchon en similicuir garde la boisson au frais et les mains au sec<\/li>\n<li>Informations|Le design \u00e9l\u00e9gant s&rsquo;adapte \u00e0 la plupart des porte-gobelets<\/li>\n<li>Informations|Sans BPA<\/li>\n<li>Zone d&rsquo;impression|Bient\u00f4t disponible<\/li>\n<li>\n<\/li>\n<\/ul>\n<p>&nbsp;<\/p>\n","protected":false},"excerpt":{"rendered":"<p>Taille d&rsquo;impression|Bient\u00f4t disponible Frais d&rsquo;installation|par emplacement Informations|Ext\u00e9rieur et int\u00e9rieur en acrylique SAN grain de bois Informations|Couvercle \u00e0 visser, anti-\u00e9claboussures et verrouillable Information|Le manchon en similicuir garde la boisson au frais et les mains au sec Informations|Le design \u00e9l\u00e9gant s&rsquo;adapte \u00e0 la plupart des porte-gobelets Informations|Sans BPA Zone d&rsquo;impression|Bient\u00f4t disponible &nbsp;<\/p>\n","protected":false},"featured_media":1677,"comment_status":"closed","ping_status":"open","template":"","meta":[],"product_cat":[853,850,854,824,856,855],"product_tag":[457],"tiered_pricing_type":"fixed","tiered_pricing_fixed_rules":[],"tiered_pricing_percentage_rules":[],"tiered_pricing_minimum":1,"_administrator_tiered_pricing_type":"fixed","_administrator_tiered_pricing_fixed_rules":[],"_editor_tiered_pricing_type":"fixed","_editor_tiered_pricing_fixed_rules":[],"_author_tiered_pricing_type":"fixed","_author_tiered_pricing_fixed_rules":[],"_contributor_tiered_pricing_type":"fixed","_contributor_tiered_pricing_fixed_rules":[],"_subscriber_tiered_pricing_type":"fixed","_subscriber_tiered_pricing_fixed_rules":[],"_customer_tiered_pricing_type":"fixed","_customer_tiered_pricing_fixed_rules":[],"_shop_manager_tiered_pricing_type":"fixed","_shop_manager_tiered_pricing_fixed_rules":[],"_links":{"self":[{"href":"https:\/\/roel.testarcane.com\/fr\/wp-json\/wp\/v2\/product\/3913"}],"collection":[{"href":"https:\/\/roel.testarcane.com\/fr\/wp-json\/wp\/v2\/product"}],"about":[{"href":"https:\/\/roel.testarcane.com\/fr\/wp-json\/wp\/v2\/types\/product"}],"replies":[{"embeddable":true,"href":"https:\/\/roel.testarcane.com\/fr\/wp-json\/wp\/v2\/comments?post=3913"}],"wp:featuredmedia":[{"embeddable":true,"href":"https:\/\/roel.testarcane.com\/fr\/wp-json\/wp\/v2\/media\/1677"}],"wp:attachment":[{"href":"https:\/\/roel.testarcane.com\/fr\/wp-json\/wp\/v2\/media?parent=3913"}],"wp:term":[{"taxonomy":"product_cat","embeddable":true,"href":"https:\/\/roel.testarcane.com\/fr\/wp-json\/wp\/v2\/product_cat?post=3913"},{"taxonomy":"product_tag","embeddable":true,"href":"https:\/\/roel.testarcane.com\/fr\/wp-json\/wp\/v2\/product_tag?post=3913"}],"curies":[{"name":"wp","href":"https:\/\/api.w.org\/{rel}","templated":true}]}}