{"id":3892,"date":"2022-05-10T22:31:55","date_gmt":"2022-05-10T22:31:55","guid":{"rendered":"https:\/\/roel.testarcane.com\/product\/the-slab-mug-en-marbre\/"},"modified":"2022-05-11T17:48:54","modified_gmt":"2022-05-11T17:48:54","slug":"the-slab-mug-en-marbre","status":"publish","type":"product","link":"https:\/\/roel.testarcane.com\/fr\/produit\/the-slab-mug-en-marbre\/","title":{"rendered":"The Slab &#8211; Mug en marbre"},"content":{"rendered":"<ul>\n<li>Taille d&rsquo;impression|2&Prime; X 2,5 IN<\/li>\n<li>Capacit\u00e9|16 onces<\/li>\n<li>Mat\u00e9riel|C\u00e9ramique<\/li>\n<li>Frais d&rsquo;installation|Par couleur\/par emplacement<\/li>\n<li>Pr\u00e9cipitez-vous|Veuillez contacter le service client<\/li>\n<li>Information|Design \u00e9l\u00e9gamment marbr\u00e9.<\/li>\n<li>Informations|Poign\u00e9e \u00e0 prise facile.<\/li>\n<li>\n \t<\/li>\n<li>\n<\/li>\n<\/ul>\n<p>&nbsp;<\/p>\n","protected":false},"excerpt":{"rendered":"<p>Taille d&rsquo;impression|2&Prime; X 2,5 IN Capacit\u00e9|16 onces Mat\u00e9riel|C\u00e9ramique Frais d&rsquo;installation|Par couleur\/par emplacement Pr\u00e9cipitez-vous|Veuillez contacter le service client Information|Design \u00e9l\u00e9gamment marbr\u00e9. Informations|Poign\u00e9e \u00e0 prise facile. &nbsp;<\/p>\n","protected":false},"featured_media":1174,"comment_status":"closed","ping_status":"open","template":"","meta":[],"product_cat":[865,823,850,854,824,849,855],"product_tag":[527],"tiered_pricing_type":"fixed","tiered_pricing_fixed_rules":[],"tiered_pricing_percentage_rules":[],"tiered_pricing_minimum":1,"_administrator_tiered_pricing_type":"fixed","_administrator_tiered_pricing_fixed_rules":[],"_editor_tiered_pricing_type":"fixed","_editor_tiered_pricing_fixed_rules":[],"_author_tiered_pricing_type":"fixed","_author_tiered_pricing_fixed_rules":[],"_contributor_tiered_pricing_type":"fixed","_contributor_tiered_pricing_fixed_rules":[],"_subscriber_tiered_pricing_type":"fixed","_subscriber_tiered_pricing_fixed_rules":[],"_customer_tiered_pricing_type":"fixed","_customer_tiered_pricing_fixed_rules":[],"_shop_manager_tiered_pricing_type":"fixed","_shop_manager_tiered_pricing_fixed_rules":[],"_links":{"self":[{"href":"https:\/\/roel.testarcane.com\/fr\/wp-json\/wp\/v2\/product\/3892"}],"collection":[{"href":"https:\/\/roel.testarcane.com\/fr\/wp-json\/wp\/v2\/product"}],"about":[{"href":"https:\/\/roel.testarcane.com\/fr\/wp-json\/wp\/v2\/types\/product"}],"replies":[{"embeddable":true,"href":"https:\/\/roel.testarcane.com\/fr\/wp-json\/wp\/v2\/comments?post=3892"}],"wp:featuredmedia":[{"embeddable":true,"href":"https:\/\/roel.testarcane.com\/fr\/wp-json\/wp\/v2\/media\/1174"}],"wp:attachment":[{"href":"https:\/\/roel.testarcane.com\/fr\/wp-json\/wp\/v2\/media?parent=3892"}],"wp:term":[{"taxonomy":"product_cat","embeddable":true,"href":"https:\/\/roel.testarcane.com\/fr\/wp-json\/wp\/v2\/product_cat?post=3892"},{"taxonomy":"product_tag","embeddable":true,"href":"https:\/\/roel.testarcane.com\/fr\/wp-json\/wp\/v2\/product_tag?post=3892"}],"curies":[{"name":"wp","href":"https:\/\/api.w.org\/{rel}","templated":true}]}}