{"id":3880,"date":"2022-05-10T22:31:22","date_gmt":"2022-05-10T22:31:22","guid":{"rendered":"https:\/\/roel.testarcane.com\/product\/cle-web\/"},"modified":"2022-05-11T17:48:59","modified_gmt":"2022-05-11T17:48:59","slug":"cle-web","status":"publish","type":"product","link":"https:\/\/roel.testarcane.com\/fr\/produit\/cle-web\/","title":{"rendered":"CL\u00c9 WEB"},"content":{"rendered":"<ul>\n<li>Avantage principal : le prix est bien inf\u00e9rieur \u00e0 celui d&rsquo;une cl\u00e9 USB normale car elle n&rsquo;a pas de m\u00e9moire.<\/li>\n<li>Retour sur investissement : Cr\u00e9ez de nouvelles campagnes en ajoutant un webkee \u00e0 votre support print et redirigez des prospects vers votre site<\/li>\n<li>Diffusez physiquement l&rsquo;acc\u00e8s \u00e0 vos documents en ligne : CV, carte de visite, brochures, catalogues, mode d&#8217;emploi, site internet, etc.<\/li>\n<li>universel : il fonctionne avec tous les syst\u00e8mes d&rsquo;exploitation (sauf Linux)<\/li>\n<li>Frais d&rsquo;installation|par couleur\/par emplacement<\/li>\n<li>Zone d&rsquo;impression|Bient\u00f4t disponible<\/li>\n<li>Taille d&rsquo;impression|Bient\u00f4t disponible<\/li>\n<li>rush|Veuillez contacter le service client.<\/li>\n<li>\n<\/li>\n<\/ul>\n<p>&nbsp;<\/p>\n","protected":false},"excerpt":{"rendered":"<p>Avantage principal : le prix est bien inf\u00e9rieur \u00e0 celui d&rsquo;une cl\u00e9 USB normale car elle n&rsquo;a pas de m\u00e9moire. Retour sur investissement : Cr\u00e9ez de nouvelles campagnes en ajoutant un webkee \u00e0 votre support print et redirigez des prospects vers votre site Diffusez physiquement l&rsquo;acc\u00e8s \u00e0 vos documents en ligne : CV, carte de [&hellip;]<\/p>\n","protected":false},"featured_media":0,"comment_status":"closed","ping_status":"open","template":"","meta":[],"product_cat":[816,815,829,824,836],"product_tag":[403],"tiered_pricing_type":"fixed","tiered_pricing_fixed_rules":[],"tiered_pricing_percentage_rules":[],"tiered_pricing_minimum":1,"_administrator_tiered_pricing_type":"fixed","_administrator_tiered_pricing_fixed_rules":[],"_editor_tiered_pricing_type":"fixed","_editor_tiered_pricing_fixed_rules":[],"_author_tiered_pricing_type":"fixed","_author_tiered_pricing_fixed_rules":[],"_contributor_tiered_pricing_type":"fixed","_contributor_tiered_pricing_fixed_rules":[],"_subscriber_tiered_pricing_type":"fixed","_subscriber_tiered_pricing_fixed_rules":[],"_customer_tiered_pricing_type":"fixed","_customer_tiered_pricing_fixed_rules":[],"_shop_manager_tiered_pricing_type":"fixed","_shop_manager_tiered_pricing_fixed_rules":[],"_links":{"self":[{"href":"https:\/\/roel.testarcane.com\/fr\/wp-json\/wp\/v2\/product\/3880"}],"collection":[{"href":"https:\/\/roel.testarcane.com\/fr\/wp-json\/wp\/v2\/product"}],"about":[{"href":"https:\/\/roel.testarcane.com\/fr\/wp-json\/wp\/v2\/types\/product"}],"replies":[{"embeddable":true,"href":"https:\/\/roel.testarcane.com\/fr\/wp-json\/wp\/v2\/comments?post=3880"}],"wp:attachment":[{"href":"https:\/\/roel.testarcane.com\/fr\/wp-json\/wp\/v2\/media?parent=3880"}],"wp:term":[{"taxonomy":"product_cat","embeddable":true,"href":"https:\/\/roel.testarcane.com\/fr\/wp-json\/wp\/v2\/product_cat?post=3880"},{"taxonomy":"product_tag","embeddable":true,"href":"https:\/\/roel.testarcane.com\/fr\/wp-json\/wp\/v2\/product_tag?post=3880"}],"curies":[{"name":"wp","href":"https:\/\/api.w.org\/{rel}","templated":true}]}}