{"id":3876,"date":"2022-05-10T22:32:15","date_gmt":"2022-05-10T22:32:15","guid":{"rendered":"https:\/\/roel.testarcane.com\/product\/laurora-ceramique-mouchetee-robuste\/"},"modified":"2022-05-11T17:48:50","modified_gmt":"2022-05-11T17:48:50","slug":"laurora-ceramique-mouchetee-robuste","status":"publish","type":"product","link":"https:\/\/roel.testarcane.com\/fr\/produit\/laurora-ceramique-mouchetee-robuste\/","title":{"rendered":"L&rsquo;Aurora &#8211; C\u00e9ramique mouchet\u00e9e robuste"},"content":{"rendered":"<ul>\n<li>Taille d&rsquo;impression|2&Prime; x 3,31 IN<\/li>\n<li>Capacit\u00e9|14 onces<\/li>\n<li>Frais d&rsquo;installation|Par couleur\/par emplacement<\/li>\n<li>Pr\u00e9cipitez-vous|Veuillez contacter le service client<\/li>\n<li>Information|Le design r\u00e9tro en granit de cette tasse fera ressortir votre logo dans la foule.<\/li>\n<li>Information|Le mug pr\u00e9sente une gla\u00e7ure mouchet\u00e9e et un halo noir autour du bord.<\/li>\n<li>Information|La construction en c\u00e9ramique robuste vous offre une longue dur\u00e9e de vie.<\/li>\n<li>\n \t<\/li>\n<li>\n<\/li>\n<\/ul>\n<p>&nbsp;<\/p>\n","protected":false},"excerpt":{"rendered":"<p>Taille d&rsquo;impression|2&Prime; x 3,31 IN Capacit\u00e9|14 onces Frais d&rsquo;installation|Par couleur\/par emplacement Pr\u00e9cipitez-vous|Veuillez contacter le service client Information|Le design r\u00e9tro en granit de cette tasse fera ressortir votre logo dans la foule. Information|Le mug pr\u00e9sente une gla\u00e7ure mouchet\u00e9e et un halo noir autour du bord. Information|La construction en c\u00e9ramique robuste vous offre une longue dur\u00e9e de [&hellip;]<\/p>\n","protected":false},"featured_media":1131,"comment_status":"closed","ping_status":"open","template":"","meta":[],"product_cat":[865,823,850,854,824,849,855],"product_tag":[527],"tiered_pricing_type":"fixed","tiered_pricing_fixed_rules":[],"tiered_pricing_percentage_rules":[],"tiered_pricing_minimum":1,"_administrator_tiered_pricing_type":"fixed","_administrator_tiered_pricing_fixed_rules":[],"_editor_tiered_pricing_type":"fixed","_editor_tiered_pricing_fixed_rules":[],"_author_tiered_pricing_type":"fixed","_author_tiered_pricing_fixed_rules":[],"_contributor_tiered_pricing_type":"fixed","_contributor_tiered_pricing_fixed_rules":[],"_subscriber_tiered_pricing_type":"fixed","_subscriber_tiered_pricing_fixed_rules":[],"_customer_tiered_pricing_type":"fixed","_customer_tiered_pricing_fixed_rules":[],"_shop_manager_tiered_pricing_type":"fixed","_shop_manager_tiered_pricing_fixed_rules":[],"_links":{"self":[{"href":"https:\/\/roel.testarcane.com\/fr\/wp-json\/wp\/v2\/product\/3876"}],"collection":[{"href":"https:\/\/roel.testarcane.com\/fr\/wp-json\/wp\/v2\/product"}],"about":[{"href":"https:\/\/roel.testarcane.com\/fr\/wp-json\/wp\/v2\/types\/product"}],"replies":[{"embeddable":true,"href":"https:\/\/roel.testarcane.com\/fr\/wp-json\/wp\/v2\/comments?post=3876"}],"wp:featuredmedia":[{"embeddable":true,"href":"https:\/\/roel.testarcane.com\/fr\/wp-json\/wp\/v2\/media\/1131"}],"wp:attachment":[{"href":"https:\/\/roel.testarcane.com\/fr\/wp-json\/wp\/v2\/media?parent=3876"}],"wp:term":[{"taxonomy":"product_cat","embeddable":true,"href":"https:\/\/roel.testarcane.com\/fr\/wp-json\/wp\/v2\/product_cat?post=3876"},{"taxonomy":"product_tag","embeddable":true,"href":"https:\/\/roel.testarcane.com\/fr\/wp-json\/wp\/v2\/product_tag?post=3876"}],"curies":[{"name":"wp","href":"https:\/\/api.w.org\/{rel}","templated":true}]}}