{"id":3862,"date":"2022-05-10T22:31:22","date_gmt":"2022-05-10T22:31:22","guid":{"rendered":"https:\/\/roel.testarcane.com\/product\/neo-metro-tote-porte-documents-pour-ordinateur\/"},"modified":"2022-05-11T17:48:59","modified_gmt":"2022-05-11T17:48:59","slug":"neo-metro-tote-porte-documents-pour-ordinateur","status":"publish","type":"product","link":"https:\/\/roel.testarcane.com\/fr\/produit\/neo-metro-tote-porte-documents-pour-ordinateur\/","title":{"rendered":"Neo Metro Tote &#8211; Porte-documents pour ordinateur"},"content":{"rendered":"<ul>\n<li>Frais d&rsquo;installation|par couleur\/par emplacement<\/li>\n<li>Pr\u00e9cipitez-vous|Veuillez contacter le service client<\/li>\n<li>informationPoche frontale zipp\u00e9e avec organisateur de luxe pour prot\u00e9ger tous vos appareils \u00e9lectroniques dans une doublure en peluche anti-rayures<\/li>\n<li>Information|Poche de rangement spacieuse \u00e0 l&rsquo;avant pour acc\u00e9der rapidement aux accessoires<\/li>\n<li>Informations|Poche arri\u00e8re ouverte<\/li>\n<li>Informations|Sac \u00e0 bandouli\u00e8re doux et l\u00e9ger<\/li>\n<li>Taille d&rsquo;impression|Bient\u00f4t disponible<\/li>\n<li>\n \t<\/li>\n<li>\n<\/li>\n<\/ul>\n<p>&nbsp;<\/p>\n","protected":false},"excerpt":{"rendered":"<p>Code : CCCCCC <br \/>Une toile propre pour votre marque &#8211; avec un bel accent \u00e0 ajouter&nbsp;! Ce style classique avec une attention aux d\u00e9tails est tout ce dont votre marque a besoin pour durer !<\/p>\n","protected":false},"featured_media":864,"comment_status":"closed","ping_status":"open","template":"","meta":[],"product_cat":[869,858,850,826,851,824,857],"product_tag":[403],"tiered_pricing_type":"fixed","tiered_pricing_fixed_rules":[],"tiered_pricing_percentage_rules":[],"tiered_pricing_minimum":1,"_administrator_tiered_pricing_type":"fixed","_administrator_tiered_pricing_fixed_rules":[],"_editor_tiered_pricing_type":"fixed","_editor_tiered_pricing_fixed_rules":[],"_author_tiered_pricing_type":"fixed","_author_tiered_pricing_fixed_rules":[],"_contributor_tiered_pricing_type":"fixed","_contributor_tiered_pricing_fixed_rules":[],"_subscriber_tiered_pricing_type":"fixed","_subscriber_tiered_pricing_fixed_rules":[],"_customer_tiered_pricing_type":"fixed","_customer_tiered_pricing_fixed_rules":[],"_shop_manager_tiered_pricing_type":"fixed","_shop_manager_tiered_pricing_fixed_rules":[],"_links":{"self":[{"href":"https:\/\/roel.testarcane.com\/fr\/wp-json\/wp\/v2\/product\/3862"}],"collection":[{"href":"https:\/\/roel.testarcane.com\/fr\/wp-json\/wp\/v2\/product"}],"about":[{"href":"https:\/\/roel.testarcane.com\/fr\/wp-json\/wp\/v2\/types\/product"}],"replies":[{"embeddable":true,"href":"https:\/\/roel.testarcane.com\/fr\/wp-json\/wp\/v2\/comments?post=3862"}],"wp:featuredmedia":[{"embeddable":true,"href":"https:\/\/roel.testarcane.com\/fr\/wp-json\/wp\/v2\/media\/864"}],"wp:attachment":[{"href":"https:\/\/roel.testarcane.com\/fr\/wp-json\/wp\/v2\/media?parent=3862"}],"wp:term":[{"taxonomy":"product_cat","embeddable":true,"href":"https:\/\/roel.testarcane.com\/fr\/wp-json\/wp\/v2\/product_cat?post=3862"},{"taxonomy":"product_tag","embeddable":true,"href":"https:\/\/roel.testarcane.com\/fr\/wp-json\/wp\/v2\/product_tag?post=3862"}],"curies":[{"name":"wp","href":"https:\/\/api.w.org\/{rel}","templated":true}]}}