{"id":3861,"date":"2022-05-10T22:31:42","date_gmt":"2022-05-10T22:31:42","guid":{"rendered":"https:\/\/roel.testarcane.com\/product\/lexcursion-imageview-chaud\/"},"modified":"2022-05-11T17:48:56","modified_gmt":"2022-05-11T17:48:56","slug":"lexcursion-imageview-chaud","status":"publish","type":"product","link":"https:\/\/roel.testarcane.com\/fr\/produit\/lexcursion-imageview-chaud\/","title":{"rendered":"L&rsquo;Excursion &#8211; ImageView &#8211; Chaud"},"content":{"rendered":"<ul>\n<li>Frais d&rsquo;installation|par logo en quadrichromie<\/li>\n<li>Pr\u00e9cipitez-vous|Veuillez contacter le service client<\/li>\n<li>Informations|Couche int\u00e9rieure et ext\u00e9rieure en acrylique SAN<\/li>\n<li>Informations|Isolation double paroi<\/li>\n<li>Informations|Le design \u00e9l\u00e9gant s&rsquo;adapte \u00e0 la plupart des porte-gobelets<\/li>\n<li>Information|Le couvercle en deux parties se s\u00e9pare pour un nettoyage facile<\/li>\n<li>Informations|Sans BPA<\/li>\n<li>Zone d&rsquo;impression|Bient\u00f4t disponible<\/li>\n<li>\n<\/li>\n<\/ul>\n<p>&nbsp;<\/p>\n","protected":false},"excerpt":{"rendered":"<p>Frais d&rsquo;installation|par logo en quadrichromie Pr\u00e9cipitez-vous|Veuillez contacter le service client Informations|Couche int\u00e9rieure et ext\u00e9rieure en acrylique SAN Informations|Isolation double paroi Informations|Le design \u00e9l\u00e9gant s&rsquo;adapte \u00e0 la plupart des porte-gobelets Information|Le couvercle en deux parties se s\u00e9pare pour un nettoyage facile Informations|Sans BPA Zone d&rsquo;impression|Bient\u00f4t disponible &nbsp;<\/p>\n","protected":false},"featured_media":1426,"comment_status":"closed","ping_status":"open","template":"","meta":[],"product_cat":[853,841,820,850,854,824,856,855],"product_tag":[403],"tiered_pricing_type":"fixed","tiered_pricing_fixed_rules":[],"tiered_pricing_percentage_rules":[],"tiered_pricing_minimum":1,"_administrator_tiered_pricing_type":"fixed","_administrator_tiered_pricing_fixed_rules":[],"_editor_tiered_pricing_type":"fixed","_editor_tiered_pricing_fixed_rules":[],"_author_tiered_pricing_type":"fixed","_author_tiered_pricing_fixed_rules":[],"_contributor_tiered_pricing_type":"fixed","_contributor_tiered_pricing_fixed_rules":[],"_subscriber_tiered_pricing_type":"fixed","_subscriber_tiered_pricing_fixed_rules":[],"_customer_tiered_pricing_type":"fixed","_customer_tiered_pricing_fixed_rules":[],"_shop_manager_tiered_pricing_type":"fixed","_shop_manager_tiered_pricing_fixed_rules":[],"_links":{"self":[{"href":"https:\/\/roel.testarcane.com\/fr\/wp-json\/wp\/v2\/product\/3861"}],"collection":[{"href":"https:\/\/roel.testarcane.com\/fr\/wp-json\/wp\/v2\/product"}],"about":[{"href":"https:\/\/roel.testarcane.com\/fr\/wp-json\/wp\/v2\/types\/product"}],"replies":[{"embeddable":true,"href":"https:\/\/roel.testarcane.com\/fr\/wp-json\/wp\/v2\/comments?post=3861"}],"wp:featuredmedia":[{"embeddable":true,"href":"https:\/\/roel.testarcane.com\/fr\/wp-json\/wp\/v2\/media\/1426"}],"wp:attachment":[{"href":"https:\/\/roel.testarcane.com\/fr\/wp-json\/wp\/v2\/media?parent=3861"}],"wp:term":[{"taxonomy":"product_cat","embeddable":true,"href":"https:\/\/roel.testarcane.com\/fr\/wp-json\/wp\/v2\/product_cat?post=3861"},{"taxonomy":"product_tag","embeddable":true,"href":"https:\/\/roel.testarcane.com\/fr\/wp-json\/wp\/v2\/product_tag?post=3861"}],"curies":[{"name":"wp","href":"https:\/\/api.w.org\/{rel}","templated":true}]}}