{"id":3850,"date":"2022-05-10T22:32:02","date_gmt":"2022-05-10T22:32:02","guid":{"rendered":"https:\/\/roel.testarcane.com\/product\/le-spectre-24-oz-gourde-tritan\/"},"modified":"2022-05-11T17:48:53","modified_gmt":"2022-05-11T17:48:53","slug":"le-spectre-24-oz-gourde-tritan","status":"publish","type":"product","link":"https:\/\/roel.testarcane.com\/fr\/produit\/le-spectre-24-oz-gourde-tritan\/","title":{"rendered":"Le spectre &#8211; 24 oz. Gourde Tritan"},"content":{"rendered":"<ul>\n<li>Zone d&rsquo;impression|Bient\u00f4t disponible<\/li>\n<li>Taille d&rsquo;impression|Bient\u00f4t disponible<\/li>\n<li>Rush|Veuillez contacter le service client.<\/li>\n<li>Informations|Sans BPA<\/li>\n<li>Information|Visser, r\u00e9sistant aux \u00e9claboussures, rabattable, boire par le bec<\/li>\n<li>Information|Comprend une paille qui permet aux utilisateurs d&rsquo;avoir des options de boisson<\/li>\n<li>Information|Le manchon en n\u00e9opr\u00e8ne garde la boisson au frais et les mains au sec<\/li>\n<li>Information|Sangle de transport articul\u00e9e avec fermoir<\/li>\n<li>\n<\/li>\n<\/ul>\n<p>&nbsp;<\/p>\n","protected":false},"excerpt":{"rendered":"<p>Zone d&rsquo;impression|Bient\u00f4t disponible Taille d&rsquo;impression|Bient\u00f4t disponible Rush|Veuillez contacter le service client. Informations|Sans BPA Information|Visser, r\u00e9sistant aux \u00e9claboussures, rabattable, boire par le bec Information|Comprend une paille qui permet aux utilisateurs d&rsquo;avoir des options de boisson Information|Le manchon en n\u00e9opr\u00e8ne garde la boisson au frais et les mains au sec Information|Sangle de transport articul\u00e9e avec fermoir &nbsp;<\/p>\n","protected":false},"featured_media":1622,"comment_status":"closed","ping_status":"open","template":"","meta":[],"product_cat":[864,850,854,824,819,855],"product_tag":[403],"tiered_pricing_type":"fixed","tiered_pricing_fixed_rules":[],"tiered_pricing_percentage_rules":[],"tiered_pricing_minimum":1,"_administrator_tiered_pricing_type":"fixed","_administrator_tiered_pricing_fixed_rules":[],"_editor_tiered_pricing_type":"fixed","_editor_tiered_pricing_fixed_rules":[],"_author_tiered_pricing_type":"fixed","_author_tiered_pricing_fixed_rules":[],"_contributor_tiered_pricing_type":"fixed","_contributor_tiered_pricing_fixed_rules":[],"_subscriber_tiered_pricing_type":"fixed","_subscriber_tiered_pricing_fixed_rules":[],"_customer_tiered_pricing_type":"fixed","_customer_tiered_pricing_fixed_rules":[],"_shop_manager_tiered_pricing_type":"fixed","_shop_manager_tiered_pricing_fixed_rules":[],"_links":{"self":[{"href":"https:\/\/roel.testarcane.com\/fr\/wp-json\/wp\/v2\/product\/3850"}],"collection":[{"href":"https:\/\/roel.testarcane.com\/fr\/wp-json\/wp\/v2\/product"}],"about":[{"href":"https:\/\/roel.testarcane.com\/fr\/wp-json\/wp\/v2\/types\/product"}],"replies":[{"embeddable":true,"href":"https:\/\/roel.testarcane.com\/fr\/wp-json\/wp\/v2\/comments?post=3850"}],"wp:featuredmedia":[{"embeddable":true,"href":"https:\/\/roel.testarcane.com\/fr\/wp-json\/wp\/v2\/media\/1622"}],"wp:attachment":[{"href":"https:\/\/roel.testarcane.com\/fr\/wp-json\/wp\/v2\/media?parent=3850"}],"wp:term":[{"taxonomy":"product_cat","embeddable":true,"href":"https:\/\/roel.testarcane.com\/fr\/wp-json\/wp\/v2\/product_cat?post=3850"},{"taxonomy":"product_tag","embeddable":true,"href":"https:\/\/roel.testarcane.com\/fr\/wp-json\/wp\/v2\/product_tag?post=3850"}],"curies":[{"name":"wp","href":"https:\/\/api.w.org\/{rel}","templated":true}]}}