{"id":3848,"date":"2022-05-10T22:32:22","date_gmt":"2022-05-10T22:32:22","guid":{"rendered":"https:\/\/roel.testarcane.com\/product\/the-glint-gobelet-a-double-paroi-en-acrylique\/"},"modified":"2022-05-11T17:48:50","modified_gmt":"2022-05-11T17:48:50","slug":"the-glint-gobelet-a-double-paroi-en-acrylique","status":"publish","type":"product","link":"https:\/\/roel.testarcane.com\/fr\/produit\/the-glint-gobelet-a-double-paroi-en-acrylique\/","title":{"rendered":"The Glint &#8211; Gobelet \u00e0 double paroi en acrylique"},"content":{"rendered":"<ul>\n<li>Taille d&rsquo;impression|4.5&Prime; X 3 IN<\/li>\n<li>Capacit\u00e9|21 onces<\/li>\n<li>Mat\u00e9riel|Acier inoxydable et acrylique<\/li>\n<li>Frais d&rsquo;installation|Par couleur\/par emplacement<\/li>\n<li>Pr\u00e9cipitez-vous|Veuillez contacter le service client<\/li>\n<li>Information|Int\u00e9rieur isol\u00e9 en acier inoxydable \u00e0 double paroi.<\/li>\n<li>Information|Ext\u00e9rieur en acrylique transparent.<\/li>\n<li>Informations|Appuyez sur\/faites glisser le couvercle transparent pour l&rsquo;ouvrir.<\/li>\n<li>\n<\/li>\n<\/ul>\n<p>&nbsp;<\/p>\n","protected":false},"excerpt":{"rendered":"<p>Taille d&rsquo;impression|4.5&Prime; X 3 IN Capacit\u00e9|21 onces Mat\u00e9riel|Acier inoxydable et acrylique Frais d&rsquo;installation|Par couleur\/par emplacement Pr\u00e9cipitez-vous|Veuillez contacter le service client Information|Int\u00e9rieur isol\u00e9 en acier inoxydable \u00e0 double paroi. Information|Ext\u00e9rieur en acrylique transparent. Informations|Appuyez sur\/faites glisser le couvercle transparent pour l&rsquo;ouvrir. &nbsp;<\/p>\n","protected":false},"featured_media":1593,"comment_status":"closed","ping_status":"open","template":"","meta":[],"product_cat":[830,831,850,854,824,856,855],"product_tag":[403],"tiered_pricing_type":"fixed","tiered_pricing_fixed_rules":[],"tiered_pricing_percentage_rules":[],"tiered_pricing_minimum":1,"_administrator_tiered_pricing_type":"fixed","_administrator_tiered_pricing_fixed_rules":[],"_editor_tiered_pricing_type":"fixed","_editor_tiered_pricing_fixed_rules":[],"_author_tiered_pricing_type":"fixed","_author_tiered_pricing_fixed_rules":[],"_contributor_tiered_pricing_type":"fixed","_contributor_tiered_pricing_fixed_rules":[],"_subscriber_tiered_pricing_type":"fixed","_subscriber_tiered_pricing_fixed_rules":[],"_customer_tiered_pricing_type":"fixed","_customer_tiered_pricing_fixed_rules":[],"_shop_manager_tiered_pricing_type":"fixed","_shop_manager_tiered_pricing_fixed_rules":[],"_links":{"self":[{"href":"https:\/\/roel.testarcane.com\/fr\/wp-json\/wp\/v2\/product\/3848"}],"collection":[{"href":"https:\/\/roel.testarcane.com\/fr\/wp-json\/wp\/v2\/product"}],"about":[{"href":"https:\/\/roel.testarcane.com\/fr\/wp-json\/wp\/v2\/types\/product"}],"replies":[{"embeddable":true,"href":"https:\/\/roel.testarcane.com\/fr\/wp-json\/wp\/v2\/comments?post=3848"}],"wp:featuredmedia":[{"embeddable":true,"href":"https:\/\/roel.testarcane.com\/fr\/wp-json\/wp\/v2\/media\/1593"}],"wp:attachment":[{"href":"https:\/\/roel.testarcane.com\/fr\/wp-json\/wp\/v2\/media?parent=3848"}],"wp:term":[{"taxonomy":"product_cat","embeddable":true,"href":"https:\/\/roel.testarcane.com\/fr\/wp-json\/wp\/v2\/product_cat?post=3848"},{"taxonomy":"product_tag","embeddable":true,"href":"https:\/\/roel.testarcane.com\/fr\/wp-json\/wp\/v2\/product_tag?post=3848"}],"curies":[{"name":"wp","href":"https:\/\/api.w.org\/{rel}","templated":true}]}}