{"id":3844,"date":"2022-05-10T22:31:28","date_gmt":"2022-05-10T22:31:28","guid":{"rendered":"https:\/\/roel.testarcane.com\/product\/the-controller-organisateur-de-voyage-en-cuir\/"},"modified":"2022-05-11T17:48:57","modified_gmt":"2022-05-11T17:48:57","slug":"the-controller-organisateur-de-voyage-en-cuir","status":"publish","type":"product","link":"https:\/\/roel.testarcane.com\/fr\/produit\/the-controller-organisateur-de-voyage-en-cuir\/","title":{"rendered":"The Controller \u2013 Organisateur de voyage en cuir"},"content":{"rendered":"<ul>\n<li>Frais d&rsquo;installation|par emplacement<\/li>\n<li>Pr\u00e9cipitez-vous|Veuillez contacter le service client<\/li>\n<li>Informations|Porte-stylo<\/li>\n<li>Zone d&rsquo;impression|Bient\u00f4t disponible<\/li>\n<li>Taille d&rsquo;impression|Bient\u00f4t disponible<\/li>\n<li>Informations|Fen\u00eatre ID<\/li>\n<li>Informations|1 poche zipp\u00e9e<\/li>\n<li>Informations|5 poches multifonctions<\/li>\n<li>\n<\/li>\n<\/ul>\n<p>&nbsp;<\/p>\n","protected":false},"excerpt":{"rendered":"<p>Frais d&rsquo;installation|par emplacement Pr\u00e9cipitez-vous|Veuillez contacter le service client Informations|Porte-stylo Zone d&rsquo;impression|Bient\u00f4t disponible Taille d&rsquo;impression|Bient\u00f4t disponible Informations|Fen\u00eatre ID Informations|1 poche zipp\u00e9e Informations|5 poches multifonctions &nbsp;<\/p>\n","protected":false},"featured_media":2059,"comment_status":"closed","ping_status":"open","template":"","meta":[],"product_cat":[866,833,832,820,823,850,854,824],"product_tag":[474],"tiered_pricing_type":"fixed","tiered_pricing_fixed_rules":[],"tiered_pricing_percentage_rules":[],"tiered_pricing_minimum":1,"_administrator_tiered_pricing_type":"fixed","_administrator_tiered_pricing_fixed_rules":[],"_editor_tiered_pricing_type":"fixed","_editor_tiered_pricing_fixed_rules":[],"_author_tiered_pricing_type":"fixed","_author_tiered_pricing_fixed_rules":[],"_contributor_tiered_pricing_type":"fixed","_contributor_tiered_pricing_fixed_rules":[],"_subscriber_tiered_pricing_type":"fixed","_subscriber_tiered_pricing_fixed_rules":[],"_customer_tiered_pricing_type":"fixed","_customer_tiered_pricing_fixed_rules":[],"_shop_manager_tiered_pricing_type":"fixed","_shop_manager_tiered_pricing_fixed_rules":[],"_links":{"self":[{"href":"https:\/\/roel.testarcane.com\/fr\/wp-json\/wp\/v2\/product\/3844"}],"collection":[{"href":"https:\/\/roel.testarcane.com\/fr\/wp-json\/wp\/v2\/product"}],"about":[{"href":"https:\/\/roel.testarcane.com\/fr\/wp-json\/wp\/v2\/types\/product"}],"replies":[{"embeddable":true,"href":"https:\/\/roel.testarcane.com\/fr\/wp-json\/wp\/v2\/comments?post=3844"}],"wp:featuredmedia":[{"embeddable":true,"href":"https:\/\/roel.testarcane.com\/fr\/wp-json\/wp\/v2\/media\/2059"}],"wp:attachment":[{"href":"https:\/\/roel.testarcane.com\/fr\/wp-json\/wp\/v2\/media?parent=3844"}],"wp:term":[{"taxonomy":"product_cat","embeddable":true,"href":"https:\/\/roel.testarcane.com\/fr\/wp-json\/wp\/v2\/product_cat?post=3844"},{"taxonomy":"product_tag","embeddable":true,"href":"https:\/\/roel.testarcane.com\/fr\/wp-json\/wp\/v2\/product_tag?post=3844"}],"curies":[{"name":"wp","href":"https:\/\/api.w.org\/{rel}","templated":true}]}}