{"id":3838,"date":"2022-05-10T22:32:02","date_gmt":"2022-05-10T22:32:02","guid":{"rendered":"https:\/\/roel.testarcane.com\/product\/le-stonehenge-parapluie-compact-a-ouverture-et-fermeture-automatiques\/"},"modified":"2022-05-11T17:48:53","modified_gmt":"2022-05-11T17:48:53","slug":"le-stonehenge-parapluie-compact-a-ouverture-et-fermeture-automatiques","status":"publish","type":"product","link":"https:\/\/roel.testarcane.com\/fr\/produit\/le-stonehenge-parapluie-compact-a-ouverture-et-fermeture-automatiques\/","title":{"rendered":"Le Stonehenge &#8211; Parapluie compact \u00e0 ouverture et fermeture automatiques"},"content":{"rendered":"<ul>\n<li>Taille d&rsquo;impression|7&Prime; WX 3&Prime; H<\/li>\n<li>Frais d&rsquo;installation|par couleur\/par emplacement<\/li>\n<li>Information|S&rsquo;ouvre et se ferme automatiquement d&rsquo;une simple pression sur un bouton<\/li>\n<li>Informations|Conception coupe-vent<\/li>\n<li>Informations|Dragonne incluse pour un transport facile et une s\u00e9curit\u00e9 accrue<\/li>\n<li>Informations|Mat\u00e9riau pong\u00e9<\/li>\n<li>Informations|Manchette assortie incluse<\/li>\n<li>Zone d&rsquo;impression | Centr\u00e9 \u00e0 1,25&Prime; du bas du panneau<\/li>\n<li>\n<\/li>\n<\/ul>\n<p>&nbsp;<\/p>\n","protected":false},"excerpt":{"rendered":"<p>Taille d&rsquo;impression|7&Prime; WX 3&Prime; H Frais d&rsquo;installation|par couleur\/par emplacement Information|S&rsquo;ouvre et se ferme automatiquement d&rsquo;une simple pression sur un bouton Informations|Conception coupe-vent Informations|Dragonne incluse pour un transport facile et une s\u00e9curit\u00e9 accrue Informations|Mat\u00e9riau pong\u00e9 Informations|Manchette assortie incluse Zone d&rsquo;impression | Centr\u00e9 \u00e0 1,25&Prime; du bas du panneau &nbsp;<\/p>\n","protected":false},"featured_media":934,"comment_status":"closed","ping_status":"closed","template":"","meta":[],"product_cat":[846,821,859,824],"product_tag":[403],"tiered_pricing_type":"fixed","tiered_pricing_fixed_rules":[],"tiered_pricing_percentage_rules":[],"tiered_pricing_minimum":1,"_administrator_tiered_pricing_type":"fixed","_administrator_tiered_pricing_fixed_rules":[],"_editor_tiered_pricing_type":"fixed","_editor_tiered_pricing_fixed_rules":[],"_author_tiered_pricing_type":"fixed","_author_tiered_pricing_fixed_rules":[],"_contributor_tiered_pricing_type":"fixed","_contributor_tiered_pricing_fixed_rules":[],"_subscriber_tiered_pricing_type":"fixed","_subscriber_tiered_pricing_fixed_rules":[],"_customer_tiered_pricing_type":"fixed","_customer_tiered_pricing_fixed_rules":[],"_shop_manager_tiered_pricing_type":"fixed","_shop_manager_tiered_pricing_fixed_rules":[],"_links":{"self":[{"href":"https:\/\/roel.testarcane.com\/fr\/wp-json\/wp\/v2\/product\/3838"}],"collection":[{"href":"https:\/\/roel.testarcane.com\/fr\/wp-json\/wp\/v2\/product"}],"about":[{"href":"https:\/\/roel.testarcane.com\/fr\/wp-json\/wp\/v2\/types\/product"}],"replies":[{"embeddable":true,"href":"https:\/\/roel.testarcane.com\/fr\/wp-json\/wp\/v2\/comments?post=3838"}],"wp:featuredmedia":[{"embeddable":true,"href":"https:\/\/roel.testarcane.com\/fr\/wp-json\/wp\/v2\/media\/934"}],"wp:attachment":[{"href":"https:\/\/roel.testarcane.com\/fr\/wp-json\/wp\/v2\/media?parent=3838"}],"wp:term":[{"taxonomy":"product_cat","embeddable":true,"href":"https:\/\/roel.testarcane.com\/fr\/wp-json\/wp\/v2\/product_cat?post=3838"},{"taxonomy":"product_tag","embeddable":true,"href":"https:\/\/roel.testarcane.com\/fr\/wp-json\/wp\/v2\/product_tag?post=3838"}],"curies":[{"name":"wp","href":"https:\/\/api.w.org\/{rel}","templated":true}]}}