{"id":3837,"date":"2022-05-10T22:31:28","date_gmt":"2022-05-10T22:31:28","guid":{"rendered":"https:\/\/roel.testarcane.com\/product\/the-traveler-organisateur-de-voyage-en-cuir\/"},"modified":"2022-05-11T17:48:57","modified_gmt":"2022-05-11T17:48:57","slug":"the-traveler-organisateur-de-voyage-en-cuir","status":"publish","type":"product","link":"https:\/\/roel.testarcane.com\/fr\/produit\/the-traveler-organisateur-de-voyage-en-cuir\/","title":{"rendered":"The Traveler &#8211; Organisateur de voyage en cuir"},"content":{"rendered":"<ul>\n<li>Taille d&rsquo;impression|Bient\u00f4t disponible<\/li>\n<li>Frais d&rsquo;installation|par emplacement<\/li>\n<li>Information|4 poches pleine longueur pour billets d&rsquo;avion, monnaie, ch\u00e8ques de voyage, etc.<\/li>\n<li>Information|Pochette pour la monnaie<\/li>\n<li>Information|Porte-monnaie\/ch\u00e8que de voyage d\u00e9tachable \u00e0 utiliser comme portefeuille ind\u00e9pendant<\/li>\n<li>Informations|Fermeture zipp\u00e9e<\/li>\n<li>Informations|Poche arri\u00e8re sans rabat<\/li>\n<li>Informations|Fen\u00eatre d&rsquo;identification<\/li>\n<li>\n<\/li>\n<\/ul>\n<p>&nbsp;<\/p>\n","protected":false},"excerpt":{"rendered":"<p>Code : CCCCCC <br \/>Une toile propre pour votre marque &#8211; avec un bel accent \u00e0 ajouter&nbsp;! Ce style classique avec une attention aux d\u00e9tails est tout ce dont votre marque a besoin pour durer !<\/p>\n","protected":false},"featured_media":2044,"comment_status":"closed","ping_status":"open","template":"","meta":[],"product_cat":[866,833,832,820,823,850,854,824],"product_tag":[474],"tiered_pricing_type":"fixed","tiered_pricing_fixed_rules":[],"tiered_pricing_percentage_rules":[],"tiered_pricing_minimum":1,"_administrator_tiered_pricing_type":"fixed","_administrator_tiered_pricing_fixed_rules":[],"_editor_tiered_pricing_type":"fixed","_editor_tiered_pricing_fixed_rules":[],"_author_tiered_pricing_type":"fixed","_author_tiered_pricing_fixed_rules":[],"_contributor_tiered_pricing_type":"fixed","_contributor_tiered_pricing_fixed_rules":[],"_subscriber_tiered_pricing_type":"fixed","_subscriber_tiered_pricing_fixed_rules":[],"_customer_tiered_pricing_type":"fixed","_customer_tiered_pricing_fixed_rules":[],"_shop_manager_tiered_pricing_type":"fixed","_shop_manager_tiered_pricing_fixed_rules":[],"_links":{"self":[{"href":"https:\/\/roel.testarcane.com\/fr\/wp-json\/wp\/v2\/product\/3837"}],"collection":[{"href":"https:\/\/roel.testarcane.com\/fr\/wp-json\/wp\/v2\/product"}],"about":[{"href":"https:\/\/roel.testarcane.com\/fr\/wp-json\/wp\/v2\/types\/product"}],"replies":[{"embeddable":true,"href":"https:\/\/roel.testarcane.com\/fr\/wp-json\/wp\/v2\/comments?post=3837"}],"wp:featuredmedia":[{"embeddable":true,"href":"https:\/\/roel.testarcane.com\/fr\/wp-json\/wp\/v2\/media\/2044"}],"wp:attachment":[{"href":"https:\/\/roel.testarcane.com\/fr\/wp-json\/wp\/v2\/media?parent=3837"}],"wp:term":[{"taxonomy":"product_cat","embeddable":true,"href":"https:\/\/roel.testarcane.com\/fr\/wp-json\/wp\/v2\/product_cat?post=3837"},{"taxonomy":"product_tag","embeddable":true,"href":"https:\/\/roel.testarcane.com\/fr\/wp-json\/wp\/v2\/product_tag?post=3837"}],"curies":[{"name":"wp","href":"https:\/\/api.w.org\/{rel}","templated":true}]}}