{"id":3836,"date":"2022-05-10T22:32:08","date_gmt":"2022-05-10T22:32:08","guid":{"rendered":"https:\/\/roel.testarcane.com\/product\/the-ventor-parapluie-de-golf-a-ouverture-automatique\/"},"modified":"2023-02-06T15:41:35","modified_gmt":"2023-02-06T15:41:35","slug":"le-ventor-auto-open-golf-parapluie","status":"publish","type":"product","link":"https:\/\/roel.testarcane.com\/fr\/produit\/le-ventor-auto-open-golf-parapluie\/","title":{"rendered":"The Ventor &#8211; Parapluie de golf \u00e0 ouverture automatique"},"content":{"rendered":"<div class=\"product-section-box\">\n<div id=\"product_detail_product-description-tab\" class=\"panel-group\" role=\"tablist\" aria-multiselectable=\"true\">\n<div id=\"product_detail_product-description-tab-block\" class=\"panel-collapse collapse in\" role=\"tabpanel\">\n<div class=\"panel-body\">\n<div class=\"inner-tab-content\">\n<h2>DESCRIPTION DU PRODUIT<\/h2>\n<p>Ce design est s\u00fbr de vous \u00e9poustoufler, il est con\u00e7u pour s&rsquo;assurer que le vent ne le fasse pas ! Gr\u00e2ce \u00e0 la double ventilation de l&rsquo;auvent et \u00e0 la protection SPF, mettre votre marque en valeur est un jeu d&rsquo;enfant !<\/p>\n<p>&nbsp;<\/p>\n<\/div>\n<\/div>\n<\/div>\n<\/div>\n<\/div>\n<div class=\"product-section-box\">\n<div id=\"product_detail_product-detail-tab\" class=\"panel-group\" role=\"tablist\" aria-multiselectable=\"true\">\n<div class=\"panel-heading\" role=\"tab\">\n<h2 class=\"panel-title heading-block\">D\u00e9tails du produit<\/h2>\n<p><i class=\"caret-icon\"><\/i><\/div>\n<div id=\"product_detail_product-detail-tab-block\" class=\"panel-collapse collapse in\" role=\"tabpanel\">\n<div class=\"panel-body\">\n<div class=\"inner-tab-content\">\n<table class=\"main-table\" width=\"100%\">\n<tbody>\n<tr>\n<td>\n<table class=\"sub-table\" width=\"100%\" cellpadding=\"5\">\n<tbody>\n<tr>\n<td class=\"title\">MARQUE :<\/td>\n<td>London Mist<\/td>\n<\/tr>\n<tr>\n<td class=\"title\">ARC :<\/td>\n<td>60&Prime;<\/td>\n<\/tr>\n<tr>\n<td class=\"title\">COULEURS :<\/td>\n<td>Noir<\/td>\n<\/tr>\n<tr>\n<td class=\"title\">CARACT\u00c9RISTIQUES :<\/td>\n<td>Ouverture automatique, Protection UV, Double Canopy<\/td>\n<\/tr>\n<tr>\n<td class=\"title\">INFORMATION :<\/td>\n<td>\n<ul class=\"info\">\n<li>Int\u00e9rieur de couleur argent\u00e9e<\/li>\n<li>Protection UV &#8211; SPF + 50<\/li>\n<li>Conception coupe-vent<\/li>\n<li>La double canop\u00e9e qui se chevauche canalise le vent pour emp\u00eacher le parapluie de s&rsquo;inverser.<\/li>\n<li>S&rsquo;ouvre automatiquement en appuyant sur un bouton<\/li>\n<li>La double canop\u00e9e qui se chevauche canalise le vent pour emp\u00eacher le parapluie de s&rsquo;inverser.<\/li>\n<li>Arbre et nervures l\u00e9gers en fibre de verre<\/li>\n<li>** Il est important de noter que le panneau blanc avec la sous-couche argent\u00e9e peut sembler \u00eatre de couleur grise. Veuillez demander un \u00e9chantillon si n\u00e9cessaire.<\/li>\n<\/ul>\n<\/td>\n<\/tr>\n<tr>\n<td class=\"title\">TYPE D&rsquo;EMBALLAGE :<\/td>\n<td>\n<ul class=\"info\">\n<li>Emballage en vrac<\/li>\n<\/ul>\n<\/td>\n<\/tr>\n<\/tbody>\n<\/table>\n<\/td>\n<\/tr>\n<\/tbody>\n<\/table>\n<\/div>\n<\/div>\n<\/div>\n<\/div>\n<\/div>\n<div class=\"product-section-box\">\n<div id=\"product_detail_imprint-info-tab\" class=\"panel-group\" role=\"tablist\" aria-multiselectable=\"true\">\n<div class=\"panel-heading\" role=\"tab\">\n<h2 class=\"heading-block\">Informations d&rsquo;impression<\/h2>\n<p><i class=\"caret-icon\"><\/i><\/div>\n<div id=\"product_detail_imprint-info-tab-block\" class=\"panel-collapse collapse in\" role=\"tabpanel\">\n<div class=\"panel-body\">\n<div class=\"inner-tab-content\">\n<table class=\"main-table\" width=\"100%\">\n<tbody>\n<tr>\n<td>\n<table class=\"sub-table\" width=\"100%\" cellpadding=\"5\">\n<tbody>\n<tr>\n<td class=\"title\">M\u00c9THODE D&rsquo;IMPRESSION :<\/td>\n<td>Impression couleur<\/td>\n<\/tr>\n<tr>\n<td class=\"title\">POSITION D&rsquo;IMPRESSION :<\/td>\n<td>Panel,<\/td>\n<\/tr>\n<tr>\n<td class=\"title\">COULEUR D&rsquo;IMPRESSION :<\/td>\n<td>PMS Color Match &#8211; 1 couleur \/ 1 emplacement inclus<\/td>\n<\/tr>\n<tr>\n<td class=\"title\">TAILLE D&rsquo;IMPRESSION :<\/td>\n<td>10&Prime; W X 6&Prime; H<\/td>\n<\/tr>\n<tr>\n<td class=\"title\">ZONE D&rsquo;IMPRESSION :<\/td>\n<td>Centr\u00e9 \u00e0 1,25&Prime; du bas du panneau<\/td>\n<\/tr>\n<tr>\n<td class=\"title\">FRAIS D&rsquo;EMPLACEMENT SUPPL\u00c9MENTAIRES :<\/td>\n<td>Impression couleur<\/p>\n<div class=\"inprint-into-block\">\n<div class=\"product-section-box\">\n<div class=\"quantity-table\">\n<div class=\"quantity-table-title\">\n<div class=\"table-heading js-product-price-unit\" data-product-price-unit=\"each\">QUANTIT\u00c9 &#8211; PRIX<\/div>\n<\/div>\n<div class=\"quantity-table-disc\">\n<div class=\"quantity-table-col\">\n<div>\n<div class=\"table-heading\">1-99 &#8211; $ 1.15<span class=\"price-code\"> G<\/span><\/div>\n<\/div>\n<div>\n<div class=\"table-heading\">100-299 &#8211; $ 0.94<span class=\"price-code\"> G<\/span><\/div>\n<\/div>\n<div>\n<div class=\"table-heading\">300-999 &#8211; $ 0.75<span class=\"price-code\"> G<\/span><\/div>\n<\/div>\n<div>\n<div class=\"table-heading\">1000+ &#8211; $ 0.58<span class=\"price-code\"> G<\/span><\/div>\n<\/div>\n<\/div>\n<\/div>\n<div class=\"clearfix\"><\/div>\n<\/div>\n<\/div>\n<\/div>\n<\/td>\n<\/tr>\n<tr>\n<td class=\"title\">FRAIS DE COULEUR SUPPL\u00c9MENTAIRES :<\/td>\n<td>Impression couleur<\/p>\n<div class=\"inprint-into-block\">\n<div class=\"product-section-box\">\n<div class=\"quantity-table\">\n<div class=\"quantity-table-title\">\n<div class=\"table-heading js-product-price-unit\" data-product-price-unit=\"each\">QUANTIT\u00c9 &#8211; PRIX<\/div>\n<\/div>\n<div class=\"quantity-table-disc\">\n<div class=\"quantity-table-col\">\n<div>\n<div class=\"table-heading\">1-99 &#8211; $ 1.15<span class=\"price-code\"> G<\/span><\/div>\n<\/div>\n<div>\n<div class=\"table-heading\">100-299 &#8211; $ 0.94<span class=\"price-code\"> G<\/span><\/div>\n<\/div>\n<div>\n<div class=\"table-heading\">300-999- $ 0.75<span class=\"price-code\"> G<\/span><\/div>\n<\/div>\n<div>\n<div class=\"table-heading\">1000+ &#8211; $ 0.58<span class=\"price-code\"> G<\/span><\/div>\n<\/div>\n<\/div>\n<\/div>\n<div class=\"clearfix\"><\/div>\n<\/div>\n<\/div>\n<\/div>\n<\/td>\n<\/tr>\n<tr>\n<td class=\"title\">TRAITEMENT EN QUADRICHROMIE :<\/td>\n<td>&#8211;<\/td>\n<\/tr>\n<tr>\n<td class=\"title\">SETUP CHARGE :<\/td>\n<td>Impression couleur $ 61.25 ( G )<\/td>\n<\/tr>\n<tr>\n<td class=\"title\">LTM CHARGE :<\/td>\n<td>$ 61.25 ( G )<\/td>\n<\/tr>\n<tr>\n<td class=\"title\">FRAIS DE PMS :<\/td>\n<td>$ 0.00 ( G )<\/td>\n<\/tr>\n<tr>\n<td class=\"title\">FRAIS D&rsquo;URGENCE :<\/td>\n<td>$ 50.00 ( G )<\/td>\n<\/tr>\n<\/tbody>\n<\/table>\n<\/td>\n<\/tr>\n<\/tbody>\n<\/table>\n<\/div>\n<\/div>\n<\/div>\n<\/div>\n<\/div>\n<div class=\"product-section-box\">\n<div id=\"product_detail_product-shipping-tab\" class=\"panel-group\" role=\"tablist\" aria-multiselectable=\"true\">\n<div class=\"panel-heading\" role=\"tab\">\n<h2 class=\"heading-block\">Production et exp\u00e9dition<\/h2>\n<p><i class=\"caret-icon\"><\/i><\/div>\n<div id=\"product_detail_product-shipping-tab-block\" class=\"panel-collapse collapse in\" role=\"tabpanel\">\n<div class=\"panel-body\">\n<div class=\"inner-tab-content\">\n<table class=\"main-table\" width=\"100%\">\n<tbody>\n<tr>\n<td>\n<table class=\"sub-table\" width=\"100%\" cellpadding=\"5\">\n<tbody>\n<tr>\n<td class=\"title\">TEMPS DE PRODUCTION :<\/td>\n<td>10 jours<\/td>\n<\/tr>\n<tr>\n<td class=\"title\">FOB :<\/td>\n<td>QC H4P2L7 CA<\/td>\n<\/tr>\n<tr>\n<td class=\"title\">QUANTIT\u00c9 DANS LE CARTON :<\/td>\n<td>36<\/td>\n<\/tr>\n<tr>\n<td class=\"title\">CARTON :<\/td>\n<td>\n<ul class=\"info\">\n<li>largeur = 8 pouces<\/li>\n<li>hauteur = 13 pouces<\/li>\n<li>longueur = 39 pouces<\/li>\n<li>poids = 42 LBS<\/li>\n<\/ul>\n<\/td>\n<\/tr>\n<tr>\n<td class=\"title\">PRODUIT :<\/td>\n<td>\n<ul class=\"info\">\n<li>longueur = 38 pouces<\/li>\n<\/ul>\n<\/td>\n<\/tr>\n<tr>\n<td class=\"title\">SERVICE D&rsquo;URGENCE :<\/td>\n<td>Non<\/td>\n<\/tr>\n<\/tbody>\n<\/table>\n<\/td>\n<\/tr>\n<\/tbody>\n<\/table>\n<\/div>\n<\/div>\n<\/div>\n<\/div>\n<\/div>\n<p>&nbsp;<\/p>\n","protected":false},"excerpt":{"rendered":"<p>Code : CCCCCC<br \/>\nUne toile propre pour votre marque &#8211; avec un bel accent \u00e0 ajouter ! Ce style classique avec une attention aux d\u00e9tails est tout ce dont votre marque a besoin pour durer !<\/p>\n","protected":false},"featured_media":1797,"comment_status":"closed","ping_status":"closed","template":"","meta":[],"product_cat":[846,839,821,814,784,824],"product_tag":[403],"tiered_pricing_type":"fixed","tiered_pricing_fixed_rules":[],"tiered_pricing_percentage_rules":[],"tiered_pricing_minimum":1,"_administrator_tiered_pricing_type":"fixed","_administrator_tiered_pricing_fixed_rules":[],"_editor_tiered_pricing_type":"fixed","_editor_tiered_pricing_fixed_rules":[],"_author_tiered_pricing_type":"fixed","_author_tiered_pricing_fixed_rules":[],"_contributor_tiered_pricing_type":"fixed","_contributor_tiered_pricing_fixed_rules":[],"_subscriber_tiered_pricing_type":"fixed","_subscriber_tiered_pricing_fixed_rules":[],"_customer_tiered_pricing_type":"fixed","_customer_tiered_pricing_fixed_rules":[],"_shop_manager_tiered_pricing_type":"fixed","_shop_manager_tiered_pricing_fixed_rules":[],"_links":{"self":[{"href":"https:\/\/roel.testarcane.com\/fr\/wp-json\/wp\/v2\/product\/3836"}],"collection":[{"href":"https:\/\/roel.testarcane.com\/fr\/wp-json\/wp\/v2\/product"}],"about":[{"href":"https:\/\/roel.testarcane.com\/fr\/wp-json\/wp\/v2\/types\/product"}],"replies":[{"embeddable":true,"href":"https:\/\/roel.testarcane.com\/fr\/wp-json\/wp\/v2\/comments?post=3836"}],"wp:featuredmedia":[{"embeddable":true,"href":"https:\/\/roel.testarcane.com\/fr\/wp-json\/wp\/v2\/media\/1797"}],"wp:attachment":[{"href":"https:\/\/roel.testarcane.com\/fr\/wp-json\/wp\/v2\/media?parent=3836"}],"wp:term":[{"taxonomy":"product_cat","embeddable":true,"href":"https:\/\/roel.testarcane.com\/fr\/wp-json\/wp\/v2\/product_cat?post=3836"},{"taxonomy":"product_tag","embeddable":true,"href":"https:\/\/roel.testarcane.com\/fr\/wp-json\/wp\/v2\/product_tag?post=3836"}],"curies":[{"name":"wp","href":"https:\/\/api.w.org\/{rel}","templated":true}]}}