{"id":3835,"date":"2022-05-10T22:31:48","date_gmt":"2022-05-10T22:31:48","guid":{"rendered":"https:\/\/roel.testarcane.com\/product\/la-torsion-crystalview-froid\/"},"modified":"2022-05-11T17:48:55","modified_gmt":"2022-05-11T17:48:55","slug":"la-torsion-crystalview-froid","status":"publish","type":"product","link":"https:\/\/roel.testarcane.com\/fr\/produit\/la-torsion-crystalview-froid\/","title":{"rendered":"La Torsion &#8211; CrystalView &#8211; Froid"},"content":{"rendered":"<ul>\n<li>Information|Le couvercle en deux parties se s\u00e9pare<\/li>\n<li>Zone d&rsquo;impression|Bient\u00f4t disponible<\/li>\n<li>Frais d&rsquo;installation|par couleur\/par emplacement<\/li>\n<li>Pr\u00e9cipitez-vous|Veuillez contacter le service client<\/li>\n<li>Information|Le dessus viss\u00e9, le couvercle r\u00e9sistant aux \u00e9claboussures maintient la paille en place<\/li>\n<li>Information|Coque int\u00e9rieure et ext\u00e9rieure en acrylique SAN<\/li>\n<li>Informations|Isolation \u00e0 double paroi\u2022 Le design \u00e9l\u00e9gant s&rsquo;adapte \u00e0 la plupart des porte-gobelets<\/li>\n<li>\n \t<\/li>\n<li>\n<\/li>\n<\/ul>\n<p>&nbsp;<\/p>\n","protected":false},"excerpt":{"rendered":"<p>Information|Le couvercle en deux parties se s\u00e9pare Zone d&rsquo;impression|Bient\u00f4t disponible Frais d&rsquo;installation|par couleur\/par emplacement Pr\u00e9cipitez-vous|Veuillez contacter le service client Information|Le dessus viss\u00e9, le couvercle r\u00e9sistant aux \u00e9claboussures maintient la paille en place Information|Coque int\u00e9rieure et ext\u00e9rieure en acrylique SAN Informations|Isolation \u00e0 double paroi\u2022 Le design \u00e9l\u00e9gant s&rsquo;adapte \u00e0 la plupart des porte-gobelets &nbsp;<\/p>\n","protected":false},"featured_media":1481,"comment_status":"closed","ping_status":"open","template":"","meta":[],"product_cat":[853,864,863,820,850,854,824,855,840],"product_tag":[403],"tiered_pricing_type":"fixed","tiered_pricing_fixed_rules":[],"tiered_pricing_percentage_rules":[],"tiered_pricing_minimum":1,"_administrator_tiered_pricing_type":"fixed","_administrator_tiered_pricing_fixed_rules":[],"_editor_tiered_pricing_type":"fixed","_editor_tiered_pricing_fixed_rules":[],"_author_tiered_pricing_type":"fixed","_author_tiered_pricing_fixed_rules":[],"_contributor_tiered_pricing_type":"fixed","_contributor_tiered_pricing_fixed_rules":[],"_subscriber_tiered_pricing_type":"fixed","_subscriber_tiered_pricing_fixed_rules":[],"_customer_tiered_pricing_type":"fixed","_customer_tiered_pricing_fixed_rules":[],"_shop_manager_tiered_pricing_type":"fixed","_shop_manager_tiered_pricing_fixed_rules":[],"_links":{"self":[{"href":"https:\/\/roel.testarcane.com\/fr\/wp-json\/wp\/v2\/product\/3835"}],"collection":[{"href":"https:\/\/roel.testarcane.com\/fr\/wp-json\/wp\/v2\/product"}],"about":[{"href":"https:\/\/roel.testarcane.com\/fr\/wp-json\/wp\/v2\/types\/product"}],"replies":[{"embeddable":true,"href":"https:\/\/roel.testarcane.com\/fr\/wp-json\/wp\/v2\/comments?post=3835"}],"wp:featuredmedia":[{"embeddable":true,"href":"https:\/\/roel.testarcane.com\/fr\/wp-json\/wp\/v2\/media\/1481"}],"wp:attachment":[{"href":"https:\/\/roel.testarcane.com\/fr\/wp-json\/wp\/v2\/media?parent=3835"}],"wp:term":[{"taxonomy":"product_cat","embeddable":true,"href":"https:\/\/roel.testarcane.com\/fr\/wp-json\/wp\/v2\/product_cat?post=3835"},{"taxonomy":"product_tag","embeddable":true,"href":"https:\/\/roel.testarcane.com\/fr\/wp-json\/wp\/v2\/product_tag?post=3835"}],"curies":[{"name":"wp","href":"https:\/\/api.w.org\/{rel}","templated":true}]}}