{"id":3830,"date":"2022-05-10T22:31:55","date_gmt":"2022-05-10T22:31:55","guid":{"rendered":"https:\/\/roel.testarcane.com\/product\/la-toile-single-canopy-full-digital\/"},"modified":"2022-05-11T17:48:54","modified_gmt":"2022-05-11T17:48:54","slug":"la-toile-single-canopy-full-digital","status":"publish","type":"product","link":"https:\/\/roel.testarcane.com\/fr\/produit\/la-toile-single-canopy-full-digital\/","title":{"rendered":"La toile &#8211; Single Canopy Full Digital"},"content":{"rendered":"<ul>\n<li>Informations|Mat\u00e9riau pong\u00e9<\/li>\n<li>Informations|Livraison standard SEULEMENT 30 jours&nbsp;!<\/li>\n<li>Conception \u00e0 canop\u00e9e unique &#8211; Pas de coutures d\u00e9sordonn\u00e9es&nbsp;!<\/li>\n<li>Frais d&rsquo;installation|par logo en quadrichromie<\/li>\n<li>Rush|Veuillez contacter le service client<\/li>\n<li>Information|S&rsquo;ouvre automatiquement d&rsquo;une simple pression sur un bouton<\/li>\n<li>Informations|L\u00e9ger<\/li>\n<li>\n \t<\/li>\n<li>\n<\/li>\n<\/ul>\n<p>&nbsp;<\/p>\n","protected":false},"excerpt":{"rendered":"<p>Code : CCCCCC <br \/>Une toile propre pour votre marque &#8211; avec un bel accent \u00e0 ajouter&nbsp;! Ce style classique avec une attention aux d\u00e9tails est tout ce dont votre marque a besoin pour durer !<\/p>\n","protected":false},"featured_media":1867,"comment_status":"closed","ping_status":"closed","template":"","meta":[],"product_cat":[821,862,854,824],"product_tag":[403],"tiered_pricing_type":"fixed","tiered_pricing_fixed_rules":[],"tiered_pricing_percentage_rules":[],"tiered_pricing_minimum":1,"_administrator_tiered_pricing_type":"fixed","_administrator_tiered_pricing_fixed_rules":[],"_editor_tiered_pricing_type":"fixed","_editor_tiered_pricing_fixed_rules":[],"_author_tiered_pricing_type":"fixed","_author_tiered_pricing_fixed_rules":[],"_contributor_tiered_pricing_type":"fixed","_contributor_tiered_pricing_fixed_rules":[],"_subscriber_tiered_pricing_type":"fixed","_subscriber_tiered_pricing_fixed_rules":[],"_customer_tiered_pricing_type":"fixed","_customer_tiered_pricing_fixed_rules":[],"_shop_manager_tiered_pricing_type":"fixed","_shop_manager_tiered_pricing_fixed_rules":[],"_links":{"self":[{"href":"https:\/\/roel.testarcane.com\/fr\/wp-json\/wp\/v2\/product\/3830"}],"collection":[{"href":"https:\/\/roel.testarcane.com\/fr\/wp-json\/wp\/v2\/product"}],"about":[{"href":"https:\/\/roel.testarcane.com\/fr\/wp-json\/wp\/v2\/types\/product"}],"replies":[{"embeddable":true,"href":"https:\/\/roel.testarcane.com\/fr\/wp-json\/wp\/v2\/comments?post=3830"}],"wp:featuredmedia":[{"embeddable":true,"href":"https:\/\/roel.testarcane.com\/fr\/wp-json\/wp\/v2\/media\/1867"}],"wp:attachment":[{"href":"https:\/\/roel.testarcane.com\/fr\/wp-json\/wp\/v2\/media?parent=3830"}],"wp:term":[{"taxonomy":"product_cat","embeddable":true,"href":"https:\/\/roel.testarcane.com\/fr\/wp-json\/wp\/v2\/product_cat?post=3830"},{"taxonomy":"product_tag","embeddable":true,"href":"https:\/\/roel.testarcane.com\/fr\/wp-json\/wp\/v2\/product_tag?post=3830"}],"curies":[{"name":"wp","href":"https:\/\/api.w.org\/{rel}","templated":true}]}}