{"id":3829,"date":"2022-05-10T22:32:15","date_gmt":"2022-05-10T22:32:15","guid":{"rendered":"https:\/\/roel.testarcane.com\/product\/the-vault-petit-sac-dargent\/"},"modified":"2022-05-11T17:48:50","modified_gmt":"2022-05-11T17:48:50","slug":"the-vault-petit-sac-dargent","status":"publish","type":"product","link":"https:\/\/roel.testarcane.com\/fr\/produit\/the-vault-petit-sac-dargent\/","title":{"rendered":"The Vault &#8211; Petit sac d&rsquo;argent"},"content":{"rendered":"<ul>\n<li>Information|Solutions de s\u00e9curit\u00e9 r\u00e9utilisables et inviolables utilis\u00e9es pour transporter, prot\u00e9ger et stocker les esp\u00e8ces<\/li>\n<li>Information|Alternative \u00e9conomique aux enveloppes \u00e0 usage unique pour la transmission bidirectionnelle du courrier entre le si\u00e8ge social, les succursales, les d\u00e9p\u00f4ts et les repr\u00e9sentants sur le terrain.<\/li>\n<li>Information|Garantie de 5 ans contre les d\u00e9fauts de fabrication et de mat\u00e9riaux.<\/li>\n<li>Information|Respectueux de l&rsquo;environnement &#8211; con\u00e7u pour remplacer un certain nombre de produits en papier et en carton \u00e0 usage unique.<\/li>\n<li>Information|Mat\u00e9riau prot\u00e8ge son contenu contre les d\u00e9g\u00e2ts des eaux.<\/li>\n<li>Information|Carte adresse r\u00e9versible imprim\u00e9e recto-verso pour une utilisation simple et rapide.<\/li>\n<li>Information|Module de timbre \u00e0 utiliser avec les syst\u00e8mes de courrier et de messagerie.<\/li>\n<li>Informations|10 scell\u00e9s Securisac inclus dans chaque sachet<\/li>\n<li>Taille d&rsquo;impression|2&Prime;x3&Prime;<\/li>\n<\/ul>\n<p>&nbsp;<\/p>\n","protected":false},"excerpt":{"rendered":"<p>Code : CCCCCC <br \/>Une toile propre pour votre marque &#8211; avec un bel accent \u00e0 ajouter&nbsp;! Ce style classique avec une attention aux d\u00e9tails est tout ce dont votre marque a besoin pour durer !<\/p>\n","protected":false},"featured_media":1933,"comment_status":"closed","ping_status":"open","template":"","meta":[],"product_cat":[869,848,850,843,842,824],"product_tag":[403],"tiered_pricing_type":"fixed","tiered_pricing_fixed_rules":[],"tiered_pricing_percentage_rules":[],"tiered_pricing_minimum":1,"_administrator_tiered_pricing_type":"fixed","_administrator_tiered_pricing_fixed_rules":[],"_editor_tiered_pricing_type":"fixed","_editor_tiered_pricing_fixed_rules":[],"_author_tiered_pricing_type":"fixed","_author_tiered_pricing_fixed_rules":[],"_contributor_tiered_pricing_type":"fixed","_contributor_tiered_pricing_fixed_rules":[],"_subscriber_tiered_pricing_type":"fixed","_subscriber_tiered_pricing_fixed_rules":[],"_customer_tiered_pricing_type":"fixed","_customer_tiered_pricing_fixed_rules":[],"_shop_manager_tiered_pricing_type":"fixed","_shop_manager_tiered_pricing_fixed_rules":[],"_links":{"self":[{"href":"https:\/\/roel.testarcane.com\/fr\/wp-json\/wp\/v2\/product\/3829"}],"collection":[{"href":"https:\/\/roel.testarcane.com\/fr\/wp-json\/wp\/v2\/product"}],"about":[{"href":"https:\/\/roel.testarcane.com\/fr\/wp-json\/wp\/v2\/types\/product"}],"replies":[{"embeddable":true,"href":"https:\/\/roel.testarcane.com\/fr\/wp-json\/wp\/v2\/comments?post=3829"}],"wp:featuredmedia":[{"embeddable":true,"href":"https:\/\/roel.testarcane.com\/fr\/wp-json\/wp\/v2\/media\/1933"}],"wp:attachment":[{"href":"https:\/\/roel.testarcane.com\/fr\/wp-json\/wp\/v2\/media?parent=3829"}],"wp:term":[{"taxonomy":"product_cat","embeddable":true,"href":"https:\/\/roel.testarcane.com\/fr\/wp-json\/wp\/v2\/product_cat?post=3829"},{"taxonomy":"product_tag","embeddable":true,"href":"https:\/\/roel.testarcane.com\/fr\/wp-json\/wp\/v2\/product_tag?post=3829"}],"curies":[{"name":"wp","href":"https:\/\/api.w.org\/{rel}","templated":true}]}}