{"id":3824,"date":"2022-05-10T22:32:55","date_gmt":"2022-05-10T22:32:55","guid":{"rendered":"https:\/\/roel.testarcane.com\/product\/the-national-tasse-en-ceramique-unique\/"},"modified":"2022-05-11T17:48:46","modified_gmt":"2022-05-11T17:48:46","slug":"the-national-tasse-en-ceramique-unique","status":"publish","type":"product","link":"https:\/\/roel.testarcane.com\/fr\/produit\/the-national-tasse-en-ceramique-unique\/","title":{"rendered":"The National &#8211; Tasse en c\u00e9ramique unique"},"content":{"rendered":"<ul>\n<li>Mat\u00e9riel|C\u00e9ramique<\/li>\n<li>Frais d&rsquo;installation|Par couleur\/par emplacement<\/li>\n<li>Information|Forme bulbeuse unique.<\/li>\n<li>Information|Grande poign\u00e9e en forme d&rsquo;oreille.<\/li>\n<li>Information|Belle finition gla\u00e7ure r\u00e9active.<\/li>\n<li>Taille d&rsquo;impression|1.5&Prime; X 3.375 IN<\/li>\n<li>Capacit\u00e9|18 onces<\/li>\n<li>Couleurs|Bleu, Noir, Vert, Ivoire<\/li>\n<li>\n<\/li>\n<\/ul>\n<p>&nbsp;<\/p>\n","protected":false},"excerpt":{"rendered":"<p>Mat\u00e9riel|C\u00e9ramique Frais d&rsquo;installation|Par couleur\/par emplacement Information|Forme bulbeuse unique. Information|Grande poign\u00e9e en forme d&rsquo;oreille. Information|Belle finition gla\u00e7ure r\u00e9active. Taille d&rsquo;impression|1.5&Prime; X 3.375 IN Capacit\u00e9|18 onces Couleurs|Bleu, Noir, Vert, Ivoire &nbsp;<\/p>\n","protected":false},"featured_media":1254,"comment_status":"closed","ping_status":"open","template":"","meta":[],"product_cat":[865,823,850,854,824,849,855],"product_tag":[527],"tiered_pricing_type":"fixed","tiered_pricing_fixed_rules":[],"tiered_pricing_percentage_rules":[],"tiered_pricing_minimum":1,"_administrator_tiered_pricing_type":"fixed","_administrator_tiered_pricing_fixed_rules":[],"_editor_tiered_pricing_type":"fixed","_editor_tiered_pricing_fixed_rules":[],"_author_tiered_pricing_type":"fixed","_author_tiered_pricing_fixed_rules":[],"_contributor_tiered_pricing_type":"fixed","_contributor_tiered_pricing_fixed_rules":[],"_subscriber_tiered_pricing_type":"fixed","_subscriber_tiered_pricing_fixed_rules":[],"_customer_tiered_pricing_type":"fixed","_customer_tiered_pricing_fixed_rules":[],"_shop_manager_tiered_pricing_type":"fixed","_shop_manager_tiered_pricing_fixed_rules":[],"_links":{"self":[{"href":"https:\/\/roel.testarcane.com\/fr\/wp-json\/wp\/v2\/product\/3824"}],"collection":[{"href":"https:\/\/roel.testarcane.com\/fr\/wp-json\/wp\/v2\/product"}],"about":[{"href":"https:\/\/roel.testarcane.com\/fr\/wp-json\/wp\/v2\/types\/product"}],"replies":[{"embeddable":true,"href":"https:\/\/roel.testarcane.com\/fr\/wp-json\/wp\/v2\/comments?post=3824"}],"wp:featuredmedia":[{"embeddable":true,"href":"https:\/\/roel.testarcane.com\/fr\/wp-json\/wp\/v2\/media\/1254"}],"wp:attachment":[{"href":"https:\/\/roel.testarcane.com\/fr\/wp-json\/wp\/v2\/media?parent=3824"}],"wp:term":[{"taxonomy":"product_cat","embeddable":true,"href":"https:\/\/roel.testarcane.com\/fr\/wp-json\/wp\/v2\/product_cat?post=3824"},{"taxonomy":"product_tag","embeddable":true,"href":"https:\/\/roel.testarcane.com\/fr\/wp-json\/wp\/v2\/product_tag?post=3824"}],"curies":[{"name":"wp","href":"https:\/\/api.w.org\/{rel}","templated":true}]}}