{"id":3768,"date":"2022-05-10T22:32:35","date_gmt":"2022-05-10T22:32:35","guid":{"rendered":"https:\/\/roel.testarcane.com\/product\/le-coffret-torsion-imageview\/"},"modified":"2022-05-11T17:48:48","modified_gmt":"2022-05-11T17:48:48","slug":"le-coffret-torsion-imageview","status":"publish","type":"product","link":"https:\/\/roel.testarcane.com\/fr\/produit\/le-coffret-torsion-imageview\/","title":{"rendered":"Le coffret Torsion &#8211; Imageview"},"content":{"rendered":"<ul>\n<li>Information|Inserts graphiques personnalis\u00e9s !<\/li>\n<li>Information|Le dessus viss\u00e9, le couvercle r\u00e9sistant aux \u00e9claboussures maintient la paille en place<\/li>\n<li>Information| Conforme \u00e0 la FDA, incassable, paille monobloc, aucune pi\u00e8ce coll\u00e9e ne se d\u00e9tache<\/li>\n<li>Information|Coque int\u00e9rieure et ext\u00e9rieure en acrylique SAN<\/li>\n<li>Informations|Isolation double paroi<\/li>\n<li>Informations|Le design \u00e9l\u00e9gant s&rsquo;adapte \u00e0 la plupart des porte-gobelets<\/li>\n<li>Information|Le couvercle en deux parties se s\u00e9pare pour un nettoyage facile<\/li>\n<li>Zone d&rsquo;impression|Bient\u00f4t disponible<\/li>\n<li>\n<\/li>\n<\/ul>\n<p>&nbsp;<\/p>\n","protected":false},"excerpt":{"rendered":"<p>Information|Inserts graphiques personnalis\u00e9s ! Information|Le dessus viss\u00e9, le couvercle r\u00e9sistant aux \u00e9claboussures maintient la paille en place Information| Conforme \u00e0 la FDA, incassable, paille monobloc, aucune pi\u00e8ce coll\u00e9e ne se d\u00e9tache Information|Coque int\u00e9rieure et ext\u00e9rieure en acrylique SAN Informations|Isolation double paroi Informations|Le design \u00e9l\u00e9gant s&rsquo;adapte \u00e0 la plupart des porte-gobelets Information|Le couvercle en deux parties [&hellip;]<\/p>\n","protected":false},"featured_media":1386,"comment_status":"closed","ping_status":"open","template":"","meta":[],"product_cat":[853,864,841,847,820,850,854,824,855],"product_tag":[457],"tiered_pricing_type":"fixed","tiered_pricing_fixed_rules":[],"tiered_pricing_percentage_rules":[],"tiered_pricing_minimum":1,"_administrator_tiered_pricing_type":"fixed","_administrator_tiered_pricing_fixed_rules":[],"_editor_tiered_pricing_type":"fixed","_editor_tiered_pricing_fixed_rules":[],"_author_tiered_pricing_type":"fixed","_author_tiered_pricing_fixed_rules":[],"_contributor_tiered_pricing_type":"fixed","_contributor_tiered_pricing_fixed_rules":[],"_subscriber_tiered_pricing_type":"fixed","_subscriber_tiered_pricing_fixed_rules":[],"_customer_tiered_pricing_type":"fixed","_customer_tiered_pricing_fixed_rules":[],"_shop_manager_tiered_pricing_type":"fixed","_shop_manager_tiered_pricing_fixed_rules":[],"_links":{"self":[{"href":"https:\/\/roel.testarcane.com\/fr\/wp-json\/wp\/v2\/product\/3768"}],"collection":[{"href":"https:\/\/roel.testarcane.com\/fr\/wp-json\/wp\/v2\/product"}],"about":[{"href":"https:\/\/roel.testarcane.com\/fr\/wp-json\/wp\/v2\/types\/product"}],"replies":[{"embeddable":true,"href":"https:\/\/roel.testarcane.com\/fr\/wp-json\/wp\/v2\/comments?post=3768"}],"wp:featuredmedia":[{"embeddable":true,"href":"https:\/\/roel.testarcane.com\/fr\/wp-json\/wp\/v2\/media\/1386"}],"wp:attachment":[{"href":"https:\/\/roel.testarcane.com\/fr\/wp-json\/wp\/v2\/media?parent=3768"}],"wp:term":[{"taxonomy":"product_cat","embeddable":true,"href":"https:\/\/roel.testarcane.com\/fr\/wp-json\/wp\/v2\/product_cat?post=3768"},{"taxonomy":"product_tag","embeddable":true,"href":"https:\/\/roel.testarcane.com\/fr\/wp-json\/wp\/v2\/product_tag?post=3768"}],"curies":[{"name":"wp","href":"https:\/\/api.w.org\/{rel}","templated":true}]}}