{"id":3751,"date":"2022-05-10T22:32:42","date_gmt":"2022-05-10T22:32:42","guid":{"rendered":"https:\/\/roel.testarcane.com\/product\/le-manuel-mug-colore-classique\/"},"modified":"2022-05-11T17:48:48","modified_gmt":"2022-05-11T17:48:48","slug":"le-manuel-mug-colore-classique","status":"publish","type":"product","link":"https:\/\/roel.testarcane.com\/fr\/produit\/le-manuel-mug-colore-classique\/","title":{"rendered":"Le manuel &#8211; Mug color\u00e9 classique"},"content":{"rendered":"<ul>\n<li>Rush|Veuillez contacter le service client<\/li>\n<li>Information|Tasse en c\u00e9ramique de style caf\u00e9.<\/li>\n<li>Information|Disponible en quatre couleurs int\u00e9rieures brillantes.<\/li>\n<li>Taille d&rsquo;impression|2.75&Prime; X 2.625 IN<\/li>\n<li>Capacit\u00e9|16 onces<\/li>\n<li>Couleurs|Noir, Bleu, Gris, Rouge<\/li>\n<li>Mat\u00e9riel|C\u00e9ramique<\/li>\n<li>Frais d&rsquo;installation|Par couleur\/par emplacement<\/li>\n<li>\n<\/li>\n<\/ul>\n<p>&nbsp;<\/p>\n","protected":false},"excerpt":{"rendered":"<p>Rush|Veuillez contacter le service client Information|Tasse en c\u00e9ramique de style caf\u00e9. Information|Disponible en quatre couleurs int\u00e9rieures brillantes. Taille d&rsquo;impression|2.75&Prime; X 2.625 IN Capacit\u00e9|16 onces Couleurs|Noir, Bleu, Gris, Rouge Mat\u00e9riel|C\u00e9ramique Frais d&rsquo;installation|Par couleur\/par emplacement &nbsp;<\/p>\n","protected":false},"featured_media":1294,"comment_status":"closed","ping_status":"open","template":"","meta":[],"product_cat":[865,823,850,854,824,849,855],"product_tag":[527],"tiered_pricing_type":"fixed","tiered_pricing_fixed_rules":[],"tiered_pricing_percentage_rules":[],"tiered_pricing_minimum":1,"_administrator_tiered_pricing_type":"fixed","_administrator_tiered_pricing_fixed_rules":[],"_editor_tiered_pricing_type":"fixed","_editor_tiered_pricing_fixed_rules":[],"_author_tiered_pricing_type":"fixed","_author_tiered_pricing_fixed_rules":[],"_contributor_tiered_pricing_type":"fixed","_contributor_tiered_pricing_fixed_rules":[],"_subscriber_tiered_pricing_type":"fixed","_subscriber_tiered_pricing_fixed_rules":[],"_customer_tiered_pricing_type":"fixed","_customer_tiered_pricing_fixed_rules":[],"_shop_manager_tiered_pricing_type":"fixed","_shop_manager_tiered_pricing_fixed_rules":[],"_links":{"self":[{"href":"https:\/\/roel.testarcane.com\/fr\/wp-json\/wp\/v2\/product\/3751"}],"collection":[{"href":"https:\/\/roel.testarcane.com\/fr\/wp-json\/wp\/v2\/product"}],"about":[{"href":"https:\/\/roel.testarcane.com\/fr\/wp-json\/wp\/v2\/types\/product"}],"replies":[{"embeddable":true,"href":"https:\/\/roel.testarcane.com\/fr\/wp-json\/wp\/v2\/comments?post=3751"}],"wp:featuredmedia":[{"embeddable":true,"href":"https:\/\/roel.testarcane.com\/fr\/wp-json\/wp\/v2\/media\/1294"}],"wp:attachment":[{"href":"https:\/\/roel.testarcane.com\/fr\/wp-json\/wp\/v2\/media?parent=3751"}],"wp:term":[{"taxonomy":"product_cat","embeddable":true,"href":"https:\/\/roel.testarcane.com\/fr\/wp-json\/wp\/v2\/product_cat?post=3751"},{"taxonomy":"product_tag","embeddable":true,"href":"https:\/\/roel.testarcane.com\/fr\/wp-json\/wp\/v2\/product_tag?post=3751"}],"curies":[{"name":"wp","href":"https:\/\/api.w.org\/{rel}","templated":true}]}}