{"id":3721,"date":"2022-05-10T22:32:42","date_gmt":"2022-05-10T22:32:42","guid":{"rendered":"https:\/\/roel.testarcane.com\/product\/the-firepit-grand-mug-classique-en-ceramique\/"},"modified":"2022-05-11T17:48:47","modified_gmt":"2022-05-11T17:48:47","slug":"the-firepit-grand-mug-classique-en-ceramique","status":"publish","type":"product","link":"https:\/\/roel.testarcane.com\/fr\/produit\/the-firepit-grand-mug-classique-en-ceramique\/","title":{"rendered":"The Firepit &#8211; Grand Mug classique en c\u00e9ramique"},"content":{"rendered":"<ul>\n<li>Information|Dispose d&rsquo;une gla\u00e7ure mouchet\u00e9e et d&rsquo;un halo noir autour du bord.<\/li>\n<li>Informations|Conception solide et robuste avec une longue dur\u00e9e de vie.<\/li>\n<li>Information|Le design r\u00e9tro en granit de cette tasse fera ressortir votre logo de la foule.<\/li>\n<li>Taille d&rsquo;impression|3.5&Prime; X 2.5 IN<\/li>\n<li>Capacit\u00e9|18 onces<\/li>\n<li>Couleurs|Noir, Vert, Bleu, Rouge, Sable, Bleu Clair, Blanc<\/li>\n<li>Mat\u00e9riel|C\u00e9ramique<\/li>\n<li>Frais d&rsquo;installation|Par couleur\/par emplacement<\/li>\n<li>\n<\/li>\n<\/ul>\n<p>&nbsp;<\/p>\n","protected":false},"excerpt":{"rendered":"<p>Information|Dispose d&rsquo;une gla\u00e7ure mouchet\u00e9e et d&rsquo;un halo noir autour du bord. Informations|Conception solide et robuste avec une longue dur\u00e9e de vie. Information|Le design r\u00e9tro en granit de cette tasse fera ressortir votre logo de la foule. Taille d&rsquo;impression|3.5&Prime; X 2.5 IN Capacit\u00e9|18 onces Couleurs|Noir, Vert, Bleu, Rouge, Sable, Bleu Clair, Blanc Mat\u00e9riel|C\u00e9ramique Frais d&rsquo;installation|Par couleur\/par [&hellip;]<\/p>\n","protected":false},"featured_media":1203,"comment_status":"closed","ping_status":"open","template":"","meta":[],"product_cat":[865,823,850,854,824,849,855],"product_tag":[527],"tiered_pricing_type":"fixed","tiered_pricing_fixed_rules":[],"tiered_pricing_percentage_rules":[],"tiered_pricing_minimum":1,"_administrator_tiered_pricing_type":"fixed","_administrator_tiered_pricing_fixed_rules":[],"_editor_tiered_pricing_type":"fixed","_editor_tiered_pricing_fixed_rules":[],"_author_tiered_pricing_type":"fixed","_author_tiered_pricing_fixed_rules":[],"_contributor_tiered_pricing_type":"fixed","_contributor_tiered_pricing_fixed_rules":[],"_subscriber_tiered_pricing_type":"fixed","_subscriber_tiered_pricing_fixed_rules":[],"_customer_tiered_pricing_type":"fixed","_customer_tiered_pricing_fixed_rules":[],"_shop_manager_tiered_pricing_type":"fixed","_shop_manager_tiered_pricing_fixed_rules":[],"_links":{"self":[{"href":"https:\/\/roel.testarcane.com\/fr\/wp-json\/wp\/v2\/product\/3721"}],"collection":[{"href":"https:\/\/roel.testarcane.com\/fr\/wp-json\/wp\/v2\/product"}],"about":[{"href":"https:\/\/roel.testarcane.com\/fr\/wp-json\/wp\/v2\/types\/product"}],"replies":[{"embeddable":true,"href":"https:\/\/roel.testarcane.com\/fr\/wp-json\/wp\/v2\/comments?post=3721"}],"wp:featuredmedia":[{"embeddable":true,"href":"https:\/\/roel.testarcane.com\/fr\/wp-json\/wp\/v2\/media\/1203"}],"wp:attachment":[{"href":"https:\/\/roel.testarcane.com\/fr\/wp-json\/wp\/v2\/media?parent=3721"}],"wp:term":[{"taxonomy":"product_cat","embeddable":true,"href":"https:\/\/roel.testarcane.com\/fr\/wp-json\/wp\/v2\/product_cat?post=3721"},{"taxonomy":"product_tag","embeddable":true,"href":"https:\/\/roel.testarcane.com\/fr\/wp-json\/wp\/v2\/product_tag?post=3721"}],"curies":[{"name":"wp","href":"https:\/\/api.w.org\/{rel}","templated":true}]}}