{"id":3655,"date":"2022-05-10T22:34:05","date_gmt":"2022-05-10T22:34:05","guid":{"rendered":"https:\/\/roel.testarcane.com\/product\/linitiation-porte-documents-en-cuir\/"},"modified":"2022-05-11T17:48:41","modified_gmt":"2022-05-11T17:48:41","slug":"linitiation-porte-documents-en-cuir","status":"publish","type":"product","link":"https:\/\/roel.testarcane.com\/fr\/produit\/linitiation-porte-documents-en-cuir\/","title":{"rendered":"L&rsquo;Initiation &#8211; Porte-documents en cuir"},"content":{"rendered":"<ul>\n<li>Zone d&rsquo;impression|Bient\u00f4t disponible<\/li>\n<li>Informations|Fermeture zipp\u00e9e<\/li>\n<li>Information|Comprend un bloc de papier recycl\u00e9 de 8,5&Prime; x 11&Prime;<\/li>\n<li>Informations|Porte-stylo<\/li>\n<li>Informations|Respectueux de l&rsquo;environnement<\/li>\n<li>Frais d&rsquo;installation|par emplacement<\/li>\n<li>Pr\u00e9cipitez-vous|Veuillez contacter le service client<\/li>\n<li>\n \t<\/li>\n<li>\n<\/li>\n<\/ul>\n<p>&nbsp;<\/p>\n","protected":false},"excerpt":{"rendered":"<p>Zone d&rsquo;impression|Bient\u00f4t disponible Informations|Fermeture zipp\u00e9e Information|Comprend un bloc de papier recycl\u00e9 de 8,5&Prime; x 11&Prime; Informations|Porte-stylo Informations|Respectueux de l&rsquo;environnement Frais d&rsquo;installation|par emplacement Pr\u00e9cipitez-vous|Veuillez contacter le service client &nbsp;<\/p>\n","protected":false},"featured_media":2107,"comment_status":"closed","ping_status":"open","template":"","meta":[],"product_cat":[867,833,832,783,820,850,854,824],"product_tag":[474],"tiered_pricing_type":"fixed","tiered_pricing_fixed_rules":[],"tiered_pricing_percentage_rules":[],"tiered_pricing_minimum":1,"_administrator_tiered_pricing_type":"fixed","_administrator_tiered_pricing_fixed_rules":[],"_editor_tiered_pricing_type":"fixed","_editor_tiered_pricing_fixed_rules":[],"_author_tiered_pricing_type":"fixed","_author_tiered_pricing_fixed_rules":[],"_contributor_tiered_pricing_type":"fixed","_contributor_tiered_pricing_fixed_rules":[],"_subscriber_tiered_pricing_type":"fixed","_subscriber_tiered_pricing_fixed_rules":[],"_customer_tiered_pricing_type":"fixed","_customer_tiered_pricing_fixed_rules":[],"_shop_manager_tiered_pricing_type":"fixed","_shop_manager_tiered_pricing_fixed_rules":[],"_links":{"self":[{"href":"https:\/\/roel.testarcane.com\/fr\/wp-json\/wp\/v2\/product\/3655"}],"collection":[{"href":"https:\/\/roel.testarcane.com\/fr\/wp-json\/wp\/v2\/product"}],"about":[{"href":"https:\/\/roel.testarcane.com\/fr\/wp-json\/wp\/v2\/types\/product"}],"replies":[{"embeddable":true,"href":"https:\/\/roel.testarcane.com\/fr\/wp-json\/wp\/v2\/comments?post=3655"}],"wp:featuredmedia":[{"embeddable":true,"href":"https:\/\/roel.testarcane.com\/fr\/wp-json\/wp\/v2\/media\/2107"}],"wp:attachment":[{"href":"https:\/\/roel.testarcane.com\/fr\/wp-json\/wp\/v2\/media?parent=3655"}],"wp:term":[{"taxonomy":"product_cat","embeddable":true,"href":"https:\/\/roel.testarcane.com\/fr\/wp-json\/wp\/v2\/product_cat?post=3655"},{"taxonomy":"product_tag","embeddable":true,"href":"https:\/\/roel.testarcane.com\/fr\/wp-json\/wp\/v2\/product_tag?post=3655"}],"curies":[{"name":"wp","href":"https:\/\/api.w.org\/{rel}","templated":true}]}}