{"id":3635,"date":"2022-05-10T22:32:55","date_gmt":"2022-05-10T22:32:55","guid":{"rendered":"https:\/\/roel.testarcane.com\/product\/the-spectrum-gobelet-en-ceramique\/"},"modified":"2022-05-11T17:48:45","modified_gmt":"2022-05-11T17:48:45","slug":"the-spectrum-gobelet-en-ceramique","status":"publish","type":"product","link":"https:\/\/roel.testarcane.com\/fr\/produit\/the-spectrum-gobelet-en-ceramique\/","title":{"rendered":"The Spectrum &#8211; Gobelet en c\u00e9ramique"},"content":{"rendered":"<ul>\n<li>Informations|Sans BPA<\/li>\n<li>Information|Deboss&nbsp;: Configuration 95,00&nbsp;$ (g) 1 emplacement inclus<\/li>\n<li>Information|L&rsquo;\u00e9tui en similicuir garde la boisson chaude et les mains au sec<\/li>\n<li>Informations|Couvercle pivotant anti-\u00e9claboussures<\/li>\n<li>Zone d&rsquo;impression|Bient\u00f4t disponible<\/li>\n<li>Taille d&rsquo;impression|Bient\u00f4t disponible<\/li>\n<li>Frais d&rsquo;installation|par emplacement<\/li>\n<li>Rush|Veuillez contacter le service client<\/li>\n<li>\n<\/li>\n<\/ul>\n<p>&nbsp;<\/p>\n","protected":false},"excerpt":{"rendered":"<p>Informations|Sans BPA Information|Deboss&nbsp;: Configuration 95,00&nbsp;$ (g) 1 emplacement inclus Information|L&rsquo;\u00e9tui en similicuir garde la boisson chaude et les mains au sec Informations|Couvercle pivotant anti-\u00e9claboussures Zone d&rsquo;impression|Bient\u00f4t disponible Taille d&rsquo;impression|Bient\u00f4t disponible Frais d&rsquo;installation|par emplacement Rush|Veuillez contacter le service client &nbsp;<\/p>\n","protected":false},"featured_media":1763,"comment_status":"closed","ping_status":"open","template":"","meta":[],"product_cat":[865,850,854,824,849,856,855],"product_tag":[457],"tiered_pricing_type":"fixed","tiered_pricing_fixed_rules":[],"tiered_pricing_percentage_rules":[],"tiered_pricing_minimum":1,"_administrator_tiered_pricing_type":"fixed","_administrator_tiered_pricing_fixed_rules":[],"_editor_tiered_pricing_type":"fixed","_editor_tiered_pricing_fixed_rules":[],"_author_tiered_pricing_type":"fixed","_author_tiered_pricing_fixed_rules":[],"_contributor_tiered_pricing_type":"fixed","_contributor_tiered_pricing_fixed_rules":[],"_subscriber_tiered_pricing_type":"fixed","_subscriber_tiered_pricing_fixed_rules":[],"_customer_tiered_pricing_type":"fixed","_customer_tiered_pricing_fixed_rules":[],"_shop_manager_tiered_pricing_type":"fixed","_shop_manager_tiered_pricing_fixed_rules":[],"_links":{"self":[{"href":"https:\/\/roel.testarcane.com\/fr\/wp-json\/wp\/v2\/product\/3635"}],"collection":[{"href":"https:\/\/roel.testarcane.com\/fr\/wp-json\/wp\/v2\/product"}],"about":[{"href":"https:\/\/roel.testarcane.com\/fr\/wp-json\/wp\/v2\/types\/product"}],"replies":[{"embeddable":true,"href":"https:\/\/roel.testarcane.com\/fr\/wp-json\/wp\/v2\/comments?post=3635"}],"wp:featuredmedia":[{"embeddable":true,"href":"https:\/\/roel.testarcane.com\/fr\/wp-json\/wp\/v2\/media\/1763"}],"wp:attachment":[{"href":"https:\/\/roel.testarcane.com\/fr\/wp-json\/wp\/v2\/media?parent=3635"}],"wp:term":[{"taxonomy":"product_cat","embeddable":true,"href":"https:\/\/roel.testarcane.com\/fr\/wp-json\/wp\/v2\/product_cat?post=3635"},{"taxonomy":"product_tag","embeddable":true,"href":"https:\/\/roel.testarcane.com\/fr\/wp-json\/wp\/v2\/product_tag?post=3635"}],"curies":[{"name":"wp","href":"https:\/\/api.w.org\/{rel}","templated":true}]}}