{"id":3617,"date":"2022-05-10T22:34:05","date_gmt":"2022-05-10T22:34:05","guid":{"rendered":"https:\/\/roel.testarcane.com\/product\/the-peak-tasse-en-ceramique-classique\/"},"modified":"2022-05-11T17:48:40","modified_gmt":"2022-05-11T17:48:40","slug":"the-peak-tasse-en-ceramique-classique","status":"publish","type":"product","link":"https:\/\/roel.testarcane.com\/fr\/produit\/the-peak-tasse-en-ceramique-classique\/","title":{"rendered":"The Peak &#8211; Tasse en c\u00e9ramique classique"},"content":{"rendered":"<ul>\n<li>Information|La construction en c\u00e9ramique robuste vous offre une longue dur\u00e9e de vie.<\/li>\n<li>Information|Dispose d&rsquo;une finition satin\u00e9e d&rsquo;aspect naturel.<\/li>\n<li>Capacit\u00e9|14 onces<\/li>\n<li>Couleurs|Noir, Bleu, Vert, Marron, Blanc<\/li>\n<li>Mat\u00e9riel|C\u00e9ramique<\/li>\n<li>Frais d&rsquo;installation|Par couleur\/par emplacement<\/li>\n<li>Pr\u00e9cipitez-vous|Veuillez contacter le service client<\/li>\n<li>\n \t<\/li>\n<li>\n<\/li>\n<\/ul>\n<p>&nbsp;<\/p>\n","protected":false},"excerpt":{"rendered":"<p>Information|La construction en c\u00e9ramique robuste vous offre une longue dur\u00e9e de vie. Information|Dispose d&rsquo;une finition satin\u00e9e d&rsquo;aspect naturel. Capacit\u00e9|14 onces Couleurs|Noir, Bleu, Vert, Marron, Blanc Mat\u00e9riel|C\u00e9ramique Frais d&rsquo;installation|Par couleur\/par emplacement Pr\u00e9cipitez-vous|Veuillez contacter le service client &nbsp;<\/p>\n","protected":false},"featured_media":1238,"comment_status":"closed","ping_status":"open","template":"","meta":[],"product_cat":[865,823,850,854,824,849,855],"product_tag":[527],"tiered_pricing_type":"fixed","tiered_pricing_fixed_rules":[],"tiered_pricing_percentage_rules":[],"tiered_pricing_minimum":1,"_administrator_tiered_pricing_type":"fixed","_administrator_tiered_pricing_fixed_rules":[],"_editor_tiered_pricing_type":"fixed","_editor_tiered_pricing_fixed_rules":[],"_author_tiered_pricing_type":"fixed","_author_tiered_pricing_fixed_rules":[],"_contributor_tiered_pricing_type":"fixed","_contributor_tiered_pricing_fixed_rules":[],"_subscriber_tiered_pricing_type":"fixed","_subscriber_tiered_pricing_fixed_rules":[],"_customer_tiered_pricing_type":"fixed","_customer_tiered_pricing_fixed_rules":[],"_shop_manager_tiered_pricing_type":"fixed","_shop_manager_tiered_pricing_fixed_rules":[],"_links":{"self":[{"href":"https:\/\/roel.testarcane.com\/fr\/wp-json\/wp\/v2\/product\/3617"}],"collection":[{"href":"https:\/\/roel.testarcane.com\/fr\/wp-json\/wp\/v2\/product"}],"about":[{"href":"https:\/\/roel.testarcane.com\/fr\/wp-json\/wp\/v2\/types\/product"}],"replies":[{"embeddable":true,"href":"https:\/\/roel.testarcane.com\/fr\/wp-json\/wp\/v2\/comments?post=3617"}],"wp:featuredmedia":[{"embeddable":true,"href":"https:\/\/roel.testarcane.com\/fr\/wp-json\/wp\/v2\/media\/1238"}],"wp:attachment":[{"href":"https:\/\/roel.testarcane.com\/fr\/wp-json\/wp\/v2\/media?parent=3617"}],"wp:term":[{"taxonomy":"product_cat","embeddable":true,"href":"https:\/\/roel.testarcane.com\/fr\/wp-json\/wp\/v2\/product_cat?post=3617"},{"taxonomy":"product_tag","embeddable":true,"href":"https:\/\/roel.testarcane.com\/fr\/wp-json\/wp\/v2\/product_tag?post=3617"}],"curies":[{"name":"wp","href":"https:\/\/api.w.org\/{rel}","templated":true}]}}