{"id":3614,"date":"2022-05-10T22:33:34","date_gmt":"2022-05-10T22:33:34","guid":{"rendered":"https:\/\/roel.testarcane.com\/product\/cle-usb-couleur-crochet-de-fer\/"},"modified":"2022-05-11T17:48:41","modified_gmt":"2022-05-11T17:48:41","slug":"cle-usb-couleur-crochet-de-fer","status":"publish","type":"product","link":"https:\/\/roel.testarcane.com\/fr\/produit\/cle-usb-couleur-crochet-de-fer\/","title":{"rendered":"Cl\u00e9 USB Couleur Crochet de Fer"},"content":{"rendered":"<ul>\n<li>Les prix affich\u00e9s sur clickroel.com sont les prix les plus pr\u00e9cis et les plus r\u00e9cents. Ces prix remplacent tous les autres prix.<\/li>\n<li>Design minimal et innovant, compact sans couvercle<\/li>\n<li>Porte-cl\u00e9s \u00e0 bouton-pression int\u00e9gr\u00e9 pour attacher votre cl\u00e9 USB \u00e0 votre porte-cl\u00e9s ou \u00e0 votre sac \u00e0 main<\/li>\n<li>Marquages accrocheurs (impression num\u00e9rique ou tampographie)<\/li>\n<li>Coque en ABS sp\u00e9cialement trait\u00e9<\/li>\n<li>Disponible en 7 couleurs standards &#8211; Couleurs en Pantone \u00e0 partir de 5000 pi\u00e8ces<\/li>\n<li>Vitesse de lecture jusqu&rsquo;\u00e0 18 Mo\/s et vitesse d&rsquo;\u00e9criture jusqu&rsquo;\u00e0 5 Mo\/s<\/li>\n<li>Frais d&rsquo;installation|par couleur\/par emplacement<\/li>\n<li>\n<\/li>\n<\/ul>\n<p>&nbsp;<\/p>\n","protected":false},"excerpt":{"rendered":"<p>Les prix affich\u00e9s sur clickroel.com sont les prix les plus pr\u00e9cis et les plus r\u00e9cents. Ces prix remplacent tous les autres prix. Design minimal et innovant, compact sans couvercle Porte-cl\u00e9s \u00e0 bouton-pression int\u00e9gr\u00e9 pour attacher votre cl\u00e9 USB \u00e0 votre porte-cl\u00e9s ou \u00e0 votre sac \u00e0 main Marquages accrocheurs (impression num\u00e9rique ou tampographie) Coque en [&hellip;]<\/p>\n","protected":false},"featured_media":2935,"comment_status":"closed","ping_status":"open","template":"","meta":[],"product_cat":[816,817,820,815,829,824,836],"product_tag":[403],"tiered_pricing_type":"fixed","tiered_pricing_fixed_rules":[],"tiered_pricing_percentage_rules":[],"tiered_pricing_minimum":1,"_administrator_tiered_pricing_type":"fixed","_administrator_tiered_pricing_fixed_rules":[],"_editor_tiered_pricing_type":"fixed","_editor_tiered_pricing_fixed_rules":[],"_author_tiered_pricing_type":"fixed","_author_tiered_pricing_fixed_rules":[],"_contributor_tiered_pricing_type":"fixed","_contributor_tiered_pricing_fixed_rules":[],"_subscriber_tiered_pricing_type":"fixed","_subscriber_tiered_pricing_fixed_rules":[],"_customer_tiered_pricing_type":"fixed","_customer_tiered_pricing_fixed_rules":[],"_shop_manager_tiered_pricing_type":"fixed","_shop_manager_tiered_pricing_fixed_rules":[],"_links":{"self":[{"href":"https:\/\/roel.testarcane.com\/fr\/wp-json\/wp\/v2\/product\/3614"}],"collection":[{"href":"https:\/\/roel.testarcane.com\/fr\/wp-json\/wp\/v2\/product"}],"about":[{"href":"https:\/\/roel.testarcane.com\/fr\/wp-json\/wp\/v2\/types\/product"}],"replies":[{"embeddable":true,"href":"https:\/\/roel.testarcane.com\/fr\/wp-json\/wp\/v2\/comments?post=3614"}],"wp:featuredmedia":[{"embeddable":true,"href":"https:\/\/roel.testarcane.com\/fr\/wp-json\/wp\/v2\/media\/2935"}],"wp:attachment":[{"href":"https:\/\/roel.testarcane.com\/fr\/wp-json\/wp\/v2\/media?parent=3614"}],"wp:term":[{"taxonomy":"product_cat","embeddable":true,"href":"https:\/\/roel.testarcane.com\/fr\/wp-json\/wp\/v2\/product_cat?post=3614"},{"taxonomy":"product_tag","embeddable":true,"href":"https:\/\/roel.testarcane.com\/fr\/wp-json\/wp\/v2\/product_tag?post=3614"}],"curies":[{"name":"wp","href":"https:\/\/api.w.org\/{rel}","templated":true}]}}