{"id":3499,"date":"2022-05-10T22:34:13","date_gmt":"2022-05-10T22:34:13","guid":{"rendered":"https:\/\/roel.testarcane.com\/product\/lecteur-flash-led-en-fer\/"},"modified":"2022-05-11T17:48:38","modified_gmt":"2022-05-11T17:48:38","slug":"lecteur-flash-led-en-fer","status":"publish","type":"product","link":"https:\/\/roel.testarcane.com\/fr\/produit\/lecteur-flash-led-en-fer\/","title":{"rendered":"Lecteur flash LED en fer"},"content":{"rendered":"<ul>\n<li>Cl\u00e9 USB encapsul\u00e9e, r\u00e9sistante aux chocs, \u00e0 l&rsquo;eau et \u00e0 la poussi\u00e8re<\/li>\n<li>Gravure \u00e9l\u00e9gante grav\u00e9e au laser.<\/li>\n<li>Les prix affich\u00e9s sur clickroel.com sont les prix les plus pr\u00e9cis et les plus r\u00e9cents. Ces prix remplacent tous les autres prix.<\/li>\n<li>Frais d&rsquo;installation|par emplacement<\/li>\n<li>Zone d&rsquo;impression|Bient\u00f4t disponible<\/li>\n<li>Taille d&rsquo;impression|Bient\u00f4t disponible<\/li>\n<li>Pr\u00e9cipitez-vous|Veuillez contacter le service client<\/li>\n<li>Voici la nouvelle cl\u00e9 USB de la gamme PXK Design. Son bo\u00eetier est fabriqu\u00e9 \u00e0 partir d&rsquo;un alliage ind\u00e9formable et a une finition en cristal color\u00e9 qui s&rsquo;allume lors de l&rsquo;utilisation.<\/li>\n<li>\n<\/li>\n<\/ul>\n<p>&nbsp;<\/p>\n","protected":false},"excerpt":{"rendered":"<p>Cl\u00e9 USB encapsul\u00e9e, r\u00e9sistante aux chocs, \u00e0 l&rsquo;eau et \u00e0 la poussi\u00e8re Gravure \u00e9l\u00e9gante grav\u00e9e au laser. Les prix affich\u00e9s sur clickroel.com sont les prix les plus pr\u00e9cis et les plus r\u00e9cents. Ces prix remplacent tous les autres prix. Frais d&rsquo;installation|par emplacement Zone d&rsquo;impression|Bient\u00f4t disponible Taille d&rsquo;impression|Bient\u00f4t disponible Pr\u00e9cipitez-vous|Veuillez contacter le service client Voici la [&hellip;]<\/p>\n","protected":false},"featured_media":2304,"comment_status":"closed","ping_status":"open","template":"","meta":[],"product_cat":[816,817,820,815,829,824,836],"product_tag":[403],"tiered_pricing_type":"fixed","tiered_pricing_fixed_rules":[],"tiered_pricing_percentage_rules":[],"tiered_pricing_minimum":1,"_administrator_tiered_pricing_type":"fixed","_administrator_tiered_pricing_fixed_rules":[],"_editor_tiered_pricing_type":"fixed","_editor_tiered_pricing_fixed_rules":[],"_author_tiered_pricing_type":"fixed","_author_tiered_pricing_fixed_rules":[],"_contributor_tiered_pricing_type":"fixed","_contributor_tiered_pricing_fixed_rules":[],"_subscriber_tiered_pricing_type":"fixed","_subscriber_tiered_pricing_fixed_rules":[],"_customer_tiered_pricing_type":"fixed","_customer_tiered_pricing_fixed_rules":[],"_shop_manager_tiered_pricing_type":"fixed","_shop_manager_tiered_pricing_fixed_rules":[],"_links":{"self":[{"href":"https:\/\/roel.testarcane.com\/fr\/wp-json\/wp\/v2\/product\/3499"}],"collection":[{"href":"https:\/\/roel.testarcane.com\/fr\/wp-json\/wp\/v2\/product"}],"about":[{"href":"https:\/\/roel.testarcane.com\/fr\/wp-json\/wp\/v2\/types\/product"}],"replies":[{"embeddable":true,"href":"https:\/\/roel.testarcane.com\/fr\/wp-json\/wp\/v2\/comments?post=3499"}],"wp:featuredmedia":[{"embeddable":true,"href":"https:\/\/roel.testarcane.com\/fr\/wp-json\/wp\/v2\/media\/2304"}],"wp:attachment":[{"href":"https:\/\/roel.testarcane.com\/fr\/wp-json\/wp\/v2\/media?parent=3499"}],"wp:term":[{"taxonomy":"product_cat","embeddable":true,"href":"https:\/\/roel.testarcane.com\/fr\/wp-json\/wp\/v2\/product_cat?post=3499"},{"taxonomy":"product_tag","embeddable":true,"href":"https:\/\/roel.testarcane.com\/fr\/wp-json\/wp\/v2\/product_tag?post=3499"}],"curies":[{"name":"wp","href":"https:\/\/api.w.org\/{rel}","templated":true}]}}