{"id":3481,"date":"2022-05-10T22:36:41","date_gmt":"2022-05-10T22:36:41","guid":{"rendered":"https:\/\/roel.testarcane.com\/product\/cle-usb-eco2\/"},"modified":"2022-05-11T17:48:27","modified_gmt":"2022-05-11T17:48:27","slug":"cle-usb-eco2","status":"publish","type":"product","link":"https:\/\/roel.testarcane.com\/fr\/produit\/cle-usb-eco2\/","title":{"rendered":"Cl\u00e9 USB ECO2"},"content":{"rendered":"<ul>\n<li>Les prix affich\u00e9s sur clickroel.com sont les prix les plus pr\u00e9cis et les plus r\u00e9cents. Ces prix remplacent tous les autres prix.<\/li>\n<li>Mod\u00e8le sp\u00e9cialement con\u00e7u dans le respect de l&rsquo;environnement.<\/li>\n<li>Composants s\u00e9lectionn\u00e9s pour leur non-toxicit\u00e9 et l&rsquo;absence de m\u00e9taux lourds.<\/li>\n<li>Disponible en blanc naturel, variations possibles dues \u00e0 l&rsquo;origine du plastique<\/li>\n<li>Impression en d\u00f4me en couleur pour un logo en surbrillance ou tampographie pour une image de marque plus respectueuse de l&rsquo;environnement<\/li>\n<li>Vitesse de lecture jusqu&rsquo;\u00e0 18 Mo\/s et 2 vitesses d&rsquo;\u00e9criture jusqu&rsquo;\u00e0 5 Mo\/s<\/li>\n<li>Frais d&rsquo;installation|par emplacement<\/li>\n<li>Zone d&rsquo;impression|Bient\u00f4t disponible<\/li>\n<li>\n<\/li>\n<\/ul>\n<p>&nbsp;<\/p>\n","protected":false},"excerpt":{"rendered":"<p>Les prix affich\u00e9s sur clickroel.com sont les prix les plus pr\u00e9cis et les plus r\u00e9cents. Ces prix remplacent tous les autres prix. Mod\u00e8le sp\u00e9cialement con\u00e7u dans le respect de l&rsquo;environnement. Composants s\u00e9lectionn\u00e9s pour leur non-toxicit\u00e9 et l&rsquo;absence de m\u00e9taux lourds. Disponible en blanc naturel, variations possibles dues \u00e0 l&rsquo;origine du plastique Impression en d\u00f4me en [&hellip;]<\/p>\n","protected":false},"featured_media":2258,"comment_status":"closed","ping_status":"open","template":"","meta":[],"product_cat":[816,815,829,824,836],"product_tag":[403],"tiered_pricing_type":"fixed","tiered_pricing_fixed_rules":[],"tiered_pricing_percentage_rules":[],"tiered_pricing_minimum":1,"_administrator_tiered_pricing_type":"fixed","_administrator_tiered_pricing_fixed_rules":[],"_editor_tiered_pricing_type":"fixed","_editor_tiered_pricing_fixed_rules":[],"_author_tiered_pricing_type":"fixed","_author_tiered_pricing_fixed_rules":[],"_contributor_tiered_pricing_type":"fixed","_contributor_tiered_pricing_fixed_rules":[],"_subscriber_tiered_pricing_type":"fixed","_subscriber_tiered_pricing_fixed_rules":[],"_customer_tiered_pricing_type":"fixed","_customer_tiered_pricing_fixed_rules":[],"_shop_manager_tiered_pricing_type":"fixed","_shop_manager_tiered_pricing_fixed_rules":[],"_links":{"self":[{"href":"https:\/\/roel.testarcane.com\/fr\/wp-json\/wp\/v2\/product\/3481"}],"collection":[{"href":"https:\/\/roel.testarcane.com\/fr\/wp-json\/wp\/v2\/product"}],"about":[{"href":"https:\/\/roel.testarcane.com\/fr\/wp-json\/wp\/v2\/types\/product"}],"replies":[{"embeddable":true,"href":"https:\/\/roel.testarcane.com\/fr\/wp-json\/wp\/v2\/comments?post=3481"}],"wp:featuredmedia":[{"embeddable":true,"href":"https:\/\/roel.testarcane.com\/fr\/wp-json\/wp\/v2\/media\/2258"}],"wp:attachment":[{"href":"https:\/\/roel.testarcane.com\/fr\/wp-json\/wp\/v2\/media?parent=3481"}],"wp:term":[{"taxonomy":"product_cat","embeddable":true,"href":"https:\/\/roel.testarcane.com\/fr\/wp-json\/wp\/v2\/product_cat?post=3481"},{"taxonomy":"product_tag","embeddable":true,"href":"https:\/\/roel.testarcane.com\/fr\/wp-json\/wp\/v2\/product_tag?post=3481"}],"curies":[{"name":"wp","href":"https:\/\/api.w.org\/{rel}","templated":true}]}}