{"id":3464,"date":"2022-05-10T22:37:25","date_gmt":"2022-05-10T22:37:25","guid":{"rendered":"https:\/\/roel.testarcane.com\/product\/the-camp-counselor-tasse-robuste-en-acier-inoxydable\/"},"modified":"2022-05-11T17:48:24","modified_gmt":"2022-05-11T17:48:24","slug":"the-camp-counselor-tasse-robuste-en-acier-inoxydable","status":"publish","type":"product","link":"https:\/\/roel.testarcane.com\/fr\/produit\/the-camp-counselor-tasse-robuste-en-acier-inoxydable\/","title":{"rendered":"The Camp Counselor &#8211; Tasse robuste en acier inoxydable"},"content":{"rendered":"<ul>\n<li>Taille d&rsquo;impression|4.5&Prime; X 2 IN<\/li>\n<li>Acier inoxydable \u00e0 double paroi<\/li>\n<li>Pr\u00e9cipitez-vous|Veuillez contacter le service client<\/li>\n<li>Information|Finition mouchet\u00e9e contrast\u00e9e.<\/li>\n<li>Information|Appuyez sur marche\/arr\u00eat, ouvrez\/fermez le couvercle.<\/li>\n<li>Information|Convient \u00e0 la plupart des porte-gobelets de voiture.<\/li>\n<li>\n \t<\/li>\n<li>\n \t<\/li>\n<li>\n<\/li>\n<\/ul>\n<p>&nbsp;<\/p>\n","protected":false},"excerpt":{"rendered":"<p>Taille d&rsquo;impression|4.5&Prime; X 2 IN Acier inoxydable \u00e0 double paroi Pr\u00e9cipitez-vous|Veuillez contacter le service client Information|Finition mouchet\u00e9e contrast\u00e9e. Information|Appuyez sur marche\/arr\u00eat, ouvrez\/fermez le couvercle. Information|Convient \u00e0 la plupart des porte-gobelets de voiture. &nbsp;<\/p>\n","protected":false},"featured_media":1571,"comment_status":"closed","ping_status":"open","template":"","meta":[],"product_cat":[834,850,854,824,856,855],"product_tag":[],"tiered_pricing_type":"fixed","tiered_pricing_fixed_rules":[],"tiered_pricing_percentage_rules":[],"tiered_pricing_minimum":1,"_administrator_tiered_pricing_type":"fixed","_administrator_tiered_pricing_fixed_rules":[],"_editor_tiered_pricing_type":"fixed","_editor_tiered_pricing_fixed_rules":[],"_author_tiered_pricing_type":"fixed","_author_tiered_pricing_fixed_rules":[],"_contributor_tiered_pricing_type":"fixed","_contributor_tiered_pricing_fixed_rules":[],"_subscriber_tiered_pricing_type":"fixed","_subscriber_tiered_pricing_fixed_rules":[],"_customer_tiered_pricing_type":"fixed","_customer_tiered_pricing_fixed_rules":[],"_shop_manager_tiered_pricing_type":"fixed","_shop_manager_tiered_pricing_fixed_rules":[],"_links":{"self":[{"href":"https:\/\/roel.testarcane.com\/fr\/wp-json\/wp\/v2\/product\/3464"}],"collection":[{"href":"https:\/\/roel.testarcane.com\/fr\/wp-json\/wp\/v2\/product"}],"about":[{"href":"https:\/\/roel.testarcane.com\/fr\/wp-json\/wp\/v2\/types\/product"}],"replies":[{"embeddable":true,"href":"https:\/\/roel.testarcane.com\/fr\/wp-json\/wp\/v2\/comments?post=3464"}],"wp:featuredmedia":[{"embeddable":true,"href":"https:\/\/roel.testarcane.com\/fr\/wp-json\/wp\/v2\/media\/1571"}],"wp:attachment":[{"href":"https:\/\/roel.testarcane.com\/fr\/wp-json\/wp\/v2\/media?parent=3464"}],"wp:term":[{"taxonomy":"product_cat","embeddable":true,"href":"https:\/\/roel.testarcane.com\/fr\/wp-json\/wp\/v2\/product_cat?post=3464"},{"taxonomy":"product_tag","embeddable":true,"href":"https:\/\/roel.testarcane.com\/fr\/wp-json\/wp\/v2\/product_tag?post=3464"}],"curies":[{"name":"wp","href":"https:\/\/api.w.org\/{rel}","templated":true}]}}