{"id":3440,"date":"2022-05-10T22:37:32","date_gmt":"2022-05-10T22:37:32","guid":{"rendered":"https:\/\/roel.testarcane.com\/product\/the-baton-parapluie-de-golf-a-ouverture-automatique\/"},"modified":"2022-05-11T17:48:24","modified_gmt":"2022-05-11T17:48:24","slug":"the-baton-parapluie-de-golf-a-ouverture-automatique","status":"publish","type":"product","link":"https:\/\/roel.testarcane.com\/fr\/produit\/the-baton-parapluie-de-golf-a-ouverture-automatique\/","title":{"rendered":"The Baton &#8211; Parapluie de golf \u00e0 ouverture automatique"},"content":{"rendered":"<ul>\n<li>Taille d&rsquo;impression|10&Prime; WX 6&Prime; H<\/li>\n<li>Frais d&rsquo;installation|par couleur\/par emplacement<\/li>\n<li>Informations|Ouverture automatique<\/li>\n<li>Information|Poign\u00e9e et int\u00e9rieur de couleur assortie<\/li>\n<li>Zone d&rsquo;impression | Centr\u00e9 \u00e0 1,25&Prime; du bas du panneau<\/li>\n<li>Informations|Panneau 1 couleur<\/li>\n<li>\n \t<\/li>\n<li>\n \t<\/li>\n<li>\n<\/li>\n<\/ul>\n<p>&nbsp;<\/p>\n","protected":false},"excerpt":{"rendered":"<p>Taille d&rsquo;impression|10&Prime; WX 6&Prime; H Frais d&rsquo;installation|par couleur\/par emplacement Informations|Ouverture automatique Information|Poign\u00e9e et int\u00e9rieur de couleur assortie Zone d&rsquo;impression | Centr\u00e9 \u00e0 1,25&Prime; du bas du panneau Informations|Panneau 1 couleur &nbsp;<\/p>\n","protected":false},"featured_media":1804,"comment_status":"closed","ping_status":"open","template":"","meta":[],"product_cat":[846,839,821,814,824],"product_tag":[403],"tiered_pricing_type":"fixed","tiered_pricing_fixed_rules":[],"tiered_pricing_percentage_rules":[],"tiered_pricing_minimum":1,"_administrator_tiered_pricing_type":"fixed","_administrator_tiered_pricing_fixed_rules":[],"_editor_tiered_pricing_type":"fixed","_editor_tiered_pricing_fixed_rules":[],"_author_tiered_pricing_type":"fixed","_author_tiered_pricing_fixed_rules":[],"_contributor_tiered_pricing_type":"fixed","_contributor_tiered_pricing_fixed_rules":[],"_subscriber_tiered_pricing_type":"fixed","_subscriber_tiered_pricing_fixed_rules":[],"_customer_tiered_pricing_type":"fixed","_customer_tiered_pricing_fixed_rules":[],"_shop_manager_tiered_pricing_type":"fixed","_shop_manager_tiered_pricing_fixed_rules":[],"_links":{"self":[{"href":"https:\/\/roel.testarcane.com\/fr\/wp-json\/wp\/v2\/product\/3440"}],"collection":[{"href":"https:\/\/roel.testarcane.com\/fr\/wp-json\/wp\/v2\/product"}],"about":[{"href":"https:\/\/roel.testarcane.com\/fr\/wp-json\/wp\/v2\/types\/product"}],"replies":[{"embeddable":true,"href":"https:\/\/roel.testarcane.com\/fr\/wp-json\/wp\/v2\/comments?post=3440"}],"wp:featuredmedia":[{"embeddable":true,"href":"https:\/\/roel.testarcane.com\/fr\/wp-json\/wp\/v2\/media\/1804"}],"wp:attachment":[{"href":"https:\/\/roel.testarcane.com\/fr\/wp-json\/wp\/v2\/media?parent=3440"}],"wp:term":[{"taxonomy":"product_cat","embeddable":true,"href":"https:\/\/roel.testarcane.com\/fr\/wp-json\/wp\/v2\/product_cat?post=3440"},{"taxonomy":"product_tag","embeddable":true,"href":"https:\/\/roel.testarcane.com\/fr\/wp-json\/wp\/v2\/product_tag?post=3440"}],"curies":[{"name":"wp","href":"https:\/\/api.w.org\/{rel}","templated":true}]}}