{"id":3409,"date":"2022-05-10T22:37:32","date_gmt":"2022-05-10T22:37:32","guid":{"rendered":"https:\/\/roel.testarcane.com\/product\/the-backup-dancer-tasse-isotherme-a-emporter-en-acier-inoxydable\/"},"modified":"2022-05-11T17:48:23","modified_gmt":"2022-05-11T17:48:23","slug":"the-backup-dancer-tasse-isotherme-a-emporter-en-acier-inoxydable","status":"publish","type":"product","link":"https:\/\/roel.testarcane.com\/fr\/produit\/the-backup-dancer-tasse-isotherme-a-emporter-en-acier-inoxydable\/","title":{"rendered":"The Backup Dancer &#8211; Tasse isotherme \u00e0 emporter en acier inoxydable"},"content":{"rendered":"<ul>\n<li>Information|Cuivre isol\u00e9 sous vide.<\/li>\n<li>Information|Parfait pour le chaud et le froid.<\/li>\n<li>Information|Finition thermolaqu\u00e9e.<\/li>\n<li>Couleurs|Noir, Bleu, Gris, Vert, Rouge, Blanc<\/li>\n<li>Capacit\u00e9|18 onces<\/li>\n<li>Mat\u00e9riau|Acier inoxydable \u00e0 double paroi.<\/li>\n<li>\n \t<\/li>\n<li>\n \t<\/li>\n<li>\n<\/li>\n<\/ul>\n<p>&nbsp;<\/p>\n","protected":false},"excerpt":{"rendered":"<p>Information|Cuivre isol\u00e9 sous vide. Information|Parfait pour le chaud et le froid. Information|Finition thermolaqu\u00e9e. Couleurs|Noir, Bleu, Gris, Vert, Rouge, Blanc Capacit\u00e9|18 onces Mat\u00e9riau|Acier inoxydable \u00e0 double paroi. &nbsp;<\/p>\n","protected":false},"featured_media":1711,"comment_status":"closed","ping_status":"open","template":"","meta":[],"product_cat":[834,850,854,824,856,855],"product_tag":[432],"tiered_pricing_type":"fixed","tiered_pricing_fixed_rules":[],"tiered_pricing_percentage_rules":[],"tiered_pricing_minimum":1,"_administrator_tiered_pricing_type":"fixed","_administrator_tiered_pricing_fixed_rules":[],"_editor_tiered_pricing_type":"fixed","_editor_tiered_pricing_fixed_rules":[],"_author_tiered_pricing_type":"fixed","_author_tiered_pricing_fixed_rules":[],"_contributor_tiered_pricing_type":"fixed","_contributor_tiered_pricing_fixed_rules":[],"_subscriber_tiered_pricing_type":"fixed","_subscriber_tiered_pricing_fixed_rules":[],"_customer_tiered_pricing_type":"fixed","_customer_tiered_pricing_fixed_rules":[],"_shop_manager_tiered_pricing_type":"fixed","_shop_manager_tiered_pricing_fixed_rules":[],"_links":{"self":[{"href":"https:\/\/roel.testarcane.com\/fr\/wp-json\/wp\/v2\/product\/3409"}],"collection":[{"href":"https:\/\/roel.testarcane.com\/fr\/wp-json\/wp\/v2\/product"}],"about":[{"href":"https:\/\/roel.testarcane.com\/fr\/wp-json\/wp\/v2\/types\/product"}],"replies":[{"embeddable":true,"href":"https:\/\/roel.testarcane.com\/fr\/wp-json\/wp\/v2\/comments?post=3409"}],"wp:featuredmedia":[{"embeddable":true,"href":"https:\/\/roel.testarcane.com\/fr\/wp-json\/wp\/v2\/media\/1711"}],"wp:attachment":[{"href":"https:\/\/roel.testarcane.com\/fr\/wp-json\/wp\/v2\/media?parent=3409"}],"wp:term":[{"taxonomy":"product_cat","embeddable":true,"href":"https:\/\/roel.testarcane.com\/fr\/wp-json\/wp\/v2\/product_cat?post=3409"},{"taxonomy":"product_tag","embeddable":true,"href":"https:\/\/roel.testarcane.com\/fr\/wp-json\/wp\/v2\/product_tag?post=3409"}],"curies":[{"name":"wp","href":"https:\/\/api.w.org\/{rel}","templated":true}]}}