{"id":3408,"date":"2022-05-10T22:36:27","date_gmt":"2022-05-10T22:36:27","guid":{"rendered":"https:\/\/roel.testarcane.com\/product\/the-summit-bouteille-en-metal-avec-boucle-en-caoutchouc\/"},"modified":"2022-05-11T17:48:30","modified_gmt":"2022-05-11T17:48:30","slug":"the-summit-bouteille-en-metal-avec-boucle-en-caoutchouc","status":"publish","type":"product","link":"https:\/\/roel.testarcane.com\/fr\/produit\/the-summit-bouteille-en-metal-avec-boucle-en-caoutchouc\/","title":{"rendered":"The Summit &#8211; Bouteille en m\u00e9tal avec boucle en caoutchouc"},"content":{"rendered":"<ul>\n<li>Information|Cuivre isol\u00e9 sous vide.<\/li>\n<li>Information|Finition thermolaqu\u00e9e.<\/li>\n<li>Mat\u00e9riau|Acier inoxydable \u00e0 double paroi.<\/li>\n<li>Taille d&rsquo;impression|4,75 \u00ab\u00a0x 2,5 IN<\/li>\n<li>Capacit\u00e9|22 onces<\/li>\n<li>Couleurs|Noir, Bleu, Vert, Rouge, Gris, Blanc<\/li>\n<li>Frais d&rsquo;installation|Par couleur\/par emplacement<\/li>\n<li>Pr\u00e9cipitez-vous|Veuillez contacter le service client<\/li>\n<li>\n<\/li>\n<\/ul>\n<p>&nbsp;<\/p>\n","protected":false},"excerpt":{"rendered":"<p>Information|Cuivre isol\u00e9 sous vide. Information|Finition thermolaqu\u00e9e. Mat\u00e9riau|Acier inoxydable \u00e0 double paroi. Taille d&rsquo;impression|4,75 \u00ab\u00a0x 2,5 IN Capacit\u00e9|22 onces Couleurs|Noir, Bleu, Vert, Rouge, Gris, Blanc Frais d&rsquo;installation|Par couleur\/par emplacement Pr\u00e9cipitez-vous|Veuillez contacter le service client &nbsp;<\/p>\n","protected":false},"featured_media":1741,"comment_status":"closed","ping_status":"open","template":"","meta":[],"product_cat":[834,864,850,854,824,855,840],"product_tag":[432],"tiered_pricing_type":"fixed","tiered_pricing_fixed_rules":[],"tiered_pricing_percentage_rules":[],"tiered_pricing_minimum":1,"_administrator_tiered_pricing_type":"fixed","_administrator_tiered_pricing_fixed_rules":[],"_editor_tiered_pricing_type":"fixed","_editor_tiered_pricing_fixed_rules":[],"_author_tiered_pricing_type":"fixed","_author_tiered_pricing_fixed_rules":[],"_contributor_tiered_pricing_type":"fixed","_contributor_tiered_pricing_fixed_rules":[],"_subscriber_tiered_pricing_type":"fixed","_subscriber_tiered_pricing_fixed_rules":[],"_customer_tiered_pricing_type":"fixed","_customer_tiered_pricing_fixed_rules":[],"_shop_manager_tiered_pricing_type":"fixed","_shop_manager_tiered_pricing_fixed_rules":[],"_links":{"self":[{"href":"https:\/\/roel.testarcane.com\/fr\/wp-json\/wp\/v2\/product\/3408"}],"collection":[{"href":"https:\/\/roel.testarcane.com\/fr\/wp-json\/wp\/v2\/product"}],"about":[{"href":"https:\/\/roel.testarcane.com\/fr\/wp-json\/wp\/v2\/types\/product"}],"replies":[{"embeddable":true,"href":"https:\/\/roel.testarcane.com\/fr\/wp-json\/wp\/v2\/comments?post=3408"}],"wp:featuredmedia":[{"embeddable":true,"href":"https:\/\/roel.testarcane.com\/fr\/wp-json\/wp\/v2\/media\/1741"}],"wp:attachment":[{"href":"https:\/\/roel.testarcane.com\/fr\/wp-json\/wp\/v2\/media?parent=3408"}],"wp:term":[{"taxonomy":"product_cat","embeddable":true,"href":"https:\/\/roel.testarcane.com\/fr\/wp-json\/wp\/v2\/product_cat?post=3408"},{"taxonomy":"product_tag","embeddable":true,"href":"https:\/\/roel.testarcane.com\/fr\/wp-json\/wp\/v2\/product_tag?post=3408"}],"curies":[{"name":"wp","href":"https:\/\/api.w.org\/{rel}","templated":true}]}}