{"id":3406,"date":"2022-05-10T22:35:36","date_gmt":"2022-05-10T22:35:36","guid":{"rendered":"https:\/\/roel.testarcane.com\/product\/lexcursion-crystalview-froid\/"},"modified":"2022-05-11T17:48:32","modified_gmt":"2022-05-11T17:48:32","slug":"lexcursion-crystalview-froid","status":"publish","type":"product","link":"https:\/\/roel.testarcane.com\/fr\/produit\/lexcursion-crystalview-froid\/","title":{"rendered":"L&rsquo;Excursion &#8211; CrystalView &#8211; Froid"},"content":{"rendered":"<ul>\n<li>Informations|Isolation double paroi<\/li>\n<li>Informations|Le design \u00e9l\u00e9gant s&rsquo;adapte \u00e0 la plupart des porte-gobelets<\/li>\n<li>Informations|Sans BPA<\/li>\n<li>Zone d&rsquo;impression|Bient\u00f4t disponible<\/li>\n<li>Taille d&rsquo;impression|Bient\u00f4t disponible<\/li>\n<li>Frais d&rsquo;installation|par couleur\/par emplacement<\/li>\n<li>Pr\u00e9cipitez-vous|Veuillez contacter le service client<\/li>\n<li>Informations|Dessus viss\u00e9, couvercle anti-\u00e9claboussures<\/li>\n<li>\n<\/li>\n<\/ul>\n<p>&nbsp;<\/p>\n","protected":false},"excerpt":{"rendered":"<p>Informations|Isolation double paroi Informations|Le design \u00e9l\u00e9gant s&rsquo;adapte \u00e0 la plupart des porte-gobelets Informations|Sans BPA Zone d&rsquo;impression|Bient\u00f4t disponible Taille d&rsquo;impression|Bient\u00f4t disponible Frais d&rsquo;installation|par couleur\/par emplacement Pr\u00e9cipitez-vous|Veuillez contacter le service client Informations|Dessus viss\u00e9, couvercle anti-\u00e9claboussures &nbsp;<\/p>\n","protected":false},"featured_media":1516,"comment_status":"closed","ping_status":"open","template":"","meta":[],"product_cat":[853,864,863,820,850,854,824,855,840],"product_tag":[403],"tiered_pricing_type":"fixed","tiered_pricing_fixed_rules":[],"tiered_pricing_percentage_rules":[],"tiered_pricing_minimum":1,"_administrator_tiered_pricing_type":"fixed","_administrator_tiered_pricing_fixed_rules":[],"_editor_tiered_pricing_type":"fixed","_editor_tiered_pricing_fixed_rules":[],"_author_tiered_pricing_type":"fixed","_author_tiered_pricing_fixed_rules":[],"_contributor_tiered_pricing_type":"fixed","_contributor_tiered_pricing_fixed_rules":[],"_subscriber_tiered_pricing_type":"fixed","_subscriber_tiered_pricing_fixed_rules":[],"_customer_tiered_pricing_type":"fixed","_customer_tiered_pricing_fixed_rules":[],"_shop_manager_tiered_pricing_type":"fixed","_shop_manager_tiered_pricing_fixed_rules":[],"_links":{"self":[{"href":"https:\/\/roel.testarcane.com\/fr\/wp-json\/wp\/v2\/product\/3406"}],"collection":[{"href":"https:\/\/roel.testarcane.com\/fr\/wp-json\/wp\/v2\/product"}],"about":[{"href":"https:\/\/roel.testarcane.com\/fr\/wp-json\/wp\/v2\/types\/product"}],"replies":[{"embeddable":true,"href":"https:\/\/roel.testarcane.com\/fr\/wp-json\/wp\/v2\/comments?post=3406"}],"wp:featuredmedia":[{"embeddable":true,"href":"https:\/\/roel.testarcane.com\/fr\/wp-json\/wp\/v2\/media\/1516"}],"wp:attachment":[{"href":"https:\/\/roel.testarcane.com\/fr\/wp-json\/wp\/v2\/media?parent=3406"}],"wp:term":[{"taxonomy":"product_cat","embeddable":true,"href":"https:\/\/roel.testarcane.com\/fr\/wp-json\/wp\/v2\/product_cat?post=3406"},{"taxonomy":"product_tag","embeddable":true,"href":"https:\/\/roel.testarcane.com\/fr\/wp-json\/wp\/v2\/product_tag?post=3406"}],"curies":[{"name":"wp","href":"https:\/\/api.w.org\/{rel}","templated":true}]}}