{"id":3385,"date":"2022-05-10T22:37:18","date_gmt":"2022-05-10T22:37:18","guid":{"rendered":"https:\/\/roel.testarcane.com\/product\/the-iceberg-gobelet-a-double-usage\/"},"modified":"2022-05-11T17:48:25","modified_gmt":"2022-05-11T17:48:25","slug":"the-iceberg-gobelet-a-double-usage","status":"publish","type":"product","link":"https:\/\/roel.testarcane.com\/fr\/produit\/the-iceberg-gobelet-a-double-usage\/","title":{"rendered":"The Iceberg &#8211; Gobelet \u00e0 double usage"},"content":{"rendered":"<ul>\n<li>Taille d&rsquo;impression|Bient\u00f4t disponible<\/li>\n<li>Frais d&rsquo;installation|par couleur\/par emplacement<\/li>\n<li>Information|ext\u00e9rieur clair int\u00e9rieur color\u00e9<\/li>\n<li>Information|le noyau interne pr\u00e9sente une forme g\u00e9om\u00e9trique aguli\u00e8re<\/li>\n<li>Information|double usage<\/li>\n<li>Zone d&rsquo;impression|Bient\u00f4t disponible<\/li>\n<li>\n \t<\/li>\n<li>\n \t<\/li>\n<li>\n<\/li>\n<\/ul>\n<p>&nbsp;<\/p>\n","protected":false},"excerpt":{"rendered":"<p>Taille d&rsquo;impression|Bient\u00f4t disponible Frais d&rsquo;installation|par couleur\/par emplacement Information|ext\u00e9rieur clair int\u00e9rieur color\u00e9 Information|le noyau interne pr\u00e9sente une forme g\u00e9om\u00e9trique aguli\u00e8re Information|double usage Zone d&rsquo;impression|Bient\u00f4t disponible &nbsp;<\/p>\n","protected":false},"featured_media":1831,"comment_status":"closed","ping_status":"open","template":"","meta":[],"product_cat":[853,864,850,854,824,855],"product_tag":[403],"tiered_pricing_type":"fixed","tiered_pricing_fixed_rules":[],"tiered_pricing_percentage_rules":[],"tiered_pricing_minimum":1,"_administrator_tiered_pricing_type":"fixed","_administrator_tiered_pricing_fixed_rules":[],"_editor_tiered_pricing_type":"fixed","_editor_tiered_pricing_fixed_rules":[],"_author_tiered_pricing_type":"fixed","_author_tiered_pricing_fixed_rules":[],"_contributor_tiered_pricing_type":"fixed","_contributor_tiered_pricing_fixed_rules":[],"_subscriber_tiered_pricing_type":"fixed","_subscriber_tiered_pricing_fixed_rules":[],"_customer_tiered_pricing_type":"fixed","_customer_tiered_pricing_fixed_rules":[],"_shop_manager_tiered_pricing_type":"fixed","_shop_manager_tiered_pricing_fixed_rules":[],"_links":{"self":[{"href":"https:\/\/roel.testarcane.com\/fr\/wp-json\/wp\/v2\/product\/3385"}],"collection":[{"href":"https:\/\/roel.testarcane.com\/fr\/wp-json\/wp\/v2\/product"}],"about":[{"href":"https:\/\/roel.testarcane.com\/fr\/wp-json\/wp\/v2\/types\/product"}],"replies":[{"embeddable":true,"href":"https:\/\/roel.testarcane.com\/fr\/wp-json\/wp\/v2\/comments?post=3385"}],"wp:featuredmedia":[{"embeddable":true,"href":"https:\/\/roel.testarcane.com\/fr\/wp-json\/wp\/v2\/media\/1831"}],"wp:attachment":[{"href":"https:\/\/roel.testarcane.com\/fr\/wp-json\/wp\/v2\/media?parent=3385"}],"wp:term":[{"taxonomy":"product_cat","embeddable":true,"href":"https:\/\/roel.testarcane.com\/fr\/wp-json\/wp\/v2\/product_cat?post=3385"},{"taxonomy":"product_tag","embeddable":true,"href":"https:\/\/roel.testarcane.com\/fr\/wp-json\/wp\/v2\/product_tag?post=3385"}],"curies":[{"name":"wp","href":"https:\/\/api.w.org\/{rel}","templated":true}]}}