{"id":3383,"date":"2022-05-10T22:36:12","date_gmt":"2022-05-10T22:36:12","guid":{"rendered":"https:\/\/roel.testarcane.com\/product\/le-gobelet-a-double-paroi-westfalia\/"},"modified":"2022-05-11T17:48:31","modified_gmt":"2022-05-11T17:48:31","slug":"le-gobelet-a-double-paroi-westfalia","status":"publish","type":"product","link":"https:\/\/roel.testarcane.com\/fr\/produit\/le-gobelet-a-double-paroi-westfalia\/","title":{"rendered":"Le gobelet \u00e0 double paroi Westfalia"},"content":{"rendered":"<ul>\n<li>Mat\u00e9riau|Acier inoxydable \u00e0 double paroi.<\/li>\n<li>Information|Parfait pour le chaud et le froid.<\/li>\n<li>Information|Le fond en silicone de couleur li\u00e8ge emp\u00eache le glissement.<\/li>\n<li>Taille d&rsquo;impression|3,75 \u00a0\u00bb X 2,5 IN<\/li>\n<li>Couleurs d&rsquo;impression|Noir, bleu, blanc<\/li>\n<li>Capacit\u00e9|18 onces<\/li>\n<li>Frais d&rsquo;installation|Par couleur\/par emplacement<\/li>\n<li>Rush|Veuillez contacter le service \u00e0 la client\u00e8le<\/li>\n<li>\n<\/li>\n<\/ul>\n<p>&nbsp;<\/p>\n","protected":false},"excerpt":{"rendered":"<p>Mat\u00e9riau|Acier inoxydable \u00e0 double paroi. Information|Parfait pour le chaud et le froid. Information|Le fond en silicone de couleur li\u00e8ge emp\u00eache le glissement. Taille d&rsquo;impression|3,75 \u00a0\u00bb X 2,5 IN Couleurs d&rsquo;impression|Noir, bleu, blanc Capacit\u00e9|18 onces Frais d&rsquo;installation|Par couleur\/par emplacement Rush|Veuillez contacter le service \u00e0 la client\u00e8le &nbsp;<\/p>\n","protected":false},"featured_media":1730,"comment_status":"closed","ping_status":"open","template":"","meta":[],"product_cat":[834,850,854,824,856,855],"product_tag":[432],"tiered_pricing_type":"fixed","tiered_pricing_fixed_rules":[],"tiered_pricing_percentage_rules":[],"tiered_pricing_minimum":1,"_administrator_tiered_pricing_type":"fixed","_administrator_tiered_pricing_fixed_rules":[],"_editor_tiered_pricing_type":"fixed","_editor_tiered_pricing_fixed_rules":[],"_author_tiered_pricing_type":"fixed","_author_tiered_pricing_fixed_rules":[],"_contributor_tiered_pricing_type":"fixed","_contributor_tiered_pricing_fixed_rules":[],"_subscriber_tiered_pricing_type":"fixed","_subscriber_tiered_pricing_fixed_rules":[],"_customer_tiered_pricing_type":"fixed","_customer_tiered_pricing_fixed_rules":[],"_shop_manager_tiered_pricing_type":"fixed","_shop_manager_tiered_pricing_fixed_rules":[],"_links":{"self":[{"href":"https:\/\/roel.testarcane.com\/fr\/wp-json\/wp\/v2\/product\/3383"}],"collection":[{"href":"https:\/\/roel.testarcane.com\/fr\/wp-json\/wp\/v2\/product"}],"about":[{"href":"https:\/\/roel.testarcane.com\/fr\/wp-json\/wp\/v2\/types\/product"}],"replies":[{"embeddable":true,"href":"https:\/\/roel.testarcane.com\/fr\/wp-json\/wp\/v2\/comments?post=3383"}],"wp:featuredmedia":[{"embeddable":true,"href":"https:\/\/roel.testarcane.com\/fr\/wp-json\/wp\/v2\/media\/1730"}],"wp:attachment":[{"href":"https:\/\/roel.testarcane.com\/fr\/wp-json\/wp\/v2\/media?parent=3383"}],"wp:term":[{"taxonomy":"product_cat","embeddable":true,"href":"https:\/\/roel.testarcane.com\/fr\/wp-json\/wp\/v2\/product_cat?post=3383"},{"taxonomy":"product_tag","embeddable":true,"href":"https:\/\/roel.testarcane.com\/fr\/wp-json\/wp\/v2\/product_tag?post=3383"}],"curies":[{"name":"wp","href":"https:\/\/api.w.org\/{rel}","templated":true}]}}