{"id":3380,"date":"2022-05-10T22:37:38","date_gmt":"2022-05-10T22:37:38","guid":{"rendered":"https:\/\/roel.testarcane.com\/product\/the-rally-porte-documents-en-cuir-avec-balistique\/"},"modified":"2022-05-11T17:48:23","modified_gmt":"2022-05-11T17:48:23","slug":"the-rally-porte-documents-en-cuir-avec-balistique","status":"publish","type":"product","link":"https:\/\/roel.testarcane.com\/fr\/produit\/the-rally-porte-documents-en-cuir-avec-balistique\/","title":{"rendered":"The Rally &#8211; Porte-documents en cuir avec balistique"},"content":{"rendered":"<ul>\n<li>Information|Organiseur int\u00e9rieur avec poche plaqu\u00e9e sur la paroi arri\u00e8re<\/li>\n<li>Information|Comprend un bloc de papier de 8,5&Prime; x 11&Prime;<\/li>\n<li>Taille d&rsquo;impression|Bient\u00f4t disponible<\/li>\n<li>Frais d&rsquo;installation|par emplacement<\/li>\n<li>Rush|Veuillez contacter le service client<\/li>\n<li>\n \t<\/li>\n<li>\n \t<\/li>\n<li>\n \t<\/li>\n<li>\n<\/li>\n<\/ul>\n<p>&nbsp;<\/p>\n","protected":false},"excerpt":{"rendered":"<p>Information|Organiseur int\u00e9rieur avec poche plaqu\u00e9e sur la paroi arri\u00e8re Information|Comprend un bloc de papier de 8,5&Prime; x 11&Prime; Taille d&rsquo;impression|Bient\u00f4t disponible Frais d&rsquo;installation|par emplacement Rush|Veuillez contacter le service client &nbsp;<\/p>\n","protected":false},"featured_media":2087,"comment_status":"closed","ping_status":"open","template":"","meta":[],"product_cat":[867,833,832,783,820,850,854,824],"product_tag":[474],"tiered_pricing_type":"fixed","tiered_pricing_fixed_rules":[],"tiered_pricing_percentage_rules":[],"tiered_pricing_minimum":1,"_administrator_tiered_pricing_type":"fixed","_administrator_tiered_pricing_fixed_rules":[],"_editor_tiered_pricing_type":"fixed","_editor_tiered_pricing_fixed_rules":[],"_author_tiered_pricing_type":"fixed","_author_tiered_pricing_fixed_rules":[],"_contributor_tiered_pricing_type":"fixed","_contributor_tiered_pricing_fixed_rules":[],"_subscriber_tiered_pricing_type":"fixed","_subscriber_tiered_pricing_fixed_rules":[],"_customer_tiered_pricing_type":"fixed","_customer_tiered_pricing_fixed_rules":[],"_shop_manager_tiered_pricing_type":"fixed","_shop_manager_tiered_pricing_fixed_rules":[],"_links":{"self":[{"href":"https:\/\/roel.testarcane.com\/fr\/wp-json\/wp\/v2\/product\/3380"}],"collection":[{"href":"https:\/\/roel.testarcane.com\/fr\/wp-json\/wp\/v2\/product"}],"about":[{"href":"https:\/\/roel.testarcane.com\/fr\/wp-json\/wp\/v2\/types\/product"}],"replies":[{"embeddable":true,"href":"https:\/\/roel.testarcane.com\/fr\/wp-json\/wp\/v2\/comments?post=3380"}],"wp:featuredmedia":[{"embeddable":true,"href":"https:\/\/roel.testarcane.com\/fr\/wp-json\/wp\/v2\/media\/2087"}],"wp:attachment":[{"href":"https:\/\/roel.testarcane.com\/fr\/wp-json\/wp\/v2\/media?parent=3380"}],"wp:term":[{"taxonomy":"product_cat","embeddable":true,"href":"https:\/\/roel.testarcane.com\/fr\/wp-json\/wp\/v2\/product_cat?post=3380"},{"taxonomy":"product_tag","embeddable":true,"href":"https:\/\/roel.testarcane.com\/fr\/wp-json\/wp\/v2\/product_tag?post=3380"}],"curies":[{"name":"wp","href":"https:\/\/api.w.org\/{rel}","templated":true}]}}