{"id":3375,"date":"2022-05-10T22:36:34","date_gmt":"2022-05-10T22:36:34","guid":{"rendered":"https:\/\/roel.testarcane.com\/product\/the-lodge-tasse-decorative-en-terre-cuite\/"},"modified":"2022-05-11T17:48:29","modified_gmt":"2022-05-11T17:48:29","slug":"the-lodge-tasse-decorative-en-terre-cuite","status":"publish","type":"product","link":"https:\/\/roel.testarcane.com\/fr\/produit\/the-lodge-tasse-decorative-en-terre-cuite\/","title":{"rendered":"The Lodge &#8211; Tasse d\u00e9corative en terre cuite"},"content":{"rendered":"<ul>\n<li>Information|Tasse de grande capacit\u00e9 aux couleurs terre apaisantes.<\/li>\n<li>Information|Motif tachet\u00e9 r\u00e9tro sur l&rsquo;ensemble.<\/li>\n<li>Taille d&rsquo;impression|2.25&Prime; X2.25 IN<\/li>\n<li>Capacit\u00e9|16 onces<\/li>\n<li>Couleurs|Noir, Marron, Vert, Rose<\/li>\n<li>Mat\u00e9riel|C\u00e9ramique<\/li>\n<li>Frais d&rsquo;installation|Par couleur\/par emplacement<\/li>\n<li>Pr\u00e9cipitez-vous|Veuillez contacter le service client<\/li>\n<li>\n<\/li>\n<\/ul>\n<p>&nbsp;<\/p>\n","protected":false},"excerpt":{"rendered":"<p>Information|Tasse de grande capacit\u00e9 aux couleurs terre apaisantes. Information|Motif tachet\u00e9 r\u00e9tro sur l&rsquo;ensemble. Taille d&rsquo;impression|2.25&Prime; X2.25 IN Capacit\u00e9|16 onces Couleurs|Noir, Marron, Vert, Rose Mat\u00e9riel|C\u00e9ramique Frais d&rsquo;installation|Par couleur\/par emplacement Pr\u00e9cipitez-vous|Veuillez contacter le service client &nbsp;<\/p>\n","protected":false},"featured_media":1225,"comment_status":"closed","ping_status":"open","template":"","meta":[],"product_cat":[865,823,850,854,824,849,855],"product_tag":[527],"tiered_pricing_type":"fixed","tiered_pricing_fixed_rules":[],"tiered_pricing_percentage_rules":[],"tiered_pricing_minimum":1,"_administrator_tiered_pricing_type":"fixed","_administrator_tiered_pricing_fixed_rules":[],"_editor_tiered_pricing_type":"fixed","_editor_tiered_pricing_fixed_rules":[],"_author_tiered_pricing_type":"fixed","_author_tiered_pricing_fixed_rules":[],"_contributor_tiered_pricing_type":"fixed","_contributor_tiered_pricing_fixed_rules":[],"_subscriber_tiered_pricing_type":"fixed","_subscriber_tiered_pricing_fixed_rules":[],"_customer_tiered_pricing_type":"fixed","_customer_tiered_pricing_fixed_rules":[],"_shop_manager_tiered_pricing_type":"fixed","_shop_manager_tiered_pricing_fixed_rules":[],"_links":{"self":[{"href":"https:\/\/roel.testarcane.com\/fr\/wp-json\/wp\/v2\/product\/3375"}],"collection":[{"href":"https:\/\/roel.testarcane.com\/fr\/wp-json\/wp\/v2\/product"}],"about":[{"href":"https:\/\/roel.testarcane.com\/fr\/wp-json\/wp\/v2\/types\/product"}],"replies":[{"embeddable":true,"href":"https:\/\/roel.testarcane.com\/fr\/wp-json\/wp\/v2\/comments?post=3375"}],"wp:featuredmedia":[{"embeddable":true,"href":"https:\/\/roel.testarcane.com\/fr\/wp-json\/wp\/v2\/media\/1225"}],"wp:attachment":[{"href":"https:\/\/roel.testarcane.com\/fr\/wp-json\/wp\/v2\/media?parent=3375"}],"wp:term":[{"taxonomy":"product_cat","embeddable":true,"href":"https:\/\/roel.testarcane.com\/fr\/wp-json\/wp\/v2\/product_cat?post=3375"},{"taxonomy":"product_tag","embeddable":true,"href":"https:\/\/roel.testarcane.com\/fr\/wp-json\/wp\/v2\/product_tag?post=3375"}],"curies":[{"name":"wp","href":"https:\/\/api.w.org\/{rel}","templated":true}]}}