{"id":3360,"date":"2022-05-10T22:37:18","date_gmt":"2022-05-10T22:37:18","guid":{"rendered":"https:\/\/roel.testarcane.com\/product\/le-vagabond-mug-en-ceramique\/"},"modified":"2022-05-11T17:48:25","modified_gmt":"2022-05-11T17:48:25","slug":"le-vagabond-mug-en-ceramique","status":"publish","type":"product","link":"https:\/\/roel.testarcane.com\/fr\/produit\/le-vagabond-mug-en-ceramique\/","title":{"rendered":"Le Vagabond &#8211; Mug en C\u00e9ramique"},"content":{"rendered":"<ul>\n<li>Taille d&rsquo;impression|Bient\u00f4t disponible<\/li>\n<li>Frais d&rsquo;installation|par couleur\/par emplacement<\/li>\n<li>INFORMATION|Ext\u00e9rieur et int\u00e9rieur blanc brillant brillant<\/li>\n<li>Informations|Liser\u00e9 sur le haut de la tasse et sur l&rsquo;anse<\/li>\n<li>INFORMATION|Poign\u00e9e sup\u00e9rieure plate confortable pour une prise en main facile<\/li>\n<li>Zone d&rsquo;impression|Bient\u00f4t disponible<\/li>\n<li>\n \t<\/li>\n<li>\n \t<\/li>\n<li>\n<\/li>\n<\/ul>\n<p>&nbsp;<\/p>\n","protected":false},"excerpt":{"rendered":"<p>Taille d&rsquo;impression|Bient\u00f4t disponible Frais d&rsquo;installation|par couleur\/par emplacement INFORMATION|Ext\u00e9rieur et int\u00e9rieur blanc brillant brillant Informations|Liser\u00e9 sur le haut de la tasse et sur l&rsquo;anse INFORMATION|Poign\u00e9e sup\u00e9rieure plate confortable pour une prise en main facile Zone d&rsquo;impression|Bient\u00f4t disponible &nbsp;<\/p>\n","protected":false},"featured_media":0,"comment_status":"closed","ping_status":"open","template":"","meta":[],"product_cat":[865,850,854,824,849,855],"product_tag":[527],"tiered_pricing_type":"fixed","tiered_pricing_fixed_rules":[],"tiered_pricing_percentage_rules":[],"tiered_pricing_minimum":1,"_administrator_tiered_pricing_type":"fixed","_administrator_tiered_pricing_fixed_rules":[],"_editor_tiered_pricing_type":"fixed","_editor_tiered_pricing_fixed_rules":[],"_author_tiered_pricing_type":"fixed","_author_tiered_pricing_fixed_rules":[],"_contributor_tiered_pricing_type":"fixed","_contributor_tiered_pricing_fixed_rules":[],"_subscriber_tiered_pricing_type":"fixed","_subscriber_tiered_pricing_fixed_rules":[],"_customer_tiered_pricing_type":"fixed","_customer_tiered_pricing_fixed_rules":[],"_shop_manager_tiered_pricing_type":"fixed","_shop_manager_tiered_pricing_fixed_rules":[],"_links":{"self":[{"href":"https:\/\/roel.testarcane.com\/fr\/wp-json\/wp\/v2\/product\/3360"}],"collection":[{"href":"https:\/\/roel.testarcane.com\/fr\/wp-json\/wp\/v2\/product"}],"about":[{"href":"https:\/\/roel.testarcane.com\/fr\/wp-json\/wp\/v2\/types\/product"}],"replies":[{"embeddable":true,"href":"https:\/\/roel.testarcane.com\/fr\/wp-json\/wp\/v2\/comments?post=3360"}],"wp:attachment":[{"href":"https:\/\/roel.testarcane.com\/fr\/wp-json\/wp\/v2\/media?parent=3360"}],"wp:term":[{"taxonomy":"product_cat","embeddable":true,"href":"https:\/\/roel.testarcane.com\/fr\/wp-json\/wp\/v2\/product_cat?post=3360"},{"taxonomy":"product_tag","embeddable":true,"href":"https:\/\/roel.testarcane.com\/fr\/wp-json\/wp\/v2\/product_tag?post=3360"}],"curies":[{"name":"wp","href":"https:\/\/api.w.org\/{rel}","templated":true}]}}