{"id":3351,"date":"2022-05-10T22:36:34","date_gmt":"2022-05-10T22:36:34","guid":{"rendered":"https:\/\/roel.testarcane.com\/product\/the-outback-tasse-en-metal-emaille\/"},"modified":"2022-05-11T17:48:29","modified_gmt":"2022-05-11T17:48:29","slug":"the-outback-tasse-en-metal-emaille","status":"publish","type":"product","link":"https:\/\/roel.testarcane.com\/fr\/produit\/the-outback-tasse-en-metal-emaille\/","title":{"rendered":"The Outback &#8211; Tasse en m\u00e9tal \u00e9maill\u00e9"},"content":{"rendered":"<ul>\n<li>Information|La composition en m\u00e9tal \u00e9maill\u00e9 ajoute une v\u00e9ritable touche r\u00e9tro.<\/li>\n<li>Information|La jante halo noire roul\u00e9e contraste avec l&rsquo;ext\u00e9rieur blanc.<\/li>\n<li>Taille d&rsquo;impression|2&Prime; X 2,5 IN<\/li>\n<li>Capacit\u00e9|16 onces<\/li>\n<li>Couleurs|Noir, Gris, Seafoam, Bleu Ciel, Blanc<\/li>\n<li>Mat\u00e9riel|M\u00e9tal \u00c9mail<\/li>\n<li>Frais d&rsquo;installation|Par couleur\/par emplacement<\/li>\n<li>Pr\u00e9cipitez-vous|Veuillez contacter le service client<\/li>\n<li>\n<\/li>\n<\/ul>\n<p>&nbsp;<\/p>\n","protected":false},"excerpt":{"rendered":"<p>Information|La composition en m\u00e9tal \u00e9maill\u00e9 ajoute une v\u00e9ritable touche r\u00e9tro. Information|La jante halo noire roul\u00e9e contraste avec l&rsquo;ext\u00e9rieur blanc. Taille d&rsquo;impression|2&Prime; X 2,5 IN Capacit\u00e9|16 onces Couleurs|Noir, Gris, Seafoam, Bleu Ciel, Blanc Mat\u00e9riel|M\u00e9tal \u00c9mail Frais d&rsquo;installation|Par couleur\/par emplacement Pr\u00e9cipitez-vous|Veuillez contacter le service client &nbsp;<\/p>\n","protected":false},"featured_media":1190,"comment_status":"closed","ping_status":"open","template":"","meta":[],"product_cat":[850,798,854,824,849,855,840],"product_tag":[403],"tiered_pricing_type":"fixed","tiered_pricing_fixed_rules":[],"tiered_pricing_percentage_rules":[],"tiered_pricing_minimum":1,"_administrator_tiered_pricing_type":"fixed","_administrator_tiered_pricing_fixed_rules":[],"_editor_tiered_pricing_type":"fixed","_editor_tiered_pricing_fixed_rules":[],"_author_tiered_pricing_type":"fixed","_author_tiered_pricing_fixed_rules":[],"_contributor_tiered_pricing_type":"fixed","_contributor_tiered_pricing_fixed_rules":[],"_subscriber_tiered_pricing_type":"fixed","_subscriber_tiered_pricing_fixed_rules":[],"_customer_tiered_pricing_type":"fixed","_customer_tiered_pricing_fixed_rules":[],"_shop_manager_tiered_pricing_type":"fixed","_shop_manager_tiered_pricing_fixed_rules":[],"_links":{"self":[{"href":"https:\/\/roel.testarcane.com\/fr\/wp-json\/wp\/v2\/product\/3351"}],"collection":[{"href":"https:\/\/roel.testarcane.com\/fr\/wp-json\/wp\/v2\/product"}],"about":[{"href":"https:\/\/roel.testarcane.com\/fr\/wp-json\/wp\/v2\/types\/product"}],"replies":[{"embeddable":true,"href":"https:\/\/roel.testarcane.com\/fr\/wp-json\/wp\/v2\/comments?post=3351"}],"wp:featuredmedia":[{"embeddable":true,"href":"https:\/\/roel.testarcane.com\/fr\/wp-json\/wp\/v2\/media\/1190"}],"wp:attachment":[{"href":"https:\/\/roel.testarcane.com\/fr\/wp-json\/wp\/v2\/media?parent=3351"}],"wp:term":[{"taxonomy":"product_cat","embeddable":true,"href":"https:\/\/roel.testarcane.com\/fr\/wp-json\/wp\/v2\/product_cat?post=3351"},{"taxonomy":"product_tag","embeddable":true,"href":"https:\/\/roel.testarcane.com\/fr\/wp-json\/wp\/v2\/product_tag?post=3351"}],"curies":[{"name":"wp","href":"https:\/\/api.w.org\/{rel}","templated":true}]}}