{"id":3349,"date":"2022-05-10T22:37:25","date_gmt":"2022-05-10T22:37:25","guid":{"rendered":"https:\/\/roel.testarcane.com\/product\/laircube-16-housse-ordinateur\/"},"modified":"2022-05-11T17:48:24","modified_gmt":"2022-05-11T17:48:24","slug":"laircube-16-housse-ordinateur","status":"publish","type":"product","link":"https:\/\/roel.testarcane.com\/fr\/produit\/laircube-16-housse-ordinateur\/","title":{"rendered":"L&rsquo;Aircube 16&Prime; &#8211; Housse ordinateur"},"content":{"rendered":"<ul>\n<li>Taille d&rsquo;impression|Bient\u00f4t disponible<\/li>\n<li>Frais d&rsquo;installation|par couleur\/par emplacement<\/li>\n<li>Information|Con\u00e7u pour les ordinateurs portables de 15,6&Prime; \u00e0 16&Prime;<\/li>\n<li>Le syst\u00e8me Information|Check-Quick TM permet aux points de contr\u00f4le de s\u00e9curit\u00e9 de voir visuellement l&rsquo;ordinateur portable sans retirer l&rsquo;ordinateur de la pochette<\/li>\n<li>Informations|Fait de mat\u00e9riaux respectueux de l&rsquo;environnement<\/li>\n<li>Zone d&rsquo;impression|Bient\u00f4t disponible<\/li>\n<li>\n \t<\/li>\n<li>\n \t<\/li>\n<li>\n<\/li>\n<\/ul>\n<p>&nbsp;<\/p>\n","protected":false},"excerpt":{"rendered":"<p>Code : CCCCCC <br \/>Une toile propre pour votre marque &#8211; avec un bel accent \u00e0 ajouter&nbsp;! Ce style classique avec une attention aux d\u00e9tails est tout ce dont votre marque a besoin pour durer !<\/p>\n","protected":false},"featured_media":2127,"comment_status":"closed","ping_status":"open","template":"","meta":[],"product_cat":[799,824,857,800,836],"product_tag":[403],"tiered_pricing_type":"fixed","tiered_pricing_fixed_rules":[],"tiered_pricing_percentage_rules":[],"tiered_pricing_minimum":1,"_administrator_tiered_pricing_type":"fixed","_administrator_tiered_pricing_fixed_rules":[],"_editor_tiered_pricing_type":"fixed","_editor_tiered_pricing_fixed_rules":[],"_author_tiered_pricing_type":"fixed","_author_tiered_pricing_fixed_rules":[],"_contributor_tiered_pricing_type":"fixed","_contributor_tiered_pricing_fixed_rules":[],"_subscriber_tiered_pricing_type":"fixed","_subscriber_tiered_pricing_fixed_rules":[],"_customer_tiered_pricing_type":"fixed","_customer_tiered_pricing_fixed_rules":[],"_shop_manager_tiered_pricing_type":"fixed","_shop_manager_tiered_pricing_fixed_rules":[],"_links":{"self":[{"href":"https:\/\/roel.testarcane.com\/fr\/wp-json\/wp\/v2\/product\/3349"}],"collection":[{"href":"https:\/\/roel.testarcane.com\/fr\/wp-json\/wp\/v2\/product"}],"about":[{"href":"https:\/\/roel.testarcane.com\/fr\/wp-json\/wp\/v2\/types\/product"}],"replies":[{"embeddable":true,"href":"https:\/\/roel.testarcane.com\/fr\/wp-json\/wp\/v2\/comments?post=3349"}],"wp:featuredmedia":[{"embeddable":true,"href":"https:\/\/roel.testarcane.com\/fr\/wp-json\/wp\/v2\/media\/2127"}],"wp:attachment":[{"href":"https:\/\/roel.testarcane.com\/fr\/wp-json\/wp\/v2\/media?parent=3349"}],"wp:term":[{"taxonomy":"product_cat","embeddable":true,"href":"https:\/\/roel.testarcane.com\/fr\/wp-json\/wp\/v2\/product_cat?post=3349"},{"taxonomy":"product_tag","embeddable":true,"href":"https:\/\/roel.testarcane.com\/fr\/wp-json\/wp\/v2\/product_tag?post=3349"}],"curies":[{"name":"wp","href":"https:\/\/api.w.org\/{rel}","templated":true}]}}