{"id":3347,"date":"2022-05-10T22:37:38","date_gmt":"2022-05-10T22:37:38","guid":{"rendered":"https:\/\/roel.testarcane.com\/product\/the-blackout-tasse-en-ceramique-bicolore\/"},"modified":"2022-05-11T17:48:22","modified_gmt":"2022-05-11T17:48:22","slug":"the-blackout-tasse-en-ceramique-bicolore","status":"publish","type":"product","link":"https:\/\/roel.testarcane.com\/fr\/produit\/the-blackout-tasse-en-ceramique-bicolore\/","title":{"rendered":"The Blackout &#8211; Tasse en c\u00e9ramique bicolore"},"content":{"rendered":"<ul>\n<li>Informations|Capacit\u00e9 de 12 oz<\/li>\n<li>Information|En raison du savoir-faire individuel du processus de trempage \u00e0 la main, des variations se produisent dans les parties de couleur de l&rsquo;\u00e9mail et dans les mat\u00e9riaux. Ces conditions peuvent entra\u00eener des dissemblances dans les c\u00e9ramiques<\/li>\n<li>Taille d&rsquo;impression|Bient\u00f4t disponible<\/li>\n<li>Frais d&rsquo;installation|par couleur\/par emplacement<\/li>\n<li>Rush|Veuillez contacter le service client<\/li>\n<li>Informations|Conception de couleurs bicolores<\/li>\n<li>\n \t<\/li>\n<li>\n \t<\/li>\n<li>\n<\/li>\n<\/ul>\n<p>&nbsp;<\/p>\n","protected":false},"excerpt":{"rendered":"<p>Informations|Capacit\u00e9 de 12 oz Information|En raison du savoir-faire individuel du processus de trempage \u00e0 la main, des variations se produisent dans les parties de couleur de l&rsquo;\u00e9mail et dans les mat\u00e9riaux. Ces conditions peuvent entra\u00eener des dissemblances dans les c\u00e9ramiques Taille d&rsquo;impression|Bient\u00f4t disponible Frais d&rsquo;installation|par couleur\/par emplacement Rush|Veuillez contacter le service client Informations|Conception de couleurs [&hellip;]<\/p>\n","protected":false},"featured_media":1112,"comment_status":"closed","ping_status":"open","template":"","meta":[],"product_cat":[865,850,854,824,849,855],"product_tag":[527],"tiered_pricing_type":"fixed","tiered_pricing_fixed_rules":[],"tiered_pricing_percentage_rules":[],"tiered_pricing_minimum":1,"_administrator_tiered_pricing_type":"fixed","_administrator_tiered_pricing_fixed_rules":[],"_editor_tiered_pricing_type":"fixed","_editor_tiered_pricing_fixed_rules":[],"_author_tiered_pricing_type":"fixed","_author_tiered_pricing_fixed_rules":[],"_contributor_tiered_pricing_type":"fixed","_contributor_tiered_pricing_fixed_rules":[],"_subscriber_tiered_pricing_type":"fixed","_subscriber_tiered_pricing_fixed_rules":[],"_customer_tiered_pricing_type":"fixed","_customer_tiered_pricing_fixed_rules":[],"_shop_manager_tiered_pricing_type":"fixed","_shop_manager_tiered_pricing_fixed_rules":[],"_links":{"self":[{"href":"https:\/\/roel.testarcane.com\/fr\/wp-json\/wp\/v2\/product\/3347"}],"collection":[{"href":"https:\/\/roel.testarcane.com\/fr\/wp-json\/wp\/v2\/product"}],"about":[{"href":"https:\/\/roel.testarcane.com\/fr\/wp-json\/wp\/v2\/types\/product"}],"replies":[{"embeddable":true,"href":"https:\/\/roel.testarcane.com\/fr\/wp-json\/wp\/v2\/comments?post=3347"}],"wp:featuredmedia":[{"embeddable":true,"href":"https:\/\/roel.testarcane.com\/fr\/wp-json\/wp\/v2\/media\/1112"}],"wp:attachment":[{"href":"https:\/\/roel.testarcane.com\/fr\/wp-json\/wp\/v2\/media?parent=3347"}],"wp:term":[{"taxonomy":"product_cat","embeddable":true,"href":"https:\/\/roel.testarcane.com\/fr\/wp-json\/wp\/v2\/product_cat?post=3347"},{"taxonomy":"product_tag","embeddable":true,"href":"https:\/\/roel.testarcane.com\/fr\/wp-json\/wp\/v2\/product_tag?post=3347"}],"curies":[{"name":"wp","href":"https:\/\/api.w.org\/{rel}","templated":true}]}}