{"id":3336,"date":"2022-05-10T22:37:51","date_gmt":"2022-05-10T22:37:51","guid":{"rendered":"https:\/\/roel.testarcane.com\/product\/the-jubilee-tasse-en-ceramique-bicolore\/"},"modified":"2022-05-11T17:48:20","modified_gmt":"2022-05-11T17:48:20","slug":"the-jubilee-tasse-en-ceramique-bicolore","status":"publish","type":"product","link":"https:\/\/roel.testarcane.com\/fr\/produit\/the-jubilee-tasse-en-ceramique-bicolore\/","title":{"rendered":"The Jubilee &#8211; Tasse en c\u00e9ramique bicolore"},"content":{"rendered":"<ul>\n<li>Rush|Veuillez contacter le service client<\/li>\n<li>Informations|Conception de couleurs bicolores<\/li>\n<li>Information|En raison du savoir-faire individuel des collections de tasses \u00ab\u00a0Duo-Tone\u00a0\u00bb, des variations se produisent dans les parties color\u00e9es de la gla\u00e7ure et peuvent entra\u00eener des dissemblances dans la c\u00e9ramique<\/li>\n<li>Zone d&rsquo;impression|Bient\u00f4t disponible<\/li>\n<li>Taille d&rsquo;impression|Bient\u00f4t disponible<\/li>\n<li>Frais d&rsquo;installation|par couleur\/par emplacement<\/li>\n<li>\n \t<\/li>\n<li>\n \t<\/li>\n<li>\n<\/li>\n<\/ul>\n<p>&nbsp;<\/p>\n","protected":false},"excerpt":{"rendered":"<p>Rush|Veuillez contacter le service client Informations|Conception de couleurs bicolores Information|En raison du savoir-faire individuel des collections de tasses \u00ab\u00a0Duo-Tone\u00a0\u00bb, des variations se produisent dans les parties color\u00e9es de la gla\u00e7ure et peuvent entra\u00eener des dissemblances dans la c\u00e9ramique Zone d&rsquo;impression|Bient\u00f4t disponible Taille d&rsquo;impression|Bient\u00f4t disponible Frais d&rsquo;installation|par couleur\/par emplacement &nbsp;<\/p>\n","protected":false},"featured_media":1263,"comment_status":"closed","ping_status":"open","template":"","meta":[],"product_cat":[865,823,850,854,824,849,855],"product_tag":[527],"tiered_pricing_type":"fixed","tiered_pricing_fixed_rules":[],"tiered_pricing_percentage_rules":[],"tiered_pricing_minimum":1,"_administrator_tiered_pricing_type":"fixed","_administrator_tiered_pricing_fixed_rules":[],"_editor_tiered_pricing_type":"fixed","_editor_tiered_pricing_fixed_rules":[],"_author_tiered_pricing_type":"fixed","_author_tiered_pricing_fixed_rules":[],"_contributor_tiered_pricing_type":"fixed","_contributor_tiered_pricing_fixed_rules":[],"_subscriber_tiered_pricing_type":"fixed","_subscriber_tiered_pricing_fixed_rules":[],"_customer_tiered_pricing_type":"fixed","_customer_tiered_pricing_fixed_rules":[],"_shop_manager_tiered_pricing_type":"fixed","_shop_manager_tiered_pricing_fixed_rules":[],"_links":{"self":[{"href":"https:\/\/roel.testarcane.com\/fr\/wp-json\/wp\/v2\/product\/3336"}],"collection":[{"href":"https:\/\/roel.testarcane.com\/fr\/wp-json\/wp\/v2\/product"}],"about":[{"href":"https:\/\/roel.testarcane.com\/fr\/wp-json\/wp\/v2\/types\/product"}],"replies":[{"embeddable":true,"href":"https:\/\/roel.testarcane.com\/fr\/wp-json\/wp\/v2\/comments?post=3336"}],"wp:featuredmedia":[{"embeddable":true,"href":"https:\/\/roel.testarcane.com\/fr\/wp-json\/wp\/v2\/media\/1263"}],"wp:attachment":[{"href":"https:\/\/roel.testarcane.com\/fr\/wp-json\/wp\/v2\/media?parent=3336"}],"wp:term":[{"taxonomy":"product_cat","embeddable":true,"href":"https:\/\/roel.testarcane.com\/fr\/wp-json\/wp\/v2\/product_cat?post=3336"},{"taxonomy":"product_tag","embeddable":true,"href":"https:\/\/roel.testarcane.com\/fr\/wp-json\/wp\/v2\/product_tag?post=3336"}],"curies":[{"name":"wp","href":"https:\/\/api.w.org\/{rel}","templated":true}]}}