{"id":3310,"date":"2022-05-10T22:38:37","date_gmt":"2022-05-10T22:38:37","guid":{"rendered":"https:\/\/roel.testarcane.com\/product\/le-monet-parapluie-compact\/"},"modified":"2022-05-11T17:48:16","modified_gmt":"2022-05-11T17:48:16","slug":"le-monet-parapluie-compact","status":"publish","type":"product","link":"https:\/\/roel.testarcane.com\/fr\/produit\/le-monet-parapluie-compact\/","title":{"rendered":"Le Monet &#8211; Parapluie compact"},"content":{"rendered":"<ul>\n<li>Rush|Veuillez contacter le service client<\/li>\n<li>Zone d&rsquo;impression|Auvent complet<\/li>\n<li>Taille d&rsquo;impression | Auvent complet.<\/li>\n<li>Conception coupe-vent con\u00e7ue pour s&rsquo;inverser en toute s\u00e9curit\u00e9 avec la rafale de vent la plus forte.<\/li>\n<li>\n \t<\/li>\n<li>\n \t<\/li>\n<li>\n \t<\/li>\n<li>\n \t<\/li>\n<li>\n<\/li>\n<\/ul>\n<p>&nbsp;<\/p>\n","protected":false},"excerpt":{"rendered":"<p>Code : CCCCCC <br \/>Une toile propre pour votre marque &#8211; avec un bel accent \u00e0 ajouter&nbsp;! Ce style classique avec une attention aux d\u00e9tails est tout ce dont votre marque a besoin pour durer !<\/p>\n","protected":false},"featured_media":1860,"comment_status":"closed","ping_status":"open","template":"","meta":[],"product_cat":[846,841,820,850,860,821,859,797,824],"product_tag":[403],"tiered_pricing_type":"fixed","tiered_pricing_fixed_rules":[],"tiered_pricing_percentage_rules":[],"tiered_pricing_minimum":1,"_administrator_tiered_pricing_type":"fixed","_administrator_tiered_pricing_fixed_rules":[],"_editor_tiered_pricing_type":"fixed","_editor_tiered_pricing_fixed_rules":[],"_author_tiered_pricing_type":"fixed","_author_tiered_pricing_fixed_rules":[],"_contributor_tiered_pricing_type":"fixed","_contributor_tiered_pricing_fixed_rules":[],"_subscriber_tiered_pricing_type":"fixed","_subscriber_tiered_pricing_fixed_rules":[],"_customer_tiered_pricing_type":"fixed","_customer_tiered_pricing_fixed_rules":[],"_shop_manager_tiered_pricing_type":"fixed","_shop_manager_tiered_pricing_fixed_rules":[],"_links":{"self":[{"href":"https:\/\/roel.testarcane.com\/fr\/wp-json\/wp\/v2\/product\/3310"}],"collection":[{"href":"https:\/\/roel.testarcane.com\/fr\/wp-json\/wp\/v2\/product"}],"about":[{"href":"https:\/\/roel.testarcane.com\/fr\/wp-json\/wp\/v2\/types\/product"}],"replies":[{"embeddable":true,"href":"https:\/\/roel.testarcane.com\/fr\/wp-json\/wp\/v2\/comments?post=3310"}],"wp:featuredmedia":[{"embeddable":true,"href":"https:\/\/roel.testarcane.com\/fr\/wp-json\/wp\/v2\/media\/1860"}],"wp:attachment":[{"href":"https:\/\/roel.testarcane.com\/fr\/wp-json\/wp\/v2\/media?parent=3310"}],"wp:term":[{"taxonomy":"product_cat","embeddable":true,"href":"https:\/\/roel.testarcane.com\/fr\/wp-json\/wp\/v2\/product_cat?post=3310"},{"taxonomy":"product_tag","embeddable":true,"href":"https:\/\/roel.testarcane.com\/fr\/wp-json\/wp\/v2\/product_tag?post=3310"}],"curies":[{"name":"wp","href":"https:\/\/api.w.org\/{rel}","templated":true}]}}