{"id":3300,"date":"2022-05-10T22:37:57","date_gmt":"2022-05-10T22:37:57","guid":{"rendered":"https:\/\/roel.testarcane.com\/product\/bonbons-de-fer\/"},"modified":"2022-05-11T17:48:19","modified_gmt":"2022-05-11T17:48:19","slug":"bonbons-de-fer","status":"publish","type":"product","link":"https:\/\/roel.testarcane.com\/fr\/produit\/bonbons-de-fer\/","title":{"rendered":"Bonbons de fer"},"content":{"rendered":"<ul>\n<li>Design \u00e9l\u00e9gant et cr\u00e9atif sans capuchon &#8211; Bo\u00eetier en alliage r\u00e9sistant et ind\u00e9formable<\/li>\n<li>M\u00e9moire flash encapsul\u00e9e, r\u00e9sistante aux chocs, \u00e0 l&rsquo;eau et \u00e0 la poussi\u00e8re<\/li>\n<li>Options de couleurs vives disponibles<\/li>\n<li>Vitesse de lecture jusqu&rsquo;\u00e0 18 Mo\/s et vitesse d&rsquo;\u00e9criture jusqu&rsquo;\u00e0 5 Mo\/s<\/li>\n<li>Le produit lui-m\u00eame est livr\u00e9 dans une solution d&#8217;emballage \u00e9l\u00e9gante qui ne manquera pas d&rsquo;impressionner tout le monde.<\/li>\n<li>\n \t<\/li>\n<li>\n \t<\/li>\n<li>\n \t<\/li>\n<li>\n<\/li>\n<\/ul>\n<p>&nbsp;<\/p>\n","protected":false},"excerpt":{"rendered":"<p>Design \u00e9l\u00e9gant et cr\u00e9atif sans capuchon &#8211; Bo\u00eetier en alliage r\u00e9sistant et ind\u00e9formable M\u00e9moire flash encapsul\u00e9e, r\u00e9sistante aux chocs, \u00e0 l&rsquo;eau et \u00e0 la poussi\u00e8re Options de couleurs vives disponibles Vitesse de lecture jusqu&rsquo;\u00e0 18 Mo\/s et vitesse d&rsquo;\u00e9criture jusqu&rsquo;\u00e0 5 Mo\/s Le produit lui-m\u00eame est livr\u00e9 dans une solution d&#8217;emballage \u00e9l\u00e9gante qui ne manquera [&hellip;]<\/p>\n","protected":false},"featured_media":2496,"comment_status":"closed","ping_status":"open","template":"","meta":[],"product_cat":[816,817,820,815,829,824,836],"product_tag":[],"tiered_pricing_type":"fixed","tiered_pricing_fixed_rules":[],"tiered_pricing_percentage_rules":[],"tiered_pricing_minimum":1,"_administrator_tiered_pricing_type":"fixed","_administrator_tiered_pricing_fixed_rules":[],"_editor_tiered_pricing_type":"fixed","_editor_tiered_pricing_fixed_rules":[],"_author_tiered_pricing_type":"fixed","_author_tiered_pricing_fixed_rules":[],"_contributor_tiered_pricing_type":"fixed","_contributor_tiered_pricing_fixed_rules":[],"_subscriber_tiered_pricing_type":"fixed","_subscriber_tiered_pricing_fixed_rules":[],"_customer_tiered_pricing_type":"fixed","_customer_tiered_pricing_fixed_rules":[],"_shop_manager_tiered_pricing_type":"fixed","_shop_manager_tiered_pricing_fixed_rules":[],"_links":{"self":[{"href":"https:\/\/roel.testarcane.com\/fr\/wp-json\/wp\/v2\/product\/3300"}],"collection":[{"href":"https:\/\/roel.testarcane.com\/fr\/wp-json\/wp\/v2\/product"}],"about":[{"href":"https:\/\/roel.testarcane.com\/fr\/wp-json\/wp\/v2\/types\/product"}],"replies":[{"embeddable":true,"href":"https:\/\/roel.testarcane.com\/fr\/wp-json\/wp\/v2\/comments?post=3300"}],"wp:featuredmedia":[{"embeddable":true,"href":"https:\/\/roel.testarcane.com\/fr\/wp-json\/wp\/v2\/media\/2496"}],"wp:attachment":[{"href":"https:\/\/roel.testarcane.com\/fr\/wp-json\/wp\/v2\/media?parent=3300"}],"wp:term":[{"taxonomy":"product_cat","embeddable":true,"href":"https:\/\/roel.testarcane.com\/fr\/wp-json\/wp\/v2\/product_cat?post=3300"},{"taxonomy":"product_tag","embeddable":true,"href":"https:\/\/roel.testarcane.com\/fr\/wp-json\/wp\/v2\/product_tag?post=3300"}],"curies":[{"name":"wp","href":"https:\/\/api.w.org\/{rel}","templated":true}]}}