{"id":3287,"date":"2022-05-10T22:38:30","date_gmt":"2022-05-10T22:38:30","guid":{"rendered":"https:\/\/roel.testarcane.com\/product\/lunique-parapluie-droit-a-ouverture-automatique\/"},"modified":"2022-05-11T17:48:17","modified_gmt":"2022-05-11T17:48:17","slug":"lunique-parapluie-droit-a-ouverture-automatique","status":"publish","type":"product","link":"https:\/\/roel.testarcane.com\/fr\/produit\/lunique-parapluie-droit-a-ouverture-automatique\/","title":{"rendered":"L&rsquo;Unique &#8211; Parapluie droit \u00e0 ouverture automatique"},"content":{"rendered":"<ul>\n<li>Informations|Poign\u00e9e, garniture et rayons assortis aux couleurs<\/li>\n<li>Zone d&rsquo;impression | Centr\u00e9 \u00e0 1,25&Prime; du bas du panneau<\/li>\n<li>Frais d&rsquo;installation|par couleur\/par emplacement<\/li>\n<li>Pr\u00e9cipitez-vous|Veuillez contacter le service client<\/li>\n<li>Informations|Ouverture automatique<\/li>\n<li>\n \t<\/li>\n<li>\n \t<\/li>\n<li>\n \t<\/li>\n<li>\n<\/li>\n<\/ul>\n<p>&nbsp;<\/p>\n","protected":false},"excerpt":{"rendered":"<p>Informations|Poign\u00e9e, garniture et rayons assortis aux couleurs Zone d&rsquo;impression | Centr\u00e9 \u00e0 1,25&Prime; du bas du panneau Frais d&rsquo;installation|par couleur\/par emplacement Pr\u00e9cipitez-vous|Veuillez contacter le service client Informations|Ouverture automatique &nbsp;<\/p>\n","protected":false},"featured_media":945,"comment_status":"closed","ping_status":"closed","template":"","meta":[],"product_cat":[846,821,862,824],"product_tag":[403],"tiered_pricing_type":"fixed","tiered_pricing_fixed_rules":[],"tiered_pricing_percentage_rules":[],"tiered_pricing_minimum":1,"_administrator_tiered_pricing_type":"fixed","_administrator_tiered_pricing_fixed_rules":[],"_editor_tiered_pricing_type":"fixed","_editor_tiered_pricing_fixed_rules":[],"_author_tiered_pricing_type":"fixed","_author_tiered_pricing_fixed_rules":[],"_contributor_tiered_pricing_type":"fixed","_contributor_tiered_pricing_fixed_rules":[],"_subscriber_tiered_pricing_type":"fixed","_subscriber_tiered_pricing_fixed_rules":[],"_customer_tiered_pricing_type":"fixed","_customer_tiered_pricing_fixed_rules":[],"_shop_manager_tiered_pricing_type":"fixed","_shop_manager_tiered_pricing_fixed_rules":[],"_links":{"self":[{"href":"https:\/\/roel.testarcane.com\/fr\/wp-json\/wp\/v2\/product\/3287"}],"collection":[{"href":"https:\/\/roel.testarcane.com\/fr\/wp-json\/wp\/v2\/product"}],"about":[{"href":"https:\/\/roel.testarcane.com\/fr\/wp-json\/wp\/v2\/types\/product"}],"replies":[{"embeddable":true,"href":"https:\/\/roel.testarcane.com\/fr\/wp-json\/wp\/v2\/comments?post=3287"}],"wp:featuredmedia":[{"embeddable":true,"href":"https:\/\/roel.testarcane.com\/fr\/wp-json\/wp\/v2\/media\/945"}],"wp:attachment":[{"href":"https:\/\/roel.testarcane.com\/fr\/wp-json\/wp\/v2\/media?parent=3287"}],"wp:term":[{"taxonomy":"product_cat","embeddable":true,"href":"https:\/\/roel.testarcane.com\/fr\/wp-json\/wp\/v2\/product_cat?post=3287"},{"taxonomy":"product_tag","embeddable":true,"href":"https:\/\/roel.testarcane.com\/fr\/wp-json\/wp\/v2\/product_tag?post=3287"}],"curies":[{"name":"wp","href":"https:\/\/api.w.org\/{rel}","templated":true}]}}