{"id":3280,"date":"2022-05-10T22:38:37","date_gmt":"2022-05-10T22:38:37","guid":{"rendered":"https:\/\/roel.testarcane.com\/product\/le-yogi-onion-stretch-pod\/"},"modified":"2022-05-11T17:48:15","modified_gmt":"2022-05-11T17:48:15","slug":"le-yogi-onion-stretch-pod","status":"publish","type":"product","link":"https:\/\/roel.testarcane.com\/fr\/produit\/le-yogi-onion-stretch-pod\/","title":{"rendered":"Le Yogi-Onion Stretch Pod"},"content":{"rendered":"<ul>\n<li>\u00c9tirez-vous pour couvrir et stocker les restes de tomates pour les garder fermes et fra\u00eeches plus longtemps&nbsp;!<\/li>\n<li>La couverture en silicone extensible s&rsquo;\u00e9tend \u00e0 la forme de vos produits pour une meilleure \u00e9tanch\u00e9it\u00e9.<\/li>\n<li>Lave-vaisselle<\/li>\n<li>D\u00e9couvrez toute notre collection Yogi pour plus d&rsquo;options de produits et de couleurs !<\/li>\n<li>\n \t<\/li>\n<li>\n \t<\/li>\n<li>\n \t<\/li>\n<li>\n \t<\/li>\n<li>\n<\/li>\n<\/ul>\n<p>&nbsp;<\/p>\n","protected":false},"excerpt":{"rendered":"<p>Code : CCCCCC <br \/>Une toile propre pour votre marque &#8211; avec un bel accent \u00e0 ajouter&nbsp;! Ce style classique avec une attention aux d\u00e9tails est tout ce dont votre marque a besoin pour durer !<\/p>\n","protected":false},"featured_media":2020,"comment_status":"closed","ping_status":"open","template":"","meta":[],"product_cat":[793,823,850,795,824,794],"product_tag":[403],"tiered_pricing_type":"fixed","tiered_pricing_fixed_rules":[],"tiered_pricing_percentage_rules":[],"tiered_pricing_minimum":1,"_administrator_tiered_pricing_type":"fixed","_administrator_tiered_pricing_fixed_rules":[],"_editor_tiered_pricing_type":"fixed","_editor_tiered_pricing_fixed_rules":[],"_author_tiered_pricing_type":"fixed","_author_tiered_pricing_fixed_rules":[],"_contributor_tiered_pricing_type":"fixed","_contributor_tiered_pricing_fixed_rules":[],"_subscriber_tiered_pricing_type":"fixed","_subscriber_tiered_pricing_fixed_rules":[],"_customer_tiered_pricing_type":"fixed","_customer_tiered_pricing_fixed_rules":[],"_shop_manager_tiered_pricing_type":"fixed","_shop_manager_tiered_pricing_fixed_rules":[],"_links":{"self":[{"href":"https:\/\/roel.testarcane.com\/fr\/wp-json\/wp\/v2\/product\/3280"}],"collection":[{"href":"https:\/\/roel.testarcane.com\/fr\/wp-json\/wp\/v2\/product"}],"about":[{"href":"https:\/\/roel.testarcane.com\/fr\/wp-json\/wp\/v2\/types\/product"}],"replies":[{"embeddable":true,"href":"https:\/\/roel.testarcane.com\/fr\/wp-json\/wp\/v2\/comments?post=3280"}],"wp:featuredmedia":[{"embeddable":true,"href":"https:\/\/roel.testarcane.com\/fr\/wp-json\/wp\/v2\/media\/2020"}],"wp:attachment":[{"href":"https:\/\/roel.testarcane.com\/fr\/wp-json\/wp\/v2\/media?parent=3280"}],"wp:term":[{"taxonomy":"product_cat","embeddable":true,"href":"https:\/\/roel.testarcane.com\/fr\/wp-json\/wp\/v2\/product_cat?post=3280"},{"taxonomy":"product_tag","embeddable":true,"href":"https:\/\/roel.testarcane.com\/fr\/wp-json\/wp\/v2\/product_tag?post=3280"}],"curies":[{"name":"wp","href":"https:\/\/api.w.org\/{rel}","templated":true}]}}