{"id":3272,"date":"2022-05-10T22:38:44","date_gmt":"2022-05-10T22:38:44","guid":{"rendered":"https:\/\/roel.testarcane.com\/product\/les-tonalites-torngat-ceramic-earth\/"},"modified":"2022-05-11T17:48:13","modified_gmt":"2022-05-11T17:48:13","slug":"les-tonalites-torngat-ceramic-earth","status":"publish","type":"product","link":"https:\/\/roel.testarcane.com\/fr\/produit\/les-tonalites-torngat-ceramic-earth\/","title":{"rendered":"Les tonalit\u00e9s Torngat- Ceramic Earth"},"content":{"rendered":"<ul>\n<li>Couleurs | Disponible dans les tons terre de rouge, blanc, gris, bleu et bleu clair.<\/li>\n<li>Mat\u00e9riel|C\u00e9ramique<\/li>\n<li>Information|L\u00e8vre \u00e9vas\u00e9e, int\u00e9rieur brillant et ext\u00e9rieur mat.<\/li>\n<li>Information|Dispose d&rsquo;un accent inf\u00e9rieur marron clair.<\/li>\n<li>\n \t<\/li>\n<li>\n \t<\/li>\n<li>\n \t<\/li>\n<li>\n \t<\/li>\n<li>\n<\/li>\n<\/ul>\n<p>&nbsp;<\/p>\n","protected":false},"excerpt":{"rendered":"<p>Couleurs | Disponible dans les tons terre de rouge, blanc, gris, bleu et bleu clair. Mat\u00e9riel|C\u00e9ramique Information|L\u00e8vre \u00e9vas\u00e9e, int\u00e9rieur brillant et ext\u00e9rieur mat. Information|Dispose d&rsquo;un accent inf\u00e9rieur marron clair. &nbsp;<\/p>\n","protected":false},"featured_media":1606,"comment_status":"closed","ping_status":"open","template":"","meta":[],"product_cat":[865,850,854,824,849,855],"product_tag":[527],"tiered_pricing_type":"fixed","tiered_pricing_fixed_rules":[],"tiered_pricing_percentage_rules":[],"tiered_pricing_minimum":1,"_administrator_tiered_pricing_type":"fixed","_administrator_tiered_pricing_fixed_rules":[],"_editor_tiered_pricing_type":"fixed","_editor_tiered_pricing_fixed_rules":[],"_author_tiered_pricing_type":"fixed","_author_tiered_pricing_fixed_rules":[],"_contributor_tiered_pricing_type":"fixed","_contributor_tiered_pricing_fixed_rules":[],"_subscriber_tiered_pricing_type":"fixed","_subscriber_tiered_pricing_fixed_rules":[],"_customer_tiered_pricing_type":"fixed","_customer_tiered_pricing_fixed_rules":[],"_shop_manager_tiered_pricing_type":"fixed","_shop_manager_tiered_pricing_fixed_rules":[],"_links":{"self":[{"href":"https:\/\/roel.testarcane.com\/fr\/wp-json\/wp\/v2\/product\/3272"}],"collection":[{"href":"https:\/\/roel.testarcane.com\/fr\/wp-json\/wp\/v2\/product"}],"about":[{"href":"https:\/\/roel.testarcane.com\/fr\/wp-json\/wp\/v2\/types\/product"}],"replies":[{"embeddable":true,"href":"https:\/\/roel.testarcane.com\/fr\/wp-json\/wp\/v2\/comments?post=3272"}],"wp:featuredmedia":[{"embeddable":true,"href":"https:\/\/roel.testarcane.com\/fr\/wp-json\/wp\/v2\/media\/1606"}],"wp:attachment":[{"href":"https:\/\/roel.testarcane.com\/fr\/wp-json\/wp\/v2\/media?parent=3272"}],"wp:term":[{"taxonomy":"product_cat","embeddable":true,"href":"https:\/\/roel.testarcane.com\/fr\/wp-json\/wp\/v2\/product_cat?post=3272"},{"taxonomy":"product_tag","embeddable":true,"href":"https:\/\/roel.testarcane.com\/fr\/wp-json\/wp\/v2\/product_tag?post=3272"}],"curies":[{"name":"wp","href":"https:\/\/api.w.org\/{rel}","templated":true}]}}