{"id":3264,"date":"2022-05-10T22:38:51","date_gmt":"2022-05-10T22:38:51","guid":{"rendered":"https:\/\/roel.testarcane.com\/product\/le-parapluie-de-voiture-personnalise-dali-full-digital\/"},"modified":"2022-05-11T17:48:13","modified_gmt":"2022-05-11T17:48:13","slug":"le-parapluie-de-voiture-personnalise-dali-full-digital","status":"publish","type":"product","link":"https:\/\/roel.testarcane.com\/fr\/produit\/le-parapluie-de-voiture-personnalise-dali-full-digital\/","title":{"rendered":"Le parapluie de voiture personnalis\u00e9 Dali &#8211; Full Digital"},"content":{"rendered":"<ul>\n<li>Conception \u00e0 double couche &#8211; permet au parapluie de se tenir debout et de s\u00e9cher plus rapidement<\/li>\n<li>Poign\u00e9e en C unique qui garde les mains libres<\/li>\n<li>Double toile &#8211; un auvent personnalis\u00e9 enti\u00e8rement num\u00e9rique et un auvent de couleur standard<\/li>\n<li>Rush|Veuillez contacter le service client<\/li>\n<li>\n \t<\/li>\n<li>\n \t<\/li>\n<li>\n \t<\/li>\n<li>\n \t<\/li>\n<li>\n<\/li>\n<\/ul>\n<p>&nbsp;<\/p>\n","protected":false},"excerpt":{"rendered":"<p>Code : CCCCCC <br \/>Une toile propre pour votre marque &#8211; avec un bel accent \u00e0 ajouter&nbsp;! Ce style classique avec une attention aux d\u00e9tails est tout ce dont votre marque a besoin pour durer !<\/p>\n","protected":false},"featured_media":1902,"comment_status":"closed","ping_status":"open","template":"","meta":[],"product_cat":[846,801,820,850,821,862,797,824],"product_tag":[],"tiered_pricing_type":"fixed","tiered_pricing_fixed_rules":[],"tiered_pricing_percentage_rules":[],"tiered_pricing_minimum":1,"_administrator_tiered_pricing_type":"fixed","_administrator_tiered_pricing_fixed_rules":[],"_editor_tiered_pricing_type":"fixed","_editor_tiered_pricing_fixed_rules":[],"_author_tiered_pricing_type":"fixed","_author_tiered_pricing_fixed_rules":[],"_contributor_tiered_pricing_type":"fixed","_contributor_tiered_pricing_fixed_rules":[],"_subscriber_tiered_pricing_type":"fixed","_subscriber_tiered_pricing_fixed_rules":[],"_customer_tiered_pricing_type":"fixed","_customer_tiered_pricing_fixed_rules":[],"_shop_manager_tiered_pricing_type":"fixed","_shop_manager_tiered_pricing_fixed_rules":[],"_links":{"self":[{"href":"https:\/\/roel.testarcane.com\/fr\/wp-json\/wp\/v2\/product\/3264"}],"collection":[{"href":"https:\/\/roel.testarcane.com\/fr\/wp-json\/wp\/v2\/product"}],"about":[{"href":"https:\/\/roel.testarcane.com\/fr\/wp-json\/wp\/v2\/types\/product"}],"replies":[{"embeddable":true,"href":"https:\/\/roel.testarcane.com\/fr\/wp-json\/wp\/v2\/comments?post=3264"}],"wp:featuredmedia":[{"embeddable":true,"href":"https:\/\/roel.testarcane.com\/fr\/wp-json\/wp\/v2\/media\/1902"}],"wp:attachment":[{"href":"https:\/\/roel.testarcane.com\/fr\/wp-json\/wp\/v2\/media?parent=3264"}],"wp:term":[{"taxonomy":"product_cat","embeddable":true,"href":"https:\/\/roel.testarcane.com\/fr\/wp-json\/wp\/v2\/product_cat?post=3264"},{"taxonomy":"product_tag","embeddable":true,"href":"https:\/\/roel.testarcane.com\/fr\/wp-json\/wp\/v2\/product_tag?post=3264"}],"curies":[{"name":"wp","href":"https:\/\/api.w.org\/{rel}","templated":true}]}}