{"id":3249,"date":"2022-05-10T22:38:58","date_gmt":"2022-05-10T22:38:58","guid":{"rendered":"https:\/\/roel.testarcane.com\/product\/fer-rapide-3-0\/"},"modified":"2022-05-11T17:48:12","modified_gmt":"2022-05-11T17:48:12","slug":"fer-rapide-3-0","status":"publish","type":"product","link":"https:\/\/roel.testarcane.com\/fr\/produit\/fer-rapide-3-0\/","title":{"rendered":"Fer rapide 3.0"},"content":{"rendered":"<ul>\n<li>Design minimaliste et ing\u00e9nieux, compact et sans capuchon<\/li>\n<li>Coque en alliage ind\u00e9formable<\/li>\n<li>Gravure \u00e9l\u00e9gante grav\u00e9e au laser<\/li>\n<li>\n \t<\/li>\n<li>\n \t<\/li>\n<li>\n \t<\/li>\n<li>\n \t<\/li>\n<li>\n \t<\/li>\n<li>\n<\/li>\n<\/ul>\n<p>&nbsp;<\/p>\n","protected":false},"excerpt":{"rendered":"<p>Code : CCCCCC <br \/>Une toile propre pour votre marque &#8211; avec un bel accent \u00e0 ajouter&nbsp;! Ce style classique avec une attention aux d\u00e9tails est tout ce dont votre marque a besoin pour durer !<\/p>\n","protected":false},"featured_media":2720,"comment_status":"closed","ping_status":"open","template":"","meta":[],"product_cat":[816,817,820,815,829,824,836],"product_tag":[],"tiered_pricing_type":"fixed","tiered_pricing_fixed_rules":[],"tiered_pricing_percentage_rules":[],"tiered_pricing_minimum":1,"_administrator_tiered_pricing_type":"fixed","_administrator_tiered_pricing_fixed_rules":[],"_editor_tiered_pricing_type":"fixed","_editor_tiered_pricing_fixed_rules":[],"_author_tiered_pricing_type":"fixed","_author_tiered_pricing_fixed_rules":[],"_contributor_tiered_pricing_type":"fixed","_contributor_tiered_pricing_fixed_rules":[],"_subscriber_tiered_pricing_type":"fixed","_subscriber_tiered_pricing_fixed_rules":[],"_customer_tiered_pricing_type":"fixed","_customer_tiered_pricing_fixed_rules":[],"_shop_manager_tiered_pricing_type":"fixed","_shop_manager_tiered_pricing_fixed_rules":[],"_links":{"self":[{"href":"https:\/\/roel.testarcane.com\/fr\/wp-json\/wp\/v2\/product\/3249"}],"collection":[{"href":"https:\/\/roel.testarcane.com\/fr\/wp-json\/wp\/v2\/product"}],"about":[{"href":"https:\/\/roel.testarcane.com\/fr\/wp-json\/wp\/v2\/types\/product"}],"replies":[{"embeddable":true,"href":"https:\/\/roel.testarcane.com\/fr\/wp-json\/wp\/v2\/comments?post=3249"}],"wp:featuredmedia":[{"embeddable":true,"href":"https:\/\/roel.testarcane.com\/fr\/wp-json\/wp\/v2\/media\/2720"}],"wp:attachment":[{"href":"https:\/\/roel.testarcane.com\/fr\/wp-json\/wp\/v2\/media?parent=3249"}],"wp:term":[{"taxonomy":"product_cat","embeddable":true,"href":"https:\/\/roel.testarcane.com\/fr\/wp-json\/wp\/v2\/product_cat?post=3249"},{"taxonomy":"product_tag","embeddable":true,"href":"https:\/\/roel.testarcane.com\/fr\/wp-json\/wp\/v2\/product_tag?post=3249"}],"curies":[{"name":"wp","href":"https:\/\/api.w.org\/{rel}","templated":true}]}}