{"id":3232,"date":"2022-05-10T22:39:05","date_gmt":"2022-05-10T22:39:05","guid":{"rendered":"https:\/\/roel.testarcane.com\/product\/iron-care-antibacterien-usb\/"},"modified":"2022-05-11T17:48:10","modified_gmt":"2022-05-11T17:48:10","slug":"iron-care-antibacterien-usb","status":"publish","type":"product","link":"https:\/\/roel.testarcane.com\/fr\/produit\/iron-care-antibacterien-usb\/","title":{"rendered":"Iron Care Antibact\u00e9rien USB"},"content":{"rendered":"<ul>\n<li>Recouvert du mat\u00e9riau composite brevet\u00e9 MetalSkin Medical<\/li>\n<li>Le mat\u00e9riau est certifi\u00e9 AFNOR S90-700 et CNRS ce qui signifie que la surface \u00e9limine 99% des bact\u00e9ries en une heure dans des conditions environnementales normales<\/li>\n<li>Design minimaliste et innovant sans capuchon M\u00e9moire flash encapsul\u00e9e, r\u00e9sistant aux chocs, \u00e0 l&rsquo;eau et \u00e0 la poussi\u00e8re<\/li>\n<li>\n \t<\/li>\n<li>\n \t<\/li>\n<li>\n \t<\/li>\n<li>\n \t<\/li>\n<li>\n \t<\/li>\n<li>\n<\/li>\n<\/ul>\n<p>&nbsp;<\/p>\n","protected":false},"excerpt":{"rendered":"<p>Code : CCCCCC <br \/>Une toile propre pour votre marque &#8211; avec un bel accent \u00e0 ajouter&nbsp;! Ce style classique avec une attention aux d\u00e9tails est tout ce dont votre marque a besoin pour durer !<\/p>\n","protected":false},"featured_media":2923,"comment_status":"closed","ping_status":"open","template":"","meta":[],"product_cat":[816,815,829,824,836],"product_tag":[],"tiered_pricing_type":"fixed","tiered_pricing_fixed_rules":[],"tiered_pricing_percentage_rules":[],"tiered_pricing_minimum":1,"_administrator_tiered_pricing_type":"fixed","_administrator_tiered_pricing_fixed_rules":[],"_editor_tiered_pricing_type":"fixed","_editor_tiered_pricing_fixed_rules":[],"_author_tiered_pricing_type":"fixed","_author_tiered_pricing_fixed_rules":[],"_contributor_tiered_pricing_type":"fixed","_contributor_tiered_pricing_fixed_rules":[],"_subscriber_tiered_pricing_type":"fixed","_subscriber_tiered_pricing_fixed_rules":[],"_customer_tiered_pricing_type":"fixed","_customer_tiered_pricing_fixed_rules":[],"_shop_manager_tiered_pricing_type":"fixed","_shop_manager_tiered_pricing_fixed_rules":[],"_links":{"self":[{"href":"https:\/\/roel.testarcane.com\/fr\/wp-json\/wp\/v2\/product\/3232"}],"collection":[{"href":"https:\/\/roel.testarcane.com\/fr\/wp-json\/wp\/v2\/product"}],"about":[{"href":"https:\/\/roel.testarcane.com\/fr\/wp-json\/wp\/v2\/types\/product"}],"replies":[{"embeddable":true,"href":"https:\/\/roel.testarcane.com\/fr\/wp-json\/wp\/v2\/comments?post=3232"}],"wp:featuredmedia":[{"embeddable":true,"href":"https:\/\/roel.testarcane.com\/fr\/wp-json\/wp\/v2\/media\/2923"}],"wp:attachment":[{"href":"https:\/\/roel.testarcane.com\/fr\/wp-json\/wp\/v2\/media?parent=3232"}],"wp:term":[{"taxonomy":"product_cat","embeddable":true,"href":"https:\/\/roel.testarcane.com\/fr\/wp-json\/wp\/v2\/product_cat?post=3232"},{"taxonomy":"product_tag","embeddable":true,"href":"https:\/\/roel.testarcane.com\/fr\/wp-json\/wp\/v2\/product_tag?post=3232"}],"curies":[{"name":"wp","href":"https:\/\/api.w.org\/{rel}","templated":true}]}}