{"id":3222,"date":"2022-05-10T22:39:12","date_gmt":"2022-05-10T22:39:12","guid":{"rendered":"https:\/\/roel.testarcane.com\/product\/the-executive-porte-cartes-de-visite-en-cuir\/"},"modified":"2022-05-11T17:48:08","modified_gmt":"2022-05-11T17:48:08","slug":"the-executive-porte-cartes-de-visite-en-cuir","status":"publish","type":"product","link":"https:\/\/roel.testarcane.com\/fr\/produit\/the-executive-porte-cartes-de-visite-en-cuir\/","title":{"rendered":"The Executive &#8211; Porte-cartes de visite en cuir"},"content":{"rendered":"<ul>\n<li>Informations|Cadre en m\u00e9tal argent\u00e9, moderne et rigide<\/li>\n<li>Taille d&rsquo;impression|Bient\u00f4t disponible<\/li>\n<li>Rush|Veuillez contacter le service client.<\/li>\n<li>\n \t<\/li>\n<li>\n \t<\/li>\n<li>\n \t<\/li>\n<li>\n \t<\/li>\n<li>\n \t<\/li>\n<li>\n<\/li>\n<\/ul>\n<p>&nbsp;<\/p>\n","protected":false},"excerpt":{"rendered":"<p>Informations|Cadre en m\u00e9tal argent\u00e9, moderne et rigide Taille d&rsquo;impression|Bient\u00f4t disponible Rush|Veuillez contacter le service client. &nbsp;<\/p>\n","protected":false},"featured_media":2034,"comment_status":"closed","ping_status":"closed","template":"","meta":[],"product_cat":[869,833,832,820,850,789,854,824],"product_tag":[474],"tiered_pricing_type":"fixed","tiered_pricing_fixed_rules":[],"tiered_pricing_percentage_rules":[],"tiered_pricing_minimum":1,"_administrator_tiered_pricing_type":"fixed","_administrator_tiered_pricing_fixed_rules":[],"_editor_tiered_pricing_type":"fixed","_editor_tiered_pricing_fixed_rules":[],"_author_tiered_pricing_type":"fixed","_author_tiered_pricing_fixed_rules":[],"_contributor_tiered_pricing_type":"fixed","_contributor_tiered_pricing_fixed_rules":[],"_subscriber_tiered_pricing_type":"fixed","_subscriber_tiered_pricing_fixed_rules":[],"_customer_tiered_pricing_type":"fixed","_customer_tiered_pricing_fixed_rules":[],"_shop_manager_tiered_pricing_type":"fixed","_shop_manager_tiered_pricing_fixed_rules":[],"_links":{"self":[{"href":"https:\/\/roel.testarcane.com\/fr\/wp-json\/wp\/v2\/product\/3222"}],"collection":[{"href":"https:\/\/roel.testarcane.com\/fr\/wp-json\/wp\/v2\/product"}],"about":[{"href":"https:\/\/roel.testarcane.com\/fr\/wp-json\/wp\/v2\/types\/product"}],"replies":[{"embeddable":true,"href":"https:\/\/roel.testarcane.com\/fr\/wp-json\/wp\/v2\/comments?post=3222"}],"wp:featuredmedia":[{"embeddable":true,"href":"https:\/\/roel.testarcane.com\/fr\/wp-json\/wp\/v2\/media\/2034"}],"wp:attachment":[{"href":"https:\/\/roel.testarcane.com\/fr\/wp-json\/wp\/v2\/media?parent=3222"}],"wp:term":[{"taxonomy":"product_cat","embeddable":true,"href":"https:\/\/roel.testarcane.com\/fr\/wp-json\/wp\/v2\/product_cat?post=3222"},{"taxonomy":"product_tag","embeddable":true,"href":"https:\/\/roel.testarcane.com\/fr\/wp-json\/wp\/v2\/product_tag?post=3222"}],"curies":[{"name":"wp","href":"https:\/\/api.w.org\/{rel}","templated":true}]}}