{"id":3202,"date":"2022-05-10T22:39:27","date_gmt":"2022-05-10T22:39:27","guid":{"rendered":"https:\/\/roel.testarcane.com\/product\/le-hamac-banana-pod\/"},"modified":"2022-05-11T18:05:27","modified_gmt":"2022-05-11T18:05:27","slug":"le-hamac-banana-pod","status":"publish","type":"product","link":"https:\/\/roel.testarcane.com\/fr\/produit\/le-hamac-banana-pod\/","title":{"rendered":"Le Hamac &#8211; Banana Pod"},"content":{"rendered":"<ul>\n<li>Prot\u00e9ger les bananes avec style. Emp\u00eache les meurtrissures de la banane lors de vos d\u00e9placements.<\/li>\n<li>Passe au lave-vaisselle dans le panier sup\u00e9rieur.<\/li>\n<\/ul>\n<p>&nbsp;<\/p>\n","protected":false},"excerpt":{"rendered":"<p>Code : CCCCCC<br \/>\nUne toile propre pour votre marque &#8211; avec un bel accent \u00e0 ajouter ! Ce style classique avec une attention aux d\u00e9tails est tout ce dont votre marque a besoin pour durer !<\/p>\n","protected":false},"featured_media":1975,"comment_status":"closed","ping_status":"closed","template":"","meta":[],"product_cat":[793,823,824,794],"product_tag":[403],"tiered_pricing_type":"fixed","tiered_pricing_fixed_rules":[],"tiered_pricing_percentage_rules":[],"tiered_pricing_minimum":1,"_administrator_tiered_pricing_type":"fixed","_administrator_tiered_pricing_fixed_rules":[],"_editor_tiered_pricing_type":"fixed","_editor_tiered_pricing_fixed_rules":[],"_author_tiered_pricing_type":"fixed","_author_tiered_pricing_fixed_rules":[],"_contributor_tiered_pricing_type":"fixed","_contributor_tiered_pricing_fixed_rules":[],"_subscriber_tiered_pricing_type":"fixed","_subscriber_tiered_pricing_fixed_rules":[],"_customer_tiered_pricing_type":"fixed","_customer_tiered_pricing_fixed_rules":[],"_shop_manager_tiered_pricing_type":"fixed","_shop_manager_tiered_pricing_fixed_rules":[],"_links":{"self":[{"href":"https:\/\/roel.testarcane.com\/fr\/wp-json\/wp\/v2\/product\/3202"}],"collection":[{"href":"https:\/\/roel.testarcane.com\/fr\/wp-json\/wp\/v2\/product"}],"about":[{"href":"https:\/\/roel.testarcane.com\/fr\/wp-json\/wp\/v2\/types\/product"}],"replies":[{"embeddable":true,"href":"https:\/\/roel.testarcane.com\/fr\/wp-json\/wp\/v2\/comments?post=3202"}],"wp:featuredmedia":[{"embeddable":true,"href":"https:\/\/roel.testarcane.com\/fr\/wp-json\/wp\/v2\/media\/1975"}],"wp:attachment":[{"href":"https:\/\/roel.testarcane.com\/fr\/wp-json\/wp\/v2\/media?parent=3202"}],"wp:term":[{"taxonomy":"product_cat","embeddable":true,"href":"https:\/\/roel.testarcane.com\/fr\/wp-json\/wp\/v2\/product_cat?post=3202"},{"taxonomy":"product_tag","embeddable":true,"href":"https:\/\/roel.testarcane.com\/fr\/wp-json\/wp\/v2\/product_tag?post=3202"}],"curies":[{"name":"wp","href":"https:\/\/api.w.org\/{rel}","templated":true}]}}